{"id":51605,"date":"2026-03-12T17:01:14","date_gmt":"2026-03-12T17:01:14","guid":{"rendered":"https:\/\/blackstonegriddles.ca\/?post_type=product&#038;p=51605"},"modified":"2026-04-22T16:11:04","modified_gmt":"2026-04-22T16:11:04","slug":"blackstone-accessory-rail-bar-system-accessory-kit","status":"publish","type":"product","link":"https:\/\/blackstonegriddles.ca\/fr\/product\/blackstone-accessory-rail-bar-system-accessory-kit\/","title":{"rendered":"Kit d'accessoires pour le syst\u00e8me Blackstone Accessory Rail (BAR)"},"content":{"rendered":"<div class=\"sc-tafSX ePbmtR pf-55_ pf-r pf-r-eh\" data-pf-type=\"Row\">\n<div class=\"pf-c\">\n<div class=\"sc-pKreJ bIaXH pf-56_\" data-pf-type=\"Column\">\n<div class=\"sc-gRtvfn YJaia pf-60_\" data-pf-type=\"Custom.HTML\">\n<ul data-start=\"829\" data-end=\"887\">\n<li data-section-id=\"1txnnor\" data-start=\"674\" data-end=\"782\"><strong data-start=\"676\" data-end=\"713\">Kit d'accessoires complet pour syst\u00e8me BAR<\/strong><br data-start=\"713\" data-end=\"716\" \/>Am\u00e9liore l'organisation et l'accessibilit\u00e9 de votre installation de cuisine<\/li>\n<li data-section-id=\"hadbln\" data-start=\"784\" data-end=\"1033\"><strong data-start=\"786\" data-end=\"805\">Comprend (Qt\u00e9.)<\/strong>\n<ul data-start=\"810\" data-end=\"1033\">\n<li data-section-id=\"44hi2m\" data-start=\"810\" data-end=\"856\">Enceinte sans fil et support de t\u00e9l\u00e9phone (Qt\u00e9. 1)<\/li>\n<li data-section-id=\"emr1z8\" data-start=\"859\" data-end=\"902\">Thermom\u00e8tre num\u00e9rique \u00e0 double sonde (Qt\u00e9 1)<\/li>\n<li data-section-id=\"8peuw0\" data-start=\"905\" data-end=\"924\">Panier (Qt\u00e9 1)<\/li>\n<li data-section-id=\"9e9rn8\" data-start=\"927\" data-end=\"950\">Porte-gobelet (Qt\u00e9. 1)<\/li>\n<li data-section-id=\"1dunnec\" data-start=\"953\" data-end=\"980\">\u00c9tag\u00e8re \u00e0 assaisonnements (Qt\u00e9. 1)<\/li>\n<li data-section-id=\"7t5chs\" data-start=\"983\" data-end=\"1006\">Crochets pour outils (Qt\u00e9. 3)<\/li>\n<li data-section-id=\"2j1ncq\" data-start=\"1009\" data-end=\"1033\">Graisseur de porte (Qt\u00e9. 1)<\/li>\n<\/ul>\n<\/li>\n<li data-section-id=\"1wygum4\" data-start=\"1035\" data-end=\"1126\"><strong data-start=\"1037\" data-end=\"1062\">Organisation am\u00e9lior\u00e9e<\/strong><br data-start=\"1062\" data-end=\"1065\" \/>Garde les outils, les ingr\u00e9dients et les accessoires bien rang\u00e9s<\/li>\n<li data-section-id=\"yz29b2\" data-start=\"1128\" data-end=\"1228\"><strong data-start=\"1130\" data-end=\"1160\">Compatible avec le syst\u00e8me BAR<\/strong><br data-start=\"1160\" data-end=\"1163\" \/>Con\u00e7u pour les plaques Blackstone \u00e9quip\u00e9es du syst\u00e8me BAR<\/li>\n<\/ul>\n<\/div>\n<\/div>\n<\/div>\n<\/div>","protected":false},"excerpt":{"rendered":"<p data-start=\"183\" data-end=\"468\">Compl\u00e9tez votre cuisine d'ext\u00e9rieur avec le kit d'accessoires du syst\u00e8me de rail d'accessoires Blackstone (BAR). Con\u00e7u pour am\u00e9liorer l'organisation et l'accessibilit\u00e9, ce kit garde vos outils essentiels, assaisonnements et accessoires \u00e0 port\u00e9e de main, vous permettant de cuisiner efficacement du d\u00e9but \u00e0 la fin.<\/p>\n<p data-start=\"470\" data-end=\"646\">Que vous pr\u00e9pariez le petit-d\u00e9jeuner, le d\u00e9jeuner ou le d\u00eener, ce kit vous aide \u00e0 cr\u00e9er un espace de travail plus rationalis\u00e9 et fonctionnel, rendant votre exp\u00e9rience culinaire globale plus pratique.<\/p>","protected":false},"featured_media":51606,"template":"","meta":[],"product_brand":[],"product_cat":[138,262],"product_tag":[],"class_list":{"0":"post-51605","1":"product","2":"type-product","3":"status-publish","4":"has-post-thumbnail","6":"product_cat-accessories","7":"product_cat-tool-kits","9":"first","10":"instock","11":"taxable","12":"shipping-taxable","13":"purchasable","14":"product-type-simple"},"yoast_head":"<!-- This site is optimized with the Yoast SEO plugin v27.4 - https:\/\/yoast.com\/product\/yoast-seo-wordpress\/ -->\n<title>Blackstone Accessory Rail (BAR) System Accessory Kit - Blackstone Griddles<\/title>\n<meta name=\"robots\" content=\"index, follow, max-snippet:-1, max-image-preview:large, max-video-preview:-1\" \/>\n<link rel=\"canonical\" href=\"https:\/\/blackstonegriddles.ca\/fr\/produit\/blackstone-accessory-rail-bar-system-accessory-kit\/\" \/>\n<meta property=\"og:locale\" content=\"fr_CA\" \/>\n<meta property=\"og:type\" content=\"article\" \/>\n<meta property=\"og:title\" content=\"Blackstone Accessory Rail (BAR) System Accessory Kit - Blackstone Griddles\" \/>\n<meta property=\"og:description\" content=\"Complete your outdoor cooking setup with the Blackstone Accessory Rail (BAR) System Accessory Kit. Designed to improve organization and accessibility, this kit keeps your essential tools, seasonings, and accessories within easy reach\u2014so you can cook efficiently from start to finish. Whether you&#039;re preparing breakfast, lunch, or dinner, this kit helps create a more streamlined and functional workspace, making your overall cooking experience more convenient.\" \/>\n<meta property=\"og:url\" content=\"https:\/\/blackstonegriddles.ca\/fr\/produit\/blackstone-accessory-rail-bar-system-accessory-kit\/\" \/>\n<meta property=\"og:site_name\" content=\"Blackstone Griddles\" \/>\n<meta property=\"article:publisher\" content=\"https:\/\/www.facebook.com\/blackstoneproducts\/\" \/>\n<meta property=\"article:modified_time\" content=\"2026-04-22T16:11:04+00:00\" \/>\n<meta property=\"og:image\" content=\"https:\/\/blackstonegriddles.ca\/wp-content\/uploads\/2026\/03\/6195.png\" \/>\n\t<meta property=\"og:image:width\" content=\"618\" \/>\n\t<meta property=\"og:image:height\" content=\"593\" \/>\n\t<meta property=\"og:image:type\" content=\"image\/png\" \/>\n<meta name=\"twitter:card\" content=\"summary_large_image\" \/>\n<meta name=\"twitter:site\" content=\"@weareblackstone\" \/>\n<meta name=\"twitter:label1\" content=\"Estimation du temps de lecture\" \/>\n\t<meta name=\"twitter:data1\" content=\"1 minute\" \/>\n<script type=\"application\/ld+json\" class=\"yoast-schema-graph\">{\"@context\":\"https:\\\/\\\/schema.org\",\"@graph\":[{\"@type\":\"WebPage\",\"@id\":\"https:\\\/\\\/blackstonegriddles.ca\\\/product\\\/blackstone-accessory-rail-bar-system-accessory-kit\\\/\",\"url\":\"https:\\\/\\\/blackstonegriddles.ca\\\/product\\\/blackstone-accessory-rail-bar-system-accessory-kit\\\/\",\"name\":\"Blackstone Accessory Rail (BAR) System Accessory Kit - Blackstone Griddles\",\"isPartOf\":{\"@id\":\"https:\\\/\\\/blackstonegriddles.ca\\\/#website\"},\"primaryImageOfPage\":{\"@id\":\"https:\\\/\\\/blackstonegriddles.ca\\\/product\\\/blackstone-accessory-rail-bar-system-accessory-kit\\\/#primaryimage\"},\"image\":{\"@id\":\"https:\\\/\\\/blackstonegriddles.ca\\\/product\\\/blackstone-accessory-rail-bar-system-accessory-kit\\\/#primaryimage\"},\"thumbnailUrl\":\"https:\\\/\\\/blackstonegriddles.ca\\\/wp-content\\\/uploads\\\/2026\\\/03\\\/6195.png\",\"datePublished\":\"2026-03-12T17:01:14+00:00\",\"dateModified\":\"2026-04-22T16:11:04+00:00\",\"breadcrumb\":{\"@id\":\"https:\\\/\\\/blackstonegriddles.ca\\\/product\\\/blackstone-accessory-rail-bar-system-accessory-kit\\\/#breadcrumb\"},\"inLanguage\":\"fr-CA\",\"potentialAction\":[{\"@type\":\"ReadAction\",\"target\":[\"https:\\\/\\\/blackstonegriddles.ca\\\/product\\\/blackstone-accessory-rail-bar-system-accessory-kit\\\/\"]}]},{\"@type\":\"ImageObject\",\"inLanguage\":\"fr-CA\",\"@id\":\"https:\\\/\\\/blackstonegriddles.ca\\\/product\\\/blackstone-accessory-rail-bar-system-accessory-kit\\\/#primaryimage\",\"url\":\"https:\\\/\\\/blackstonegriddles.ca\\\/wp-content\\\/uploads\\\/2026\\\/03\\\/6195.png\",\"contentUrl\":\"https:\\\/\\\/blackstonegriddles.ca\\\/wp-content\\\/uploads\\\/2026\\\/03\\\/6195.png\",\"width\":618,\"height\":593},{\"@type\":\"BreadcrumbList\",\"@id\":\"https:\\\/\\\/blackstonegriddles.ca\\\/product\\\/blackstone-accessory-rail-bar-system-accessory-kit\\\/#breadcrumb\",\"itemListElement\":[{\"@type\":\"ListItem\",\"position\":1,\"name\":\"Home\",\"item\":\"https:\\\/\\\/blackstonegriddles.ca\\\/\"},{\"@type\":\"ListItem\",\"position\":2,\"name\":\"Shop\",\"item\":\"https:\\\/\\\/blackstonegriddles.ca\\\/shop\\\/\"},{\"@type\":\"ListItem\",\"position\":3,\"name\":\"Blackstone Accessory Rail (BAR) System Accessory Kit\"}]},{\"@type\":\"WebSite\",\"@id\":\"https:\\\/\\\/blackstonegriddles.ca\\\/#website\",\"url\":\"https:\\\/\\\/blackstonegriddles.ca\\\/\",\"name\":\"Blackstone Griddles Canada\",\"description\":\"Blackstone Griddles official licensed dealer Canada\",\"publisher\":{\"@id\":\"https:\\\/\\\/blackstonegriddles.ca\\\/#organization\"},\"potentialAction\":[{\"@type\":\"SearchAction\",\"target\":{\"@type\":\"EntryPoint\",\"urlTemplate\":\"https:\\\/\\\/blackstonegriddles.ca\\\/?s={search_term_string}\"},\"query-input\":{\"@type\":\"PropertyValueSpecification\",\"valueRequired\":true,\"valueName\":\"search_term_string\"}}],\"inLanguage\":\"fr-CA\"},{\"@type\":\"Organization\",\"@id\":\"https:\\\/\\\/blackstonegriddles.ca\\\/#organization\",\"name\":\"Blackstone Griddles Canada\",\"url\":\"https:\\\/\\\/blackstonegriddles.ca\\\/\",\"logo\":{\"@type\":\"ImageObject\",\"inLanguage\":\"fr-CA\",\"@id\":\"https:\\\/\\\/blackstonegriddles.ca\\\/#\\\/schema\\\/logo\\\/image\\\/\",\"url\":\"https:\\\/\\\/blackstonegriddles.ca\\\/wp-content\\\/uploads\\\/2025\\\/02\\\/blackstone-fire-logo.webp\",\"contentUrl\":\"https:\\\/\\\/blackstonegriddles.ca\\\/wp-content\\\/uploads\\\/2025\\\/02\\\/blackstone-fire-logo.webp\",\"width\":53,\"height\":58,\"caption\":\"Blackstone Griddles Canada\"},\"image\":{\"@id\":\"https:\\\/\\\/blackstonegriddles.ca\\\/#\\\/schema\\\/logo\\\/image\\\/\"},\"sameAs\":[\"https:\\\/\\\/www.facebook.com\\\/blackstoneproducts\\\/\",\"https:\\\/\\\/x.com\\\/weareblackstone\",\"https:\\\/\\\/www.instagram.com\\\/blackstoneproducts\\\/\",\"https:\\\/\\\/www.youtube.com\\\/channel\\\/UCr39rimir8y3p-q1iQYidVA\"]}]}<\/script>\n<!-- \/ Yoast SEO plugin. -->","yoast_head_json":{"title":"Blackstone Accessory Rail (BAR) System Accessory Kit - Blackstone Griddles","robots":{"index":"index","follow":"follow","max-snippet":"max-snippet:-1","max-image-preview":"max-image-preview:large","max-video-preview":"max-video-preview:-1"},"canonical":"https:\/\/blackstonegriddles.ca\/fr\/produit\/blackstone-accessory-rail-bar-system-accessory-kit\/","og_locale":"fr_CA","og_type":"article","og_title":"Blackstone Accessory Rail (BAR) System Accessory Kit - Blackstone Griddles","og_description":"Complete your outdoor cooking setup with the Blackstone Accessory Rail (BAR) System Accessory Kit. Designed to improve organization and accessibility, this kit keeps your essential tools, seasonings, and accessories within easy reach\u2014so you can cook efficiently from start to finish. Whether you're preparing breakfast, lunch, or dinner, this kit helps create a more streamlined and functional workspace, making your overall cooking experience more convenient.","og_url":"https:\/\/blackstonegriddles.ca\/fr\/produit\/blackstone-accessory-rail-bar-system-accessory-kit\/","og_site_name":"Blackstone Griddles","article_publisher":"https:\/\/www.facebook.com\/blackstoneproducts\/","article_modified_time":"2026-04-22T16:11:04+00:00","og_image":[{"width":618,"height":593,"url":"https:\/\/blackstonegriddles.ca\/wp-content\/uploads\/2026\/03\/6195.png","type":"image\/png"}],"twitter_card":"summary_large_image","twitter_site":"@weareblackstone","twitter_misc":{"Estimation du temps de lecture":"1 minute"},"schema":{"@context":"https:\/\/schema.org","@graph":[{"@type":"WebPage","@id":"https:\/\/blackstonegriddles.ca\/product\/blackstone-accessory-rail-bar-system-accessory-kit\/","url":"https:\/\/blackstonegriddles.ca\/product\/blackstone-accessory-rail-bar-system-accessory-kit\/","name":"Blackstone Accessory Rail (BAR) System Accessory Kit - Blackstone Griddles","isPartOf":{"@id":"https:\/\/blackstonegriddles.ca\/#website"},"primaryImageOfPage":{"@id":"https:\/\/blackstonegriddles.ca\/product\/blackstone-accessory-rail-bar-system-accessory-kit\/#primaryimage"},"image":{"@id":"https:\/\/blackstonegriddles.ca\/product\/blackstone-accessory-rail-bar-system-accessory-kit\/#primaryimage"},"thumbnailUrl":"https:\/\/blackstonegriddles.ca\/wp-content\/uploads\/2026\/03\/6195.png","datePublished":"2026-03-12T17:01:14+00:00","dateModified":"2026-04-22T16:11:04+00:00","breadcrumb":{"@id":"https:\/\/blackstonegriddles.ca\/product\/blackstone-accessory-rail-bar-system-accessory-kit\/#breadcrumb"},"inLanguage":"fr-CA","potentialAction":[{"@type":"ReadAction","target":["https:\/\/blackstonegriddles.ca\/product\/blackstone-accessory-rail-bar-system-accessory-kit\/"]}]},{"@type":"ImageObject","inLanguage":"fr-CA","@id":"https:\/\/blackstonegriddles.ca\/product\/blackstone-accessory-rail-bar-system-accessory-kit\/#primaryimage","url":"https:\/\/blackstonegriddles.ca\/wp-content\/uploads\/2026\/03\/6195.png","contentUrl":"https:\/\/blackstonegriddles.ca\/wp-content\/uploads\/2026\/03\/6195.png","width":618,"height":593},{"@type":"BreadcrumbList","@id":"https:\/\/blackstonegriddles.ca\/product\/blackstone-accessory-rail-bar-system-accessory-kit\/#breadcrumb","itemListElement":[{"@type":"ListItem","position":1,"name":"Home","item":"https:\/\/blackstonegriddles.ca\/"},{"@type":"ListItem","position":2,"name":"Shop","item":"https:\/\/blackstonegriddles.ca\/shop\/"},{"@type":"ListItem","position":3,"name":"Blackstone Accessory Rail (BAR) System Accessory Kit"}]},{"@type":"WebSite","@id":"https:\/\/blackstonegriddles.ca\/#website","url":"https:\/\/blackstonegriddles.ca\/","name":"Grils Blackstone Canada","description":"Blackstone Griddles distributeur officiel agr\u00e9\u00e9 Canada","publisher":{"@id":"https:\/\/blackstonegriddles.ca\/#organization"},"potentialAction":[{"@type":"SearchAction","target":{"@type":"EntryPoint","urlTemplate":"https:\/\/blackstonegriddles.ca\/?s={search_term_string}"},"query-input":{"@type":"PropertyValueSpecification","valueRequired":true,"valueName":"search_term_string"}}],"inLanguage":"fr-CA"},{"@type":"Organization","@id":"https:\/\/blackstonegriddles.ca\/#organization","name":"Grils Blackstone Canada","url":"https:\/\/blackstonegriddles.ca\/","logo":{"@type":"ImageObject","inLanguage":"fr-CA","@id":"https:\/\/blackstonegriddles.ca\/#\/schema\/logo\/image\/","url":"https:\/\/blackstonegriddles.ca\/wp-content\/uploads\/2025\/02\/blackstone-fire-logo.webp","contentUrl":"https:\/\/blackstonegriddles.ca\/wp-content\/uploads\/2025\/02\/blackstone-fire-logo.webp","width":53,"height":58,"caption":"Blackstone Griddles Canada"},"image":{"@id":"https:\/\/blackstonegriddles.ca\/#\/schema\/logo\/image\/"},"sameAs":["https:\/\/www.facebook.com\/blackstoneproducts\/","https:\/\/x.com\/weareblackstone","https:\/\/www.instagram.com\/blackstoneproducts\/","https:\/\/www.youtube.com\/channel\/UCr39rimir8y3p-q1iQYidVA"]}]}},"_links":{"self":[{"href":"https:\/\/blackstonegriddles.ca\/fr\/wp-json\/wp\/v2\/product\/51605","targetHints":{"allow":["GET"]}}],"collection":[{"href":"https:\/\/blackstonegriddles.ca\/fr\/wp-json\/wp\/v2\/product"}],"about":[{"href":"https:\/\/blackstonegriddles.ca\/fr\/wp-json\/wp\/v2\/types\/product"}],"wp:featuredmedia":[{"embeddable":true,"href":"https:\/\/blackstonegriddles.ca\/fr\/wp-json\/wp\/v2\/media\/51606"}],"wp:attachment":[{"href":"https:\/\/blackstonegriddles.ca\/fr\/wp-json\/wp\/v2\/media?parent=51605"}],"wp:term":[{"taxonomy":"product_brand","embeddable":true,"href":"https:\/\/blackstonegriddles.ca\/fr\/wp-json\/wp\/v2\/product_brand?post=51605"},{"taxonomy":"product_cat","embeddable":true,"href":"https:\/\/blackstonegriddles.ca\/fr\/wp-json\/wp\/v2\/product_cat?post=51605"},{"taxonomy":"product_tag","embeddable":true,"href":"https:\/\/blackstonegriddles.ca\/fr\/wp-json\/wp\/v2\/product_tag?post=51605"}],"curies":[{"name":"wp","href":"https:\/\/api.w.org\/{rel}","templated":true}]}}