{"id":51607,"date":"2026-03-12T17:02:19","date_gmt":"2026-03-12T17:02:19","guid":{"rendered":"https:\/\/blackstonegriddles.ca\/?post_type=product&#038;p=51607"},"modified":"2026-03-12T17:02:19","modified_gmt":"2026-03-12T17:02:19","slug":"kit-de-nettoyage-blackstone-iron-forged","status":"publish","type":"product","link":"https:\/\/blackstonegriddles.ca\/fr\/product\/blackstone-iron-forged-cleaning-kit\/","title":{"rendered":"Kit de nettoyage Blackstone Iron Forged"},"content":{"rendered":"<ul class=\"features-specs-list\">\n<li class=\"acumin\">Le kit comprend des tampons \u00e0 r\u00e9curer (Qt\u00e9 3) et une poign\u00e9e pour les tampons \u00e0 r\u00e9curer (Qt\u00e9 1), des briques de nettoyage (Qt\u00e9 2) et une poign\u00e9e pour les briques de nettoyage (Qt\u00e9 1), une bouteille de 32 oz (Qt\u00e9 1), un grattoir (Qt\u00e9 1) et un tablier (Qt\u00e9 1).<\/li>\n<li class=\"acumin\">Les outils peuvent \u00eatre lav\u00e9s au lave-vaisselle (le panier sup\u00e9rieur est recommand\u00e9).<\/li>\n<li class=\"acumin\">Garantie limit\u00e9e d'un an.<\/li>\n<\/ul>","protected":false},"excerpt":{"rendered":"<p>Gardez votre plaque de cuisson propre avec le kit de nettoyage Blackstone Iron Forged. Le kit comprend une poign\u00e9e avec trois tampons pour \u00e9liminer les d\u00e9bris et autres r\u00e9sidus, ainsi qu'une poign\u00e9e et deux briques de nettoyage, con\u00e7ues pour s'attaquer aux aliments cuits les plus coriaces. Avec le grattoir, la bouteille de 32 oz et le tablier, vous serez pr\u00eat \u00e0 faire face aux d\u00e9g\u00e2ts les plus importants !<\/p>","protected":false},"featured_media":51608,"template":"","meta":[],"product_brand":[],"product_cat":[138,263],"product_tag":[],"class_list":{"0":"post-51607","1":"product","2":"type-product","3":"status-publish","4":"has-post-thumbnail","6":"product_cat-accessories","7":"product_cat-conditioners-cleaning","9":"first","10":"outofstock","11":"taxable","12":"shipping-taxable","13":"purchasable","14":"product-type-simple"},"yoast_head":"<!-- This site is optimized with the Yoast SEO plugin v27.3 - https:\/\/yoast.com\/product\/yoast-seo-wordpress\/ -->\n<title>Blackstone Iron Forged Cleaning Kit - Blackstone Griddles<\/title>\n<meta name=\"robots\" content=\"index, follow, max-snippet:-1, max-image-preview:large, max-video-preview:-1\" \/>\n<link rel=\"canonical\" href=\"https:\/\/blackstonegriddles.ca\/fr\/produit\/kit-de-nettoyage-blackstone-iron-forged\/\" \/>\n<meta property=\"og:locale\" content=\"fr_CA\" \/>\n<meta property=\"og:type\" content=\"article\" \/>\n<meta property=\"og:title\" content=\"Blackstone Iron Forged Cleaning Kit - Blackstone Griddles\" \/>\n<meta property=\"og:description\" content=\"Keep your griddle top clean with the Blackstone Iron Forged Cleaning Kit. The kit includes a scrub pad handle with three scrub pads to remove debris and other residue, and a cleaning brick handle and two cleaning bricks, designed to tackle even the toughest cooked-on food. With the griddle scraper, 32 oz squeeze bottle, and apron, you\u2019ll be ready to take on even the toughest messes!\" \/>\n<meta property=\"og:url\" content=\"https:\/\/blackstonegriddles.ca\/fr\/produit\/kit-de-nettoyage-blackstone-iron-forged\/\" \/>\n<meta property=\"og:site_name\" content=\"Blackstone Griddles\" \/>\n<meta property=\"article:publisher\" content=\"https:\/\/www.facebook.com\/blackstoneproducts\/\" \/>\n<meta property=\"og:image\" content=\"https:\/\/blackstonegriddles.ca\/wp-content\/uploads\/2026\/03\/5990.png\" \/>\n\t<meta property=\"og:image:width\" content=\"589\" \/>\n\t<meta property=\"og:image:height\" content=\"513\" \/>\n\t<meta property=\"og:image:type\" content=\"image\/png\" \/>\n<meta name=\"twitter:card\" content=\"summary_large_image\" \/>\n<meta name=\"twitter:site\" content=\"@weareblackstone\" \/>\n<meta name=\"twitter:label1\" content=\"Estimation du temps de lecture\" \/>\n\t<meta name=\"twitter:data1\" content=\"1 minute\" \/>\n<script type=\"application\/ld+json\" class=\"yoast-schema-graph\">{\"@context\":\"https:\\\/\\\/schema.org\",\"@graph\":[{\"@type\":\"WebPage\",\"@id\":\"https:\\\/\\\/blackstonegriddles.ca\\\/product\\\/blackstone-iron-forged-cleaning-kit\\\/\",\"url\":\"https:\\\/\\\/blackstonegriddles.ca\\\/product\\\/blackstone-iron-forged-cleaning-kit\\\/\",\"name\":\"Blackstone Iron Forged Cleaning Kit - Blackstone Griddles\",\"isPartOf\":{\"@id\":\"https:\\\/\\\/blackstonegriddles.ca\\\/#website\"},\"primaryImageOfPage\":{\"@id\":\"https:\\\/\\\/blackstonegriddles.ca\\\/product\\\/blackstone-iron-forged-cleaning-kit\\\/#primaryimage\"},\"image\":{\"@id\":\"https:\\\/\\\/blackstonegriddles.ca\\\/product\\\/blackstone-iron-forged-cleaning-kit\\\/#primaryimage\"},\"thumbnailUrl\":\"https:\\\/\\\/blackstonegriddles.ca\\\/wp-content\\\/uploads\\\/2026\\\/03\\\/5990.png\",\"datePublished\":\"2026-03-12T17:02:19+00:00\",\"breadcrumb\":{\"@id\":\"https:\\\/\\\/blackstonegriddles.ca\\\/product\\\/blackstone-iron-forged-cleaning-kit\\\/#breadcrumb\"},\"inLanguage\":\"fr-CA\",\"potentialAction\":[{\"@type\":\"ReadAction\",\"target\":[\"https:\\\/\\\/blackstonegriddles.ca\\\/product\\\/blackstone-iron-forged-cleaning-kit\\\/\"]}]},{\"@type\":\"ImageObject\",\"inLanguage\":\"fr-CA\",\"@id\":\"https:\\\/\\\/blackstonegriddles.ca\\\/product\\\/blackstone-iron-forged-cleaning-kit\\\/#primaryimage\",\"url\":\"https:\\\/\\\/blackstonegriddles.ca\\\/wp-content\\\/uploads\\\/2026\\\/03\\\/5990.png\",\"contentUrl\":\"https:\\\/\\\/blackstonegriddles.ca\\\/wp-content\\\/uploads\\\/2026\\\/03\\\/5990.png\",\"width\":589,\"height\":513},{\"@type\":\"BreadcrumbList\",\"@id\":\"https:\\\/\\\/blackstonegriddles.ca\\\/product\\\/blackstone-iron-forged-cleaning-kit\\\/#breadcrumb\",\"itemListElement\":[{\"@type\":\"ListItem\",\"position\":1,\"name\":\"Home\",\"item\":\"https:\\\/\\\/blackstonegriddles.ca\\\/\"},{\"@type\":\"ListItem\",\"position\":2,\"name\":\"Shop\",\"item\":\"https:\\\/\\\/blackstonegriddles.ca\\\/shop\\\/\"},{\"@type\":\"ListItem\",\"position\":3,\"name\":\"Blackstone Iron Forged Cleaning Kit\"}]},{\"@type\":\"WebSite\",\"@id\":\"https:\\\/\\\/blackstonegriddles.ca\\\/#website\",\"url\":\"https:\\\/\\\/blackstonegriddles.ca\\\/\",\"name\":\"Blackstone Griddles Canada\",\"description\":\"Blackstone Griddles official licensed dealer Canada\",\"publisher\":{\"@id\":\"https:\\\/\\\/blackstonegriddles.ca\\\/#organization\"},\"potentialAction\":[{\"@type\":\"SearchAction\",\"target\":{\"@type\":\"EntryPoint\",\"urlTemplate\":\"https:\\\/\\\/blackstonegriddles.ca\\\/?s={search_term_string}\"},\"query-input\":{\"@type\":\"PropertyValueSpecification\",\"valueRequired\":true,\"valueName\":\"search_term_string\"}}],\"inLanguage\":\"fr-CA\"},{\"@type\":\"Organization\",\"@id\":\"https:\\\/\\\/blackstonegriddles.ca\\\/#organization\",\"name\":\"Blackstone Griddles Canada\",\"url\":\"https:\\\/\\\/blackstonegriddles.ca\\\/\",\"logo\":{\"@type\":\"ImageObject\",\"inLanguage\":\"fr-CA\",\"@id\":\"https:\\\/\\\/blackstonegriddles.ca\\\/#\\\/schema\\\/logo\\\/image\\\/\",\"url\":\"https:\\\/\\\/blackstonegriddles.ca\\\/wp-content\\\/uploads\\\/2025\\\/02\\\/blackstone-fire-logo.webp\",\"contentUrl\":\"https:\\\/\\\/blackstonegriddles.ca\\\/wp-content\\\/uploads\\\/2025\\\/02\\\/blackstone-fire-logo.webp\",\"width\":53,\"height\":58,\"caption\":\"Blackstone Griddles Canada\"},\"image\":{\"@id\":\"https:\\\/\\\/blackstonegriddles.ca\\\/#\\\/schema\\\/logo\\\/image\\\/\"},\"sameAs\":[\"https:\\\/\\\/www.facebook.com\\\/blackstoneproducts\\\/\",\"https:\\\/\\\/x.com\\\/weareblackstone\",\"https:\\\/\\\/www.instagram.com\\\/blackstoneproducts\\\/\",\"https:\\\/\\\/www.youtube.com\\\/channel\\\/UCr39rimir8y3p-q1iQYidVA\"]}]}<\/script>\n<!-- \/ Yoast SEO plugin. -->","yoast_head_json":{"title":"Kit de nettoyage Blackstone Iron Forged - Blackstone Griddles","robots":{"index":"index","follow":"follow","max-snippet":"max-snippet:-1","max-image-preview":"max-image-preview:large","max-video-preview":"max-video-preview:-1"},"canonical":"https:\/\/blackstonegriddles.ca\/fr\/produit\/kit-de-nettoyage-blackstone-iron-forged\/","og_locale":"fr_CA","og_type":"article","og_title":"Blackstone Iron Forged Cleaning Kit - Blackstone Griddles","og_description":"Keep your griddle top clean with the Blackstone Iron Forged Cleaning Kit. The kit includes a scrub pad handle with three scrub pads to remove debris and other residue, and a cleaning brick handle and two cleaning bricks, designed to tackle even the toughest cooked-on food. With the griddle scraper, 32 oz squeeze bottle, and apron, you\u2019ll be ready to take on even the toughest messes!","og_url":"https:\/\/blackstonegriddles.ca\/fr\/produit\/kit-de-nettoyage-blackstone-iron-forged\/","og_site_name":"Blackstone Griddles","article_publisher":"https:\/\/www.facebook.com\/blackstoneproducts\/","og_image":[{"width":589,"height":513,"url":"https:\/\/blackstonegriddles.ca\/wp-content\/uploads\/2026\/03\/5990.png","type":"image\/png"}],"twitter_card":"summary_large_image","twitter_site":"@weareblackstone","twitter_misc":{"Estimation du temps de lecture":"1 minute"},"schema":{"@context":"https:\/\/schema.org","@graph":[{"@type":"WebPage","@id":"https:\/\/blackstonegriddles.ca\/product\/blackstone-iron-forged-cleaning-kit\/","url":"https:\/\/blackstonegriddles.ca\/product\/blackstone-iron-forged-cleaning-kit\/","name":"Kit de nettoyage Blackstone Iron Forged - Blackstone Griddles","isPartOf":{"@id":"https:\/\/blackstonegriddles.ca\/#website"},"primaryImageOfPage":{"@id":"https:\/\/blackstonegriddles.ca\/product\/blackstone-iron-forged-cleaning-kit\/#primaryimage"},"image":{"@id":"https:\/\/blackstonegriddles.ca\/product\/blackstone-iron-forged-cleaning-kit\/#primaryimage"},"thumbnailUrl":"https:\/\/blackstonegriddles.ca\/wp-content\/uploads\/2026\/03\/5990.png","datePublished":"2026-03-12T17:02:19+00:00","breadcrumb":{"@id":"https:\/\/blackstonegriddles.ca\/product\/blackstone-iron-forged-cleaning-kit\/#breadcrumb"},"inLanguage":"fr-CA","potentialAction":[{"@type":"ReadAction","target":["https:\/\/blackstonegriddles.ca\/product\/blackstone-iron-forged-cleaning-kit\/"]}]},{"@type":"ImageObject","inLanguage":"fr-CA","@id":"https:\/\/blackstonegriddles.ca\/product\/blackstone-iron-forged-cleaning-kit\/#primaryimage","url":"https:\/\/blackstonegriddles.ca\/wp-content\/uploads\/2026\/03\/5990.png","contentUrl":"https:\/\/blackstonegriddles.ca\/wp-content\/uploads\/2026\/03\/5990.png","width":589,"height":513},{"@type":"BreadcrumbList","@id":"https:\/\/blackstonegriddles.ca\/product\/blackstone-iron-forged-cleaning-kit\/#breadcrumb","itemListElement":[{"@type":"ListItem","position":1,"name":"Home","item":"https:\/\/blackstonegriddles.ca\/"},{"@type":"ListItem","position":2,"name":"Shop","item":"https:\/\/blackstonegriddles.ca\/shop\/"},{"@type":"ListItem","position":3,"name":"Blackstone Iron Forged Cleaning Kit"}]},{"@type":"WebSite","@id":"https:\/\/blackstonegriddles.ca\/#website","url":"https:\/\/blackstonegriddles.ca\/","name":"Grils Blackstone Canada","description":"Blackstone Griddles distributeur officiel agr\u00e9\u00e9 Canada","publisher":{"@id":"https:\/\/blackstonegriddles.ca\/#organization"},"potentialAction":[{"@type":"SearchAction","target":{"@type":"EntryPoint","urlTemplate":"https:\/\/blackstonegriddles.ca\/?s={search_term_string}"},"query-input":{"@type":"PropertyValueSpecification","valueRequired":true,"valueName":"search_term_string"}}],"inLanguage":"fr-CA"},{"@type":"Organization","@id":"https:\/\/blackstonegriddles.ca\/#organization","name":"Grils Blackstone Canada","url":"https:\/\/blackstonegriddles.ca\/","logo":{"@type":"ImageObject","inLanguage":"fr-CA","@id":"https:\/\/blackstonegriddles.ca\/#\/schema\/logo\/image\/","url":"https:\/\/blackstonegriddles.ca\/wp-content\/uploads\/2025\/02\/blackstone-fire-logo.webp","contentUrl":"https:\/\/blackstonegriddles.ca\/wp-content\/uploads\/2025\/02\/blackstone-fire-logo.webp","width":53,"height":58,"caption":"Blackstone Griddles Canada"},"image":{"@id":"https:\/\/blackstonegriddles.ca\/#\/schema\/logo\/image\/"},"sameAs":["https:\/\/www.facebook.com\/blackstoneproducts\/","https:\/\/x.com\/weareblackstone","https:\/\/www.instagram.com\/blackstoneproducts\/","https:\/\/www.youtube.com\/channel\/UCr39rimir8y3p-q1iQYidVA"]}]}},"_links":{"self":[{"href":"https:\/\/blackstonegriddles.ca\/fr\/wp-json\/wp\/v2\/product\/51607","targetHints":{"allow":["GET"]}}],"collection":[{"href":"https:\/\/blackstonegriddles.ca\/fr\/wp-json\/wp\/v2\/product"}],"about":[{"href":"https:\/\/blackstonegriddles.ca\/fr\/wp-json\/wp\/v2\/types\/product"}],"wp:featuredmedia":[{"embeddable":true,"href":"https:\/\/blackstonegriddles.ca\/fr\/wp-json\/wp\/v2\/media\/51608"}],"wp:attachment":[{"href":"https:\/\/blackstonegriddles.ca\/fr\/wp-json\/wp\/v2\/media?parent=51607"}],"wp:term":[{"taxonomy":"product_brand","embeddable":true,"href":"https:\/\/blackstonegriddles.ca\/fr\/wp-json\/wp\/v2\/product_brand?post=51607"},{"taxonomy":"product_cat","embeddable":true,"href":"https:\/\/blackstonegriddles.ca\/fr\/wp-json\/wp\/v2\/product_cat?post=51607"},{"taxonomy":"product_tag","embeddable":true,"href":"https:\/\/blackstonegriddles.ca\/fr\/wp-json\/wp\/v2\/product_tag?post=51607"}],"curies":[{"name":"wp","href":"https:\/\/api.w.org\/{rel}","templated":true}]}}