{"id":51609,"date":"2026-03-12T17:03:02","date_gmt":"2026-03-12T17:03:02","guid":{"rendered":"https:\/\/blackstonegriddles.ca\/?post_type=product&#038;p=51609"},"modified":"2026-04-30T20:30:18","modified_gmt":"2026-04-30T20:30:18","slug":"blackstone-otg-portable-cooking-griddle-12-x-14-in-with-side","status":"publish","type":"product","link":"https:\/\/blackstonegriddles.ca\/fr\/product\/blackstone-otg-portable-cooking-griddle-12-x-14-in-with-side\/","title":{"rendered":"Plancha Blackstone 14\u2033 Camping Series au propane avec br\u00fbleur lat\u00e9ral"},"content":{"rendered":"<ul class=\"features-specs-list\">\n<li class=\"acumin\">Plaque de cuisson rev\u00eatue : La surface antiadh\u00e9sive facilite le nettoyage.<\/li>\n<li class=\"acumin\">Zone de chaleur contr\u00f4l\u00e9e ind\u00e9pendamment avec un br\u00fbleur lat\u00e9ral contr\u00f4l\u00e9 ind\u00e9pendamment : Faites cuire vos plats principaux et secondaires et faites chauffer de l'eau ou des sauces simultan\u00e9ment \u00e0 des temp\u00e9ratures diff\u00e9rentes.<\/li>\n<li class=\"acumin\">Verrous s\u00e9curis\u00e9s pour les d\u00e9placements : Le couvercle de la plaque de cuisson reste bien en place.<\/li>\n<li class=\"acumin\">Pieds niveleurs : Ils permettent d'obtenir une surface de cuisson homog\u00e8ne.<\/li>\n<li class=\"acumin\">Gestion de la graisse \u00e0 l'arri\u00e8re : Poussez la graisse et les d\u00e9bris alimentaires vers l'arri\u00e8re de la plaque pour faciliter le nettoyage et rangez facilement le bac \u00e0 graisse pour un transport compact.<\/li>\n<li class=\"acumin\">Compatible avec le syst\u00e8me Propane-Chain : Utilisez le tuyau adaptateur pour cha\u00eene de propane (vendu s\u00e9par\u00e9ment) pour alimenter deux appareils compatibles avec une seule bouteille de propane.<\/li>\n<li class=\"acumin\">Non compatible avec les ustensiles en m\u00e9tal.<\/li>\n<\/ul>","protected":false},"excerpt":{"rendered":"<p>Pr\u00e9parez de bons repas sur le pouce avec la plaque de cuisson OTG 14\u201d avec br\u00fbleur lat\u00e9ral de Blackstone. Le design portable avec un capot et une poign\u00e9e verrouillables rend le transport de cette plancha aussi facile que celui d'un porte-documents. Gr\u00e2ce au br\u00fbleur lat\u00e9ral, vous pouvez faire chauffer de l'eau pour le caf\u00e9 ou le chocolat chaud, ou de la sauce et d'autres sauces, tout en cuisinant vos plats principaux. Des accessoires pratiques, tels que des pieds de nivellement pour aider \u00e0 maintenir votre surface de cuisson plus uniforme, vous permettent d'apporter le go\u00fbt de la cuisine maison avec vous o\u00f9 que vous alliez. Cuisinez n'importe quoi, n'importe quand, n'importe o\u00f9\u00ae avec le gril OTG 14\u201d avec br\u00fbleur lat\u00e9ral.<\/p>","protected":false},"featured_media":51610,"template":"","meta":[],"product_brand":[],"product_cat":[267,154],"product_tag":[],"class_list":{"0":"post-51609","1":"product","2":"type-product","3":"status-publish","4":"has-post-thumbnail","6":"product_cat-camping-series","7":"product_cat-griddles","9":"first","10":"instock","11":"taxable","12":"shipping-taxable","13":"purchasable","14":"product-type-simple"},"yoast_head":"<!-- This site is optimized with the Yoast SEO plugin v27.5 - https:\/\/yoast.com\/product\/yoast-seo-wordpress\/ -->\n<title>Blackstone 14&quot; Camping Series Propane Griddle with Side Burner - Blackstone Griddles<\/title>\n<meta name=\"robots\" content=\"index, follow, max-snippet:-1, max-image-preview:large, max-video-preview:-1\" \/>\n<link rel=\"canonical\" href=\"https:\/\/blackstonegriddles.ca\/fr\/produit\/blackstone-otg-portable-cooking-griddle-12-x-14-in-with-side\/\" \/>\n<meta property=\"og:locale\" content=\"fr_CA\" \/>\n<meta property=\"og:type\" content=\"article\" \/>\n<meta property=\"og:title\" content=\"Blackstone 14&quot; Camping Series Propane Griddle with Side Burner - Blackstone Griddles\" \/>\n<meta property=\"og:description\" content=\"Make great meals on the go with the Blackstone OTG 14\u201d Griddle with Side Burner. The portable design with a latching hood and handle makes carrying this griddle as easy as carrying a briefcase. With the side burner, you can heat up water for coffee or hot chocolate or gravy and other sauces, while cooking your main dishes. Convenient add-ons like leveling feet to help keep your cooking surface more even makes it easy to bring the taste of home cooking with you wherever you go next. Cook Anything, Anytime, Anywhere\u00ae with the OTG 14\u201d Griddle with Side Burner.\" \/>\n<meta property=\"og:url\" content=\"https:\/\/blackstonegriddles.ca\/fr\/produit\/blackstone-otg-portable-cooking-griddle-12-x-14-in-with-side\/\" \/>\n<meta property=\"og:site_name\" content=\"Blackstone Griddles\" \/>\n<meta property=\"article:publisher\" content=\"https:\/\/www.facebook.com\/blackstoneproducts\/\" \/>\n<meta property=\"article:modified_time\" content=\"2026-04-30T20:30:18+00:00\" \/>\n<meta property=\"og:image\" content=\"https:\/\/blackstonegriddles.ca\/wp-content\/uploads\/2026\/03\/2364CA.png\" \/>\n\t<meta property=\"og:image:width\" content=\"576\" \/>\n\t<meta property=\"og:image:height\" content=\"434\" \/>\n\t<meta property=\"og:image:type\" content=\"image\/png\" \/>\n<meta name=\"twitter:card\" content=\"summary_large_image\" \/>\n<meta name=\"twitter:site\" content=\"@weareblackstone\" \/>\n<meta name=\"twitter:label1\" content=\"Estimation du temps de lecture\" \/>\n\t<meta name=\"twitter:data1\" content=\"1 minute\" \/>\n<script type=\"application\/ld+json\" class=\"yoast-schema-graph\">{\"@context\":\"https:\\\/\\\/schema.org\",\"@graph\":[{\"@type\":\"WebPage\",\"@id\":\"https:\\\/\\\/blackstonegriddles.ca\\\/product\\\/blackstone-otg-portable-cooking-griddle-12-x-14-in-with-side\\\/\",\"url\":\"https:\\\/\\\/blackstonegriddles.ca\\\/product\\\/blackstone-otg-portable-cooking-griddle-12-x-14-in-with-side\\\/\",\"name\":\"Blackstone 14\\\" Camping Series Propane Griddle with Side Burner - Blackstone Griddles\",\"isPartOf\":{\"@id\":\"https:\\\/\\\/blackstonegriddles.ca\\\/#website\"},\"primaryImageOfPage\":{\"@id\":\"https:\\\/\\\/blackstonegriddles.ca\\\/product\\\/blackstone-otg-portable-cooking-griddle-12-x-14-in-with-side\\\/#primaryimage\"},\"image\":{\"@id\":\"https:\\\/\\\/blackstonegriddles.ca\\\/product\\\/blackstone-otg-portable-cooking-griddle-12-x-14-in-with-side\\\/#primaryimage\"},\"thumbnailUrl\":\"https:\\\/\\\/blackstonegriddles.ca\\\/wp-content\\\/uploads\\\/2026\\\/03\\\/2364CA.png\",\"datePublished\":\"2026-03-12T17:03:02+00:00\",\"dateModified\":\"2026-04-30T20:30:18+00:00\",\"breadcrumb\":{\"@id\":\"https:\\\/\\\/blackstonegriddles.ca\\\/product\\\/blackstone-otg-portable-cooking-griddle-12-x-14-in-with-side\\\/#breadcrumb\"},\"inLanguage\":\"fr-CA\",\"potentialAction\":[{\"@type\":\"ReadAction\",\"target\":[\"https:\\\/\\\/blackstonegriddles.ca\\\/product\\\/blackstone-otg-portable-cooking-griddle-12-x-14-in-with-side\\\/\"]}]},{\"@type\":\"ImageObject\",\"inLanguage\":\"fr-CA\",\"@id\":\"https:\\\/\\\/blackstonegriddles.ca\\\/product\\\/blackstone-otg-portable-cooking-griddle-12-x-14-in-with-side\\\/#primaryimage\",\"url\":\"https:\\\/\\\/blackstonegriddles.ca\\\/wp-content\\\/uploads\\\/2026\\\/03\\\/2364CA.png\",\"contentUrl\":\"https:\\\/\\\/blackstonegriddles.ca\\\/wp-content\\\/uploads\\\/2026\\\/03\\\/2364CA.png\",\"width\":576,\"height\":434},{\"@type\":\"BreadcrumbList\",\"@id\":\"https:\\\/\\\/blackstonegriddles.ca\\\/product\\\/blackstone-otg-portable-cooking-griddle-12-x-14-in-with-side\\\/#breadcrumb\",\"itemListElement\":[{\"@type\":\"ListItem\",\"position\":1,\"name\":\"Home\",\"item\":\"https:\\\/\\\/blackstonegriddles.ca\\\/\"},{\"@type\":\"ListItem\",\"position\":2,\"name\":\"Shop\",\"item\":\"https:\\\/\\\/blackstonegriddles.ca\\\/shop\\\/\"},{\"@type\":\"ListItem\",\"position\":3,\"name\":\"Blackstone 14&#8243; Camping Series Propane Griddle with Side Burner\"}]},{\"@type\":\"WebSite\",\"@id\":\"https:\\\/\\\/blackstonegriddles.ca\\\/#website\",\"url\":\"https:\\\/\\\/blackstonegriddles.ca\\\/\",\"name\":\"Blackstone Griddles Canada\",\"description\":\"Blackstone Griddles official licensed dealer Canada\",\"publisher\":{\"@id\":\"https:\\\/\\\/blackstonegriddles.ca\\\/#organization\"},\"potentialAction\":[{\"@type\":\"SearchAction\",\"target\":{\"@type\":\"EntryPoint\",\"urlTemplate\":\"https:\\\/\\\/blackstonegriddles.ca\\\/?s={search_term_string}\"},\"query-input\":{\"@type\":\"PropertyValueSpecification\",\"valueRequired\":true,\"valueName\":\"search_term_string\"}}],\"inLanguage\":\"fr-CA\"},{\"@type\":\"Organization\",\"@id\":\"https:\\\/\\\/blackstonegriddles.ca\\\/#organization\",\"name\":\"Blackstone Griddles Canada\",\"url\":\"https:\\\/\\\/blackstonegriddles.ca\\\/\",\"logo\":{\"@type\":\"ImageObject\",\"inLanguage\":\"fr-CA\",\"@id\":\"https:\\\/\\\/blackstonegriddles.ca\\\/#\\\/schema\\\/logo\\\/image\\\/\",\"url\":\"https:\\\/\\\/blackstonegriddles.ca\\\/wp-content\\\/uploads\\\/2025\\\/02\\\/blackstone-fire-logo.webp\",\"contentUrl\":\"https:\\\/\\\/blackstonegriddles.ca\\\/wp-content\\\/uploads\\\/2025\\\/02\\\/blackstone-fire-logo.webp\",\"width\":53,\"height\":58,\"caption\":\"Blackstone Griddles Canada\"},\"image\":{\"@id\":\"https:\\\/\\\/blackstonegriddles.ca\\\/#\\\/schema\\\/logo\\\/image\\\/\"},\"sameAs\":[\"https:\\\/\\\/www.facebook.com\\\/blackstoneproducts\\\/\",\"https:\\\/\\\/x.com\\\/weareblackstone\",\"https:\\\/\\\/www.instagram.com\\\/blackstoneproducts\\\/\",\"https:\\\/\\\/www.youtube.com\\\/channel\\\/UCr39rimir8y3p-q1iQYidVA\"]}]}<\/script>\n<!-- \/ Yoast SEO plugin. -->","yoast_head_json":{"title":"Plancha \u00e0 gaz Blackstone 14\" s\u00e9rie camping avec br\u00fbleur lat\u00e9ral - Planchas Blackstone","robots":{"index":"index","follow":"follow","max-snippet":"max-snippet:-1","max-image-preview":"max-image-preview:large","max-video-preview":"max-video-preview:-1"},"canonical":"https:\/\/blackstonegriddles.ca\/fr\/produit\/blackstone-otg-portable-cooking-griddle-12-x-14-in-with-side\/","og_locale":"fr_CA","og_type":"article","og_title":"Blackstone 14\" Camping Series Propane Griddle with Side Burner - Blackstone Griddles","og_description":"Make great meals on the go with the Blackstone OTG 14\u201d Griddle with Side Burner. The portable design with a latching hood and handle makes carrying this griddle as easy as carrying a briefcase. With the side burner, you can heat up water for coffee or hot chocolate or gravy and other sauces, while cooking your main dishes. Convenient add-ons like leveling feet to help keep your cooking surface more even makes it easy to bring the taste of home cooking with you wherever you go next. Cook Anything, Anytime, Anywhere\u00ae with the OTG 14\u201d Griddle with Side Burner.","og_url":"https:\/\/blackstonegriddles.ca\/fr\/produit\/blackstone-otg-portable-cooking-griddle-12-x-14-in-with-side\/","og_site_name":"Blackstone Griddles","article_publisher":"https:\/\/www.facebook.com\/blackstoneproducts\/","article_modified_time":"2026-04-30T20:30:18+00:00","og_image":[{"width":576,"height":434,"url":"https:\/\/blackstonegriddles.ca\/wp-content\/uploads\/2026\/03\/2364CA.png","type":"image\/png"}],"twitter_card":"summary_large_image","twitter_site":"@weareblackstone","twitter_misc":{"Estimation du temps de lecture":"1 minute"},"schema":{"@context":"https:\/\/schema.org","@graph":[{"@type":"WebPage","@id":"https:\/\/blackstonegriddles.ca\/product\/blackstone-otg-portable-cooking-griddle-12-x-14-in-with-side\/","url":"https:\/\/blackstonegriddles.ca\/product\/blackstone-otg-portable-cooking-griddle-12-x-14-in-with-side\/","name":"Plancha \u00e0 gaz Blackstone 14\" s\u00e9rie camping avec br\u00fbleur lat\u00e9ral - Planchas Blackstone","isPartOf":{"@id":"https:\/\/blackstonegriddles.ca\/#website"},"primaryImageOfPage":{"@id":"https:\/\/blackstonegriddles.ca\/product\/blackstone-otg-portable-cooking-griddle-12-x-14-in-with-side\/#primaryimage"},"image":{"@id":"https:\/\/blackstonegriddles.ca\/product\/blackstone-otg-portable-cooking-griddle-12-x-14-in-with-side\/#primaryimage"},"thumbnailUrl":"https:\/\/blackstonegriddles.ca\/wp-content\/uploads\/2026\/03\/2364CA.png","datePublished":"2026-03-12T17:03:02+00:00","dateModified":"2026-04-30T20:30:18+00:00","breadcrumb":{"@id":"https:\/\/blackstonegriddles.ca\/product\/blackstone-otg-portable-cooking-griddle-12-x-14-in-with-side\/#breadcrumb"},"inLanguage":"fr-CA","potentialAction":[{"@type":"ReadAction","target":["https:\/\/blackstonegriddles.ca\/product\/blackstone-otg-portable-cooking-griddle-12-x-14-in-with-side\/"]}]},{"@type":"ImageObject","inLanguage":"fr-CA","@id":"https:\/\/blackstonegriddles.ca\/product\/blackstone-otg-portable-cooking-griddle-12-x-14-in-with-side\/#primaryimage","url":"https:\/\/blackstonegriddles.ca\/wp-content\/uploads\/2026\/03\/2364CA.png","contentUrl":"https:\/\/blackstonegriddles.ca\/wp-content\/uploads\/2026\/03\/2364CA.png","width":576,"height":434},{"@type":"BreadcrumbList","@id":"https:\/\/blackstonegriddles.ca\/product\/blackstone-otg-portable-cooking-griddle-12-x-14-in-with-side\/#breadcrumb","itemListElement":[{"@type":"ListItem","position":1,"name":"Home","item":"https:\/\/blackstonegriddles.ca\/"},{"@type":"ListItem","position":2,"name":"Shop","item":"https:\/\/blackstonegriddles.ca\/shop\/"},{"@type":"ListItem","position":3,"name":"Blackstone 14&#8243; Camping Series Propane Griddle with Side Burner"}]},{"@type":"WebSite","@id":"https:\/\/blackstonegriddles.ca\/#website","url":"https:\/\/blackstonegriddles.ca\/","name":"Grils Blackstone Canada","description":"Blackstone Griddles distributeur officiel agr\u00e9\u00e9 Canada","publisher":{"@id":"https:\/\/blackstonegriddles.ca\/#organization"},"potentialAction":[{"@type":"SearchAction","target":{"@type":"EntryPoint","urlTemplate":"https:\/\/blackstonegriddles.ca\/?s={search_term_string}"},"query-input":{"@type":"PropertyValueSpecification","valueRequired":true,"valueName":"search_term_string"}}],"inLanguage":"fr-CA"},{"@type":"Organization","@id":"https:\/\/blackstonegriddles.ca\/#organization","name":"Grils Blackstone Canada","url":"https:\/\/blackstonegriddles.ca\/","logo":{"@type":"ImageObject","inLanguage":"fr-CA","@id":"https:\/\/blackstonegriddles.ca\/#\/schema\/logo\/image\/","url":"https:\/\/blackstonegriddles.ca\/wp-content\/uploads\/2025\/02\/blackstone-fire-logo.webp","contentUrl":"https:\/\/blackstonegriddles.ca\/wp-content\/uploads\/2025\/02\/blackstone-fire-logo.webp","width":53,"height":58,"caption":"Blackstone Griddles Canada"},"image":{"@id":"https:\/\/blackstonegriddles.ca\/#\/schema\/logo\/image\/"},"sameAs":["https:\/\/www.facebook.com\/blackstoneproducts\/","https:\/\/x.com\/weareblackstone","https:\/\/www.instagram.com\/blackstoneproducts\/","https:\/\/www.youtube.com\/channel\/UCr39rimir8y3p-q1iQYidVA"]}]}},"_links":{"self":[{"href":"https:\/\/blackstonegriddles.ca\/fr\/wp-json\/wp\/v2\/product\/51609","targetHints":{"allow":["GET"]}}],"collection":[{"href":"https:\/\/blackstonegriddles.ca\/fr\/wp-json\/wp\/v2\/product"}],"about":[{"href":"https:\/\/blackstonegriddles.ca\/fr\/wp-json\/wp\/v2\/types\/product"}],"wp:featuredmedia":[{"embeddable":true,"href":"https:\/\/blackstonegriddles.ca\/fr\/wp-json\/wp\/v2\/media\/51610"}],"wp:attachment":[{"href":"https:\/\/blackstonegriddles.ca\/fr\/wp-json\/wp\/v2\/media?parent=51609"}],"wp:term":[{"taxonomy":"product_brand","embeddable":true,"href":"https:\/\/blackstonegriddles.ca\/fr\/wp-json\/wp\/v2\/product_brand?post=51609"},{"taxonomy":"product_cat","embeddable":true,"href":"https:\/\/blackstonegriddles.ca\/fr\/wp-json\/wp\/v2\/product_cat?post=51609"},{"taxonomy":"product_tag","embeddable":true,"href":"https:\/\/blackstonegriddles.ca\/fr\/wp-json\/wp\/v2\/product_tag?post=51609"}],"curies":[{"name":"wp","href":"https:\/\/api.w.org\/{rel}","templated":true}]}}