{"id":51612,"date":"2026-03-12T17:03:40","date_gmt":"2026-03-12T17:03:40","guid":{"rendered":"https:\/\/blackstonegriddles.ca\/?post_type=product&#038;p=51612"},"modified":"2026-03-12T17:03:40","modified_gmt":"2026-03-12T17:03:40","slug":"blackstone-otg-original-series-camping-griddle-20-l-x-14-w","status":"publish","type":"product","link":"https:\/\/blackstonegriddles.ca\/fr\/product\/blackstone-otg-original-series-camping-griddle-20-l-x-14-w\/","title":{"rendered":"Blackstone OTG Original Series Camping Griddle - 20\u2033 L x 14\u2033 W"},"content":{"rendered":"<ul class=\"list--default product-details__list\">\n<li class=\"product-details__list-item mb-2\">Surface de cuisson de 280 m\u00b2 avec 2 zones de chaleur contr\u00f4l\u00e9es ind\u00e9pendamment et une puissance combin\u00e9e de 13 000 BTU<\/li>\n<li class=\"product-details__list-item mb-2\">Planche \u00e0 griller 20 \"x14\" avec rev\u00eatement c\u00e9ramique en titane pour un nettoyage plus facile<\/li>\n<li class=\"product-details__list-item mb-2\">Conception de table portable avec poign\u00e9e de transport pour les d\u00e9placements<\/li>\n<li class=\"product-details__list-item mb-2\">Le bac \u00e0 graisse arri\u00e8re se range et s'en va, ce qui permet de garder la plaque compacte pour les d\u00e9placements<\/li>\n<li class=\"product-details__list-item mb-2\">Couvercle prot\u00e9geant la surface de la plaque lors du transport ou du stockage, avec des poign\u00e9es en T pour maintenir le couvercle de la plaque bien en place<\/li>\n<li class=\"product-details__list-item mb-2\">Pieds r\u00e9glables pour une surface de cuisson uniforme et allumage par bouton-poussoir pour un d\u00e9marrage facile<\/li>\n<\/ul>","protected":false},"excerpt":{"rendered":"<p>Pr\u00e9parez de bons repas en d\u00e9placement avec cette plaque de cuisson de camping Blackstone Adventure Ready 20\". Cette plaque est con\u00e7ue pour la portabilit\u00e9 avec un capot et une poign\u00e9e qui rendent le transport de cette plaque aussi facile que celui d'un porte-documents. Avec 2 zones de chaleur ind\u00e9pendantes, une puissance combin\u00e9e de 13 000 BTU et un espace de cuisson de 280 pouces carr\u00e9s, cette plaque est assez grande pour vous permettre de cuisiner une vari\u00e9t\u00e9 d'aliments diff\u00e9rents en quantit\u00e9s suffisantes pour un petit groupe. Profitez de la compacit\u00e9 de cette plancha sans compromettre la vari\u00e9t\u00e9 des aliments que vous pouvez pr\u00e9parer. Con\u00e7ue avec des caract\u00e9ristiques suppl\u00e9mentaires telles que l'allumage par bouton-poussoir pour un d\u00e9marrage facile, un bac \u00e0 graisse arri\u00e8re \u00e0 ranger et \u00e0 emporter, et des pieds de nivellement qui vous aideront \u00e0 garder votre surface de cuisson plus uniforme, cette plancha a tout ce dont vous avez besoin et plus encore dans une plancha de voyage de haute qualit\u00e9. Apportez le go\u00fbt de la cuisine maison avec vous o\u00f9 que vous alliez gr\u00e2ce \u00e0 cette plancha Adventure Ready.<\/p>","protected":false},"featured_media":51613,"template":"","meta":[],"product_brand":[],"product_cat":[273,154],"product_tag":[],"class_list":{"0":"post-51612","1":"product","2":"type-product","3":"status-publish","4":"has-post-thumbnail","6":"product_cat-20-inch-griddle","7":"product_cat-griddles","9":"first","10":"outofstock","11":"taxable","12":"shipping-taxable","13":"purchasable","14":"product-type-simple"},"yoast_head":"<!-- This site is optimized with the Yoast SEO plugin v27.3 - https:\/\/yoast.com\/product\/yoast-seo-wordpress\/ -->\n<title>Blackstone OTG Original Series Camping Griddle - 20&quot; L x 14&quot; W - Blackstone Griddles<\/title>\n<meta name=\"robots\" content=\"index, follow, max-snippet:-1, max-image-preview:large, max-video-preview:-1\" \/>\n<link rel=\"canonical\" href=\"https:\/\/blackstonegriddles.ca\/fr\/produit\/blackstone-otg-original-series-camping-griddle-20-l-x-14-w\/\" \/>\n<meta property=\"og:locale\" content=\"fr_CA\" \/>\n<meta property=\"og:type\" content=\"article\" \/>\n<meta property=\"og:title\" content=\"Blackstone OTG Original Series Camping Griddle - 20&quot; L x 14&quot; W - Blackstone Griddles\" \/>\n<meta property=\"og:description\" content=\"Make great meals on the go with this Blackstone Adventure Ready 20\u201d Camping Griddle. This Griddle is designed for portability with a latching hood and handle that make carrying this griddle as easy as carrying a briefcase. With 2 independent heat zones, a combined 13,000 BTUs, and 280 sq. in. cooking space, this griddle top is big enough for you to cook a variety of different foods in quantities large enough for a small group. Enjoy how compact this griddle is without compromising on the variety of foods you can make. Designed with additional features such as push-button ignition for easy starting, a stow-and-go rear grease cup, and leveling feet that will help keep your cooking surface more even, this griddle has all you need and more in a high-quality, travel-sized griddle. Bring the taste of home cooking with you wherever you go next with this Adventure Ready griddle.\" \/>\n<meta property=\"og:url\" content=\"https:\/\/blackstonegriddles.ca\/fr\/produit\/blackstone-otg-original-series-camping-griddle-20-l-x-14-w\/\" \/>\n<meta property=\"og:site_name\" content=\"Blackstone Griddles\" \/>\n<meta property=\"article:publisher\" content=\"https:\/\/www.facebook.com\/blackstoneproducts\/\" \/>\n<meta property=\"og:image\" content=\"https:\/\/blackstonegriddles.ca\/wp-content\/uploads\/2026\/03\/2363CA.png\" \/>\n\t<meta property=\"og:image:width\" content=\"614\" \/>\n\t<meta property=\"og:image:height\" content=\"564\" \/>\n\t<meta property=\"og:image:type\" content=\"image\/png\" \/>\n<meta name=\"twitter:card\" content=\"summary_large_image\" \/>\n<meta name=\"twitter:site\" content=\"@weareblackstone\" \/>\n<meta name=\"twitter:label1\" content=\"Estimation du temps de lecture\" \/>\n\t<meta name=\"twitter:data1\" content=\"1 minute\" \/>\n<script type=\"application\/ld+json\" class=\"yoast-schema-graph\">{\"@context\":\"https:\\\/\\\/schema.org\",\"@graph\":[{\"@type\":\"WebPage\",\"@id\":\"https:\\\/\\\/blackstonegriddles.ca\\\/product\\\/blackstone-otg-original-series-camping-griddle-20-l-x-14-w\\\/\",\"url\":\"https:\\\/\\\/blackstonegriddles.ca\\\/product\\\/blackstone-otg-original-series-camping-griddle-20-l-x-14-w\\\/\",\"name\":\"Blackstone OTG Original Series Camping Griddle - 20\\\" L x 14\\\" W - Blackstone Griddles\",\"isPartOf\":{\"@id\":\"https:\\\/\\\/blackstonegriddles.ca\\\/#website\"},\"primaryImageOfPage\":{\"@id\":\"https:\\\/\\\/blackstonegriddles.ca\\\/product\\\/blackstone-otg-original-series-camping-griddle-20-l-x-14-w\\\/#primaryimage\"},\"image\":{\"@id\":\"https:\\\/\\\/blackstonegriddles.ca\\\/product\\\/blackstone-otg-original-series-camping-griddle-20-l-x-14-w\\\/#primaryimage\"},\"thumbnailUrl\":\"https:\\\/\\\/blackstonegriddles.ca\\\/wp-content\\\/uploads\\\/2026\\\/03\\\/2363CA.png\",\"datePublished\":\"2026-03-12T17:03:40+00:00\",\"breadcrumb\":{\"@id\":\"https:\\\/\\\/blackstonegriddles.ca\\\/product\\\/blackstone-otg-original-series-camping-griddle-20-l-x-14-w\\\/#breadcrumb\"},\"inLanguage\":\"fr-CA\",\"potentialAction\":[{\"@type\":\"ReadAction\",\"target\":[\"https:\\\/\\\/blackstonegriddles.ca\\\/product\\\/blackstone-otg-original-series-camping-griddle-20-l-x-14-w\\\/\"]}]},{\"@type\":\"ImageObject\",\"inLanguage\":\"fr-CA\",\"@id\":\"https:\\\/\\\/blackstonegriddles.ca\\\/product\\\/blackstone-otg-original-series-camping-griddle-20-l-x-14-w\\\/#primaryimage\",\"url\":\"https:\\\/\\\/blackstonegriddles.ca\\\/wp-content\\\/uploads\\\/2026\\\/03\\\/2363CA.png\",\"contentUrl\":\"https:\\\/\\\/blackstonegriddles.ca\\\/wp-content\\\/uploads\\\/2026\\\/03\\\/2363CA.png\",\"width\":614,\"height\":564},{\"@type\":\"BreadcrumbList\",\"@id\":\"https:\\\/\\\/blackstonegriddles.ca\\\/product\\\/blackstone-otg-original-series-camping-griddle-20-l-x-14-w\\\/#breadcrumb\",\"itemListElement\":[{\"@type\":\"ListItem\",\"position\":1,\"name\":\"Home\",\"item\":\"https:\\\/\\\/blackstonegriddles.ca\\\/\"},{\"@type\":\"ListItem\",\"position\":2,\"name\":\"Shop\",\"item\":\"https:\\\/\\\/blackstonegriddles.ca\\\/shop\\\/\"},{\"@type\":\"ListItem\",\"position\":3,\"name\":\"Blackstone OTG Original Series Camping Griddle &#8211; 20&#8243; L x 14&#8243; W\"}]},{\"@type\":\"WebSite\",\"@id\":\"https:\\\/\\\/blackstonegriddles.ca\\\/#website\",\"url\":\"https:\\\/\\\/blackstonegriddles.ca\\\/\",\"name\":\"Blackstone Griddles Canada\",\"description\":\"Blackstone Griddles official licensed dealer Canada\",\"publisher\":{\"@id\":\"https:\\\/\\\/blackstonegriddles.ca\\\/#organization\"},\"potentialAction\":[{\"@type\":\"SearchAction\",\"target\":{\"@type\":\"EntryPoint\",\"urlTemplate\":\"https:\\\/\\\/blackstonegriddles.ca\\\/?s={search_term_string}\"},\"query-input\":{\"@type\":\"PropertyValueSpecification\",\"valueRequired\":true,\"valueName\":\"search_term_string\"}}],\"inLanguage\":\"fr-CA\"},{\"@type\":\"Organization\",\"@id\":\"https:\\\/\\\/blackstonegriddles.ca\\\/#organization\",\"name\":\"Blackstone Griddles Canada\",\"url\":\"https:\\\/\\\/blackstonegriddles.ca\\\/\",\"logo\":{\"@type\":\"ImageObject\",\"inLanguage\":\"fr-CA\",\"@id\":\"https:\\\/\\\/blackstonegriddles.ca\\\/#\\\/schema\\\/logo\\\/image\\\/\",\"url\":\"https:\\\/\\\/blackstonegriddles.ca\\\/wp-content\\\/uploads\\\/2025\\\/02\\\/blackstone-fire-logo.webp\",\"contentUrl\":\"https:\\\/\\\/blackstonegriddles.ca\\\/wp-content\\\/uploads\\\/2025\\\/02\\\/blackstone-fire-logo.webp\",\"width\":53,\"height\":58,\"caption\":\"Blackstone Griddles Canada\"},\"image\":{\"@id\":\"https:\\\/\\\/blackstonegriddles.ca\\\/#\\\/schema\\\/logo\\\/image\\\/\"},\"sameAs\":[\"https:\\\/\\\/www.facebook.com\\\/blackstoneproducts\\\/\",\"https:\\\/\\\/x.com\\\/weareblackstone\",\"https:\\\/\\\/www.instagram.com\\\/blackstoneproducts\\\/\",\"https:\\\/\\\/www.youtube.com\\\/channel\\\/UCr39rimir8y3p-q1iQYidVA\"]}]}<\/script>\n<!-- \/ Yoast SEO plugin. -->","yoast_head_json":{"title":"Blackstone OTG Original Series Camping Griddle - 20\" L x 14\" W - Blackstone Griddles","robots":{"index":"index","follow":"follow","max-snippet":"max-snippet:-1","max-image-preview":"max-image-preview:large","max-video-preview":"max-video-preview:-1"},"canonical":"https:\/\/blackstonegriddles.ca\/fr\/produit\/blackstone-otg-original-series-camping-griddle-20-l-x-14-w\/","og_locale":"fr_CA","og_type":"article","og_title":"Blackstone OTG Original Series Camping Griddle - 20\" L x 14\" W - Blackstone Griddles","og_description":"Make great meals on the go with this Blackstone Adventure Ready 20\u201d Camping Griddle. This Griddle is designed for portability with a latching hood and handle that make carrying this griddle as easy as carrying a briefcase. With 2 independent heat zones, a combined 13,000 BTUs, and 280 sq. in. cooking space, this griddle top is big enough for you to cook a variety of different foods in quantities large enough for a small group. Enjoy how compact this griddle is without compromising on the variety of foods you can make. Designed with additional features such as push-button ignition for easy starting, a stow-and-go rear grease cup, and leveling feet that will help keep your cooking surface more even, this griddle has all you need and more in a high-quality, travel-sized griddle. Bring the taste of home cooking with you wherever you go next with this Adventure Ready griddle.","og_url":"https:\/\/blackstonegriddles.ca\/fr\/produit\/blackstone-otg-original-series-camping-griddle-20-l-x-14-w\/","og_site_name":"Blackstone Griddles","article_publisher":"https:\/\/www.facebook.com\/blackstoneproducts\/","og_image":[{"width":614,"height":564,"url":"https:\/\/blackstonegriddles.ca\/wp-content\/uploads\/2026\/03\/2363CA.png","type":"image\/png"}],"twitter_card":"summary_large_image","twitter_site":"@weareblackstone","twitter_misc":{"Estimation du temps de lecture":"1 minute"},"schema":{"@context":"https:\/\/schema.org","@graph":[{"@type":"WebPage","@id":"https:\/\/blackstonegriddles.ca\/product\/blackstone-otg-original-series-camping-griddle-20-l-x-14-w\/","url":"https:\/\/blackstonegriddles.ca\/product\/blackstone-otg-original-series-camping-griddle-20-l-x-14-w\/","name":"Blackstone OTG Original Series Camping Griddle - 20\" L x 14\" W - Blackstone Griddles","isPartOf":{"@id":"https:\/\/blackstonegriddles.ca\/#website"},"primaryImageOfPage":{"@id":"https:\/\/blackstonegriddles.ca\/product\/blackstone-otg-original-series-camping-griddle-20-l-x-14-w\/#primaryimage"},"image":{"@id":"https:\/\/blackstonegriddles.ca\/product\/blackstone-otg-original-series-camping-griddle-20-l-x-14-w\/#primaryimage"},"thumbnailUrl":"https:\/\/blackstonegriddles.ca\/wp-content\/uploads\/2026\/03\/2363CA.png","datePublished":"2026-03-12T17:03:40+00:00","breadcrumb":{"@id":"https:\/\/blackstonegriddles.ca\/product\/blackstone-otg-original-series-camping-griddle-20-l-x-14-w\/#breadcrumb"},"inLanguage":"fr-CA","potentialAction":[{"@type":"ReadAction","target":["https:\/\/blackstonegriddles.ca\/product\/blackstone-otg-original-series-camping-griddle-20-l-x-14-w\/"]}]},{"@type":"ImageObject","inLanguage":"fr-CA","@id":"https:\/\/blackstonegriddles.ca\/product\/blackstone-otg-original-series-camping-griddle-20-l-x-14-w\/#primaryimage","url":"https:\/\/blackstonegriddles.ca\/wp-content\/uploads\/2026\/03\/2363CA.png","contentUrl":"https:\/\/blackstonegriddles.ca\/wp-content\/uploads\/2026\/03\/2363CA.png","width":614,"height":564},{"@type":"BreadcrumbList","@id":"https:\/\/blackstonegriddles.ca\/product\/blackstone-otg-original-series-camping-griddle-20-l-x-14-w\/#breadcrumb","itemListElement":[{"@type":"ListItem","position":1,"name":"Home","item":"https:\/\/blackstonegriddles.ca\/"},{"@type":"ListItem","position":2,"name":"Shop","item":"https:\/\/blackstonegriddles.ca\/shop\/"},{"@type":"ListItem","position":3,"name":"Blackstone OTG Original Series Camping Griddle &#8211; 20&#8243; L x 14&#8243; W"}]},{"@type":"WebSite","@id":"https:\/\/blackstonegriddles.ca\/#website","url":"https:\/\/blackstonegriddles.ca\/","name":"Grils Blackstone Canada","description":"Blackstone Griddles distributeur officiel agr\u00e9\u00e9 Canada","publisher":{"@id":"https:\/\/blackstonegriddles.ca\/#organization"},"potentialAction":[{"@type":"SearchAction","target":{"@type":"EntryPoint","urlTemplate":"https:\/\/blackstonegriddles.ca\/?s={search_term_string}"},"query-input":{"@type":"PropertyValueSpecification","valueRequired":true,"valueName":"search_term_string"}}],"inLanguage":"fr-CA"},{"@type":"Organization","@id":"https:\/\/blackstonegriddles.ca\/#organization","name":"Grils Blackstone Canada","url":"https:\/\/blackstonegriddles.ca\/","logo":{"@type":"ImageObject","inLanguage":"fr-CA","@id":"https:\/\/blackstonegriddles.ca\/#\/schema\/logo\/image\/","url":"https:\/\/blackstonegriddles.ca\/wp-content\/uploads\/2025\/02\/blackstone-fire-logo.webp","contentUrl":"https:\/\/blackstonegriddles.ca\/wp-content\/uploads\/2025\/02\/blackstone-fire-logo.webp","width":53,"height":58,"caption":"Blackstone Griddles Canada"},"image":{"@id":"https:\/\/blackstonegriddles.ca\/#\/schema\/logo\/image\/"},"sameAs":["https:\/\/www.facebook.com\/blackstoneproducts\/","https:\/\/x.com\/weareblackstone","https:\/\/www.instagram.com\/blackstoneproducts\/","https:\/\/www.youtube.com\/channel\/UCr39rimir8y3p-q1iQYidVA"]}]}},"_links":{"self":[{"href":"https:\/\/blackstonegriddles.ca\/fr\/wp-json\/wp\/v2\/product\/51612","targetHints":{"allow":["GET"]}}],"collection":[{"href":"https:\/\/blackstonegriddles.ca\/fr\/wp-json\/wp\/v2\/product"}],"about":[{"href":"https:\/\/blackstonegriddles.ca\/fr\/wp-json\/wp\/v2\/types\/product"}],"wp:featuredmedia":[{"embeddable":true,"href":"https:\/\/blackstonegriddles.ca\/fr\/wp-json\/wp\/v2\/media\/51613"}],"wp:attachment":[{"href":"https:\/\/blackstonegriddles.ca\/fr\/wp-json\/wp\/v2\/media?parent=51612"}],"wp:term":[{"taxonomy":"product_brand","embeddable":true,"href":"https:\/\/blackstonegriddles.ca\/fr\/wp-json\/wp\/v2\/product_brand?post=51612"},{"taxonomy":"product_cat","embeddable":true,"href":"https:\/\/blackstonegriddles.ca\/fr\/wp-json\/wp\/v2\/product_cat?post=51612"},{"taxonomy":"product_tag","embeddable":true,"href":"https:\/\/blackstonegriddles.ca\/fr\/wp-json\/wp\/v2\/product_tag?post=51612"}],"curies":[{"name":"wp","href":"https:\/\/api.w.org\/{rel}","templated":true}]}}