{"id":51623,"date":"2026-03-10T17:02:19","date_gmt":"2026-03-10T17:02:19","guid":{"rendered":"https:\/\/blackstonegriddles.ca\/?post_type=product&#038;p=51623"},"modified":"2026-04-07T14:01:17","modified_gmt":"2026-04-07T14:01:17","slug":"blackstone-original-36-griddle-airfryer-combo","status":"publish","type":"product","link":"https:\/\/blackstonegriddles.ca\/fr\/product\/blackstone-original-36-griddle-airfryer-combo\/","title":{"rendered":"Blackstone Original 36\u201d Griddle Airfryer Combo"},"content":{"rendered":"<ul class=\"features-specs-list\">\n<li class=\"acumin\">Plaque de gril Omnivore de 36\u201d : Temps de pr\u00e9chauffage et de r\u00e9cup\u00e9ration plus rapides, r\u00e9partition uniforme de la chaleur, meilleur rendement \u00e9nerg\u00e9tique, avec des pare-vent int\u00e9gr\u00e9s pour la r\u00e9tention de la chaleur et des \u00e9tag\u00e8res froides.<\/li>\n<li class=\"acumin\">Tiroirs de la friteuse et tiroir chauffant : Faites cuire ou frire vos plats pr\u00e9f\u00e9r\u00e9s dans les deux tiroirs de la friteuse de 4 pintes, tout en gardant vos aliments au chaud dans le tiroir chauffant de 4 pintes.<\/li>\n<li class=\"acumin\">Capot renforc\u00e9 en X : Con\u00e7u pour prot\u00e9ger la surface de votre plancha et la garder propre entre les utilisations.<\/li>\n<li class=\"acumin\">Quatre zones de chaleur contr\u00f4l\u00e9es ind\u00e9pendamment les unes des autres : Cuire une vari\u00e9t\u00e9 de plats c\u00f4te \u00e0 c\u00f4te \u00e0 des temp\u00e9ratures diff\u00e9rentes.<\/li>\n<li class=\"acumin\">Syst\u00e8me BAR : Ce syst\u00e8me innovant permet de personnaliser l'agencement des accessoires, lib\u00e9rant ainsi un espace pr\u00e9cieux sur les \u00e9tag\u00e8res lat\u00e9rales.<\/li>\n<li class=\"acumin\">Deux tablettes lat\u00e9rales rabattables avec crochets pour tablettes lat\u00e9rales : Espace de pr\u00e9paration suppl\u00e9mentaire gr\u00e2ce \u00e0 un rangement pratique et compact, et acc\u00e8s facile \u00e0 vos ustensiles de cuisine gr\u00e2ce aux crochets de l'\u00e9tag\u00e8re lat\u00e9rale.<\/li>\n<li class=\"acumin\">Tablette lat\u00e9rale extensible : Offre un espace de pr\u00e9paration suppl\u00e9mentaire avec un rangement compact et pratique.<\/li>\n<li class=\"acumin\">Armoire de rangement : Espace suppl\u00e9mentaire pour ranger tous vos outils et accessoires de cuisine.<\/li>\n<li class=\"acumin\">Allumage \u00e9lectrique par bouton-poussoir : Syst\u00e8me d'allumage pratique et facile \u00e0 utiliser (une seule pile AA non incluse).<\/li>\n<li class=\"acumin\">Gestion des graisses \u00e0 l'arri\u00e8re : Pousse la graisse et les d\u00e9bris alimentaires vers l'arri\u00e8re de la plaque pour faciliter le nettoyage.<\/li>\n<li class=\"acumin\">Quatre roues pivotantes verrouillables : Elles permettent de d\u00e9placer la plaque de cuisson de mani\u00e8re pratique, mais aussi de la maintenir en place lorsque cela est n\u00e9cessaire.<\/li>\n<\/ul>","protected":false},"excerpt":{"rendered":"<p>Faites l'exp\u00e9rience de combinaisons alimentaires infinies avec le Combo Original 36\u201d Griddle Airfryer Combo ! \u00c9quip\u00e9 de la technologie de plaque de gril Omnivore avec une distribution de chaleur in\u00e9gal\u00e9e et un rendement \u00e9nerg\u00e9tique sup\u00e9rieur, vous cuisinerez une vari\u00e9t\u00e9 de repas c\u00f4te \u00e0 c\u00f4te, tout en faisant frire vos plats pr\u00e9f\u00e9r\u00e9s avec les deux tiroirs \u00e0 air de 4 pintes et en gardant le tout pr\u00eat \u00e0 l'emploi avec le tiroir chauffant. Les deux tablettes lat\u00e9rales avec crochets et la rallonge de tablette lat\u00e9rale offrent un espace de pr\u00e9paration suppl\u00e9mentaire, tandis que le syst\u00e8me BAR vous permet de garder votre \u00e9quipement de plancha \u00e0 port\u00e9e de main. Am\u00e9liorez votre prochain repas avec le Combo Original 36\u201d Griddle Airfryer Combo !<\/p>","protected":false},"featured_media":51624,"template":"","meta":[],"product_brand":[],"product_cat":[158,154],"product_tag":[],"class_list":{"0":"post-51623","1":"product","2":"type-product","3":"status-publish","4":"has-post-thumbnail","6":"product_cat-158","7":"product_cat-griddles","9":"first","10":"instock","11":"taxable","12":"shipping-taxable","13":"purchasable","14":"product-type-simple"},"yoast_head":"<!-- This site is optimized with the Yoast SEO plugin v27.3 - https:\/\/yoast.com\/product\/yoast-seo-wordpress\/ -->\n<title>Blackstone Original 36\u201d Griddle Airfryer Combo - Blackstone Griddles<\/title>\n<meta name=\"robots\" content=\"index, follow, max-snippet:-1, max-image-preview:large, max-video-preview:-1\" \/>\n<link rel=\"canonical\" href=\"https:\/\/blackstonegriddles.ca\/fr\/produit\/blackstone-original-36-griddle-airfryer-combo\/\" \/>\n<meta property=\"og:locale\" content=\"fr_CA\" \/>\n<meta property=\"og:type\" content=\"article\" \/>\n<meta property=\"og:title\" content=\"Blackstone Original 36\u201d Griddle Airfryer Combo - Blackstone Griddles\" \/>\n<meta property=\"og:description\" content=\"Experience endless food combinations with the Original 36\u201d Griddle Airfryer Combo! Equipped with Omnivore Griddle Plate Technology with unmatched heat distribution and higher fuel efficiency, you&#039;ll cook a variety of meals side-by-side, while frying up your favorites with the dual 4-quart airfyer drawers and keeping it all ready to go with the warming drawer. Dual side shelves with side shelf hooks and the side shelf extension provide extra prep space while the BAR System allows you to keep your griddle gear within reach. Upgrade your next cookout with the Original 36\u201d Griddle Airfryer Combo!\" \/>\n<meta property=\"og:url\" content=\"https:\/\/blackstonegriddles.ca\/fr\/produit\/blackstone-original-36-griddle-airfryer-combo\/\" \/>\n<meta property=\"og:site_name\" content=\"Blackstone Griddles\" \/>\n<meta property=\"article:publisher\" content=\"https:\/\/www.facebook.com\/blackstoneproducts\/\" \/>\n<meta property=\"article:modified_time\" content=\"2026-04-07T14:01:17+00:00\" \/>\n<meta property=\"og:image\" content=\"https:\/\/blackstonegriddles.ca\/wp-content\/uploads\/2026\/03\/2439.png\" \/>\n\t<meta property=\"og:image:width\" content=\"598\" \/>\n\t<meta property=\"og:image:height\" content=\"455\" \/>\n\t<meta property=\"og:image:type\" content=\"image\/png\" \/>\n<meta name=\"twitter:card\" content=\"summary_large_image\" \/>\n<meta name=\"twitter:site\" content=\"@weareblackstone\" \/>\n<meta name=\"twitter:label1\" content=\"Estimation du temps de lecture\" \/>\n\t<meta name=\"twitter:data1\" content=\"1 minute\" \/>\n<script type=\"application\/ld+json\" class=\"yoast-schema-graph\">{\"@context\":\"https:\\\/\\\/schema.org\",\"@graph\":[{\"@type\":\"WebPage\",\"@id\":\"https:\\\/\\\/blackstonegriddles.ca\\\/product\\\/blackstone-original-36-griddle-airfryer-combo\\\/\",\"url\":\"https:\\\/\\\/blackstonegriddles.ca\\\/product\\\/blackstone-original-36-griddle-airfryer-combo\\\/\",\"name\":\"Blackstone Original 36\u201d Griddle Airfryer Combo - Blackstone Griddles\",\"isPartOf\":{\"@id\":\"https:\\\/\\\/blackstonegriddles.ca\\\/#website\"},\"primaryImageOfPage\":{\"@id\":\"https:\\\/\\\/blackstonegriddles.ca\\\/product\\\/blackstone-original-36-griddle-airfryer-combo\\\/#primaryimage\"},\"image\":{\"@id\":\"https:\\\/\\\/blackstonegriddles.ca\\\/product\\\/blackstone-original-36-griddle-airfryer-combo\\\/#primaryimage\"},\"thumbnailUrl\":\"https:\\\/\\\/blackstonegriddles.ca\\\/wp-content\\\/uploads\\\/2026\\\/03\\\/2439.png\",\"datePublished\":\"2026-03-10T17:02:19+00:00\",\"dateModified\":\"2026-04-07T14:01:17+00:00\",\"breadcrumb\":{\"@id\":\"https:\\\/\\\/blackstonegriddles.ca\\\/product\\\/blackstone-original-36-griddle-airfryer-combo\\\/#breadcrumb\"},\"inLanguage\":\"fr-CA\",\"potentialAction\":[{\"@type\":\"ReadAction\",\"target\":[\"https:\\\/\\\/blackstonegriddles.ca\\\/product\\\/blackstone-original-36-griddle-airfryer-combo\\\/\"]}]},{\"@type\":\"ImageObject\",\"inLanguage\":\"fr-CA\",\"@id\":\"https:\\\/\\\/blackstonegriddles.ca\\\/product\\\/blackstone-original-36-griddle-airfryer-combo\\\/#primaryimage\",\"url\":\"https:\\\/\\\/blackstonegriddles.ca\\\/wp-content\\\/uploads\\\/2026\\\/03\\\/2439.png\",\"contentUrl\":\"https:\\\/\\\/blackstonegriddles.ca\\\/wp-content\\\/uploads\\\/2026\\\/03\\\/2439.png\",\"width\":598,\"height\":455},{\"@type\":\"BreadcrumbList\",\"@id\":\"https:\\\/\\\/blackstonegriddles.ca\\\/product\\\/blackstone-original-36-griddle-airfryer-combo\\\/#breadcrumb\",\"itemListElement\":[{\"@type\":\"ListItem\",\"position\":1,\"name\":\"Home\",\"item\":\"https:\\\/\\\/blackstonegriddles.ca\\\/\"},{\"@type\":\"ListItem\",\"position\":2,\"name\":\"Shop\",\"item\":\"https:\\\/\\\/blackstonegriddles.ca\\\/shop\\\/\"},{\"@type\":\"ListItem\",\"position\":3,\"name\":\"Blackstone Original 36\u201d Griddle Airfryer Combo\"}]},{\"@type\":\"WebSite\",\"@id\":\"https:\\\/\\\/blackstonegriddles.ca\\\/#website\",\"url\":\"https:\\\/\\\/blackstonegriddles.ca\\\/\",\"name\":\"Blackstone Griddles Canada\",\"description\":\"Blackstone Griddles official licensed dealer Canada\",\"publisher\":{\"@id\":\"https:\\\/\\\/blackstonegriddles.ca\\\/#organization\"},\"potentialAction\":[{\"@type\":\"SearchAction\",\"target\":{\"@type\":\"EntryPoint\",\"urlTemplate\":\"https:\\\/\\\/blackstonegriddles.ca\\\/?s={search_term_string}\"},\"query-input\":{\"@type\":\"PropertyValueSpecification\",\"valueRequired\":true,\"valueName\":\"search_term_string\"}}],\"inLanguage\":\"fr-CA\"},{\"@type\":\"Organization\",\"@id\":\"https:\\\/\\\/blackstonegriddles.ca\\\/#organization\",\"name\":\"Blackstone Griddles Canada\",\"url\":\"https:\\\/\\\/blackstonegriddles.ca\\\/\",\"logo\":{\"@type\":\"ImageObject\",\"inLanguage\":\"fr-CA\",\"@id\":\"https:\\\/\\\/blackstonegriddles.ca\\\/#\\\/schema\\\/logo\\\/image\\\/\",\"url\":\"https:\\\/\\\/blackstonegriddles.ca\\\/wp-content\\\/uploads\\\/2025\\\/02\\\/blackstone-fire-logo.webp\",\"contentUrl\":\"https:\\\/\\\/blackstonegriddles.ca\\\/wp-content\\\/uploads\\\/2025\\\/02\\\/blackstone-fire-logo.webp\",\"width\":53,\"height\":58,\"caption\":\"Blackstone Griddles Canada\"},\"image\":{\"@id\":\"https:\\\/\\\/blackstonegriddles.ca\\\/#\\\/schema\\\/logo\\\/image\\\/\"},\"sameAs\":[\"https:\\\/\\\/www.facebook.com\\\/blackstoneproducts\\\/\",\"https:\\\/\\\/x.com\\\/weareblackstone\",\"https:\\\/\\\/www.instagram.com\\\/blackstoneproducts\\\/\",\"https:\\\/\\\/www.youtube.com\\\/channel\\\/UCr39rimir8y3p-q1iQYidVA\"]}]}<\/script>\n<!-- \/ Yoast SEO plugin. -->","yoast_head_json":{"title":"Blackstone Original 36\u201d Griddle Airfryer Combo - Blackstone Griddles","robots":{"index":"index","follow":"follow","max-snippet":"max-snippet:-1","max-image-preview":"max-image-preview:large","max-video-preview":"max-video-preview:-1"},"canonical":"https:\/\/blackstonegriddles.ca\/fr\/produit\/blackstone-original-36-griddle-airfryer-combo\/","og_locale":"fr_CA","og_type":"article","og_title":"Blackstone Original 36\u201d Griddle Airfryer Combo - Blackstone Griddles","og_description":"Experience endless food combinations with the Original 36\u201d Griddle Airfryer Combo! Equipped with Omnivore Griddle Plate Technology with unmatched heat distribution and higher fuel efficiency, you'll cook a variety of meals side-by-side, while frying up your favorites with the dual 4-quart airfyer drawers and keeping it all ready to go with the warming drawer. Dual side shelves with side shelf hooks and the side shelf extension provide extra prep space while the BAR System allows you to keep your griddle gear within reach. Upgrade your next cookout with the Original 36\u201d Griddle Airfryer Combo!","og_url":"https:\/\/blackstonegriddles.ca\/fr\/produit\/blackstone-original-36-griddle-airfryer-combo\/","og_site_name":"Blackstone Griddles","article_publisher":"https:\/\/www.facebook.com\/blackstoneproducts\/","article_modified_time":"2026-04-07T14:01:17+00:00","og_image":[{"width":598,"height":455,"url":"https:\/\/blackstonegriddles.ca\/wp-content\/uploads\/2026\/03\/2439.png","type":"image\/png"}],"twitter_card":"summary_large_image","twitter_site":"@weareblackstone","twitter_misc":{"Estimation du temps de lecture":"1 minute"},"schema":{"@context":"https:\/\/schema.org","@graph":[{"@type":"WebPage","@id":"https:\/\/blackstonegriddles.ca\/product\/blackstone-original-36-griddle-airfryer-combo\/","url":"https:\/\/blackstonegriddles.ca\/product\/blackstone-original-36-griddle-airfryer-combo\/","name":"Blackstone Original 36\u201d Griddle Airfryer Combo - Blackstone Griddles","isPartOf":{"@id":"https:\/\/blackstonegriddles.ca\/#website"},"primaryImageOfPage":{"@id":"https:\/\/blackstonegriddles.ca\/product\/blackstone-original-36-griddle-airfryer-combo\/#primaryimage"},"image":{"@id":"https:\/\/blackstonegriddles.ca\/product\/blackstone-original-36-griddle-airfryer-combo\/#primaryimage"},"thumbnailUrl":"https:\/\/blackstonegriddles.ca\/wp-content\/uploads\/2026\/03\/2439.png","datePublished":"2026-03-10T17:02:19+00:00","dateModified":"2026-04-07T14:01:17+00:00","breadcrumb":{"@id":"https:\/\/blackstonegriddles.ca\/product\/blackstone-original-36-griddle-airfryer-combo\/#breadcrumb"},"inLanguage":"fr-CA","potentialAction":[{"@type":"ReadAction","target":["https:\/\/blackstonegriddles.ca\/product\/blackstone-original-36-griddle-airfryer-combo\/"]}]},{"@type":"ImageObject","inLanguage":"fr-CA","@id":"https:\/\/blackstonegriddles.ca\/product\/blackstone-original-36-griddle-airfryer-combo\/#primaryimage","url":"https:\/\/blackstonegriddles.ca\/wp-content\/uploads\/2026\/03\/2439.png","contentUrl":"https:\/\/blackstonegriddles.ca\/wp-content\/uploads\/2026\/03\/2439.png","width":598,"height":455},{"@type":"BreadcrumbList","@id":"https:\/\/blackstonegriddles.ca\/product\/blackstone-original-36-griddle-airfryer-combo\/#breadcrumb","itemListElement":[{"@type":"ListItem","position":1,"name":"Home","item":"https:\/\/blackstonegriddles.ca\/"},{"@type":"ListItem","position":2,"name":"Shop","item":"https:\/\/blackstonegriddles.ca\/shop\/"},{"@type":"ListItem","position":3,"name":"Blackstone Original 36\u201d Griddle Airfryer Combo"}]},{"@type":"WebSite","@id":"https:\/\/blackstonegriddles.ca\/#website","url":"https:\/\/blackstonegriddles.ca\/","name":"Grils Blackstone Canada","description":"Blackstone Griddles distributeur officiel agr\u00e9\u00e9 Canada","publisher":{"@id":"https:\/\/blackstonegriddles.ca\/#organization"},"potentialAction":[{"@type":"SearchAction","target":{"@type":"EntryPoint","urlTemplate":"https:\/\/blackstonegriddles.ca\/?s={search_term_string}"},"query-input":{"@type":"PropertyValueSpecification","valueRequired":true,"valueName":"search_term_string"}}],"inLanguage":"fr-CA"},{"@type":"Organization","@id":"https:\/\/blackstonegriddles.ca\/#organization","name":"Grils Blackstone Canada","url":"https:\/\/blackstonegriddles.ca\/","logo":{"@type":"ImageObject","inLanguage":"fr-CA","@id":"https:\/\/blackstonegriddles.ca\/#\/schema\/logo\/image\/","url":"https:\/\/blackstonegriddles.ca\/wp-content\/uploads\/2025\/02\/blackstone-fire-logo.webp","contentUrl":"https:\/\/blackstonegriddles.ca\/wp-content\/uploads\/2025\/02\/blackstone-fire-logo.webp","width":53,"height":58,"caption":"Blackstone Griddles Canada"},"image":{"@id":"https:\/\/blackstonegriddles.ca\/#\/schema\/logo\/image\/"},"sameAs":["https:\/\/www.facebook.com\/blackstoneproducts\/","https:\/\/x.com\/weareblackstone","https:\/\/www.instagram.com\/blackstoneproducts\/","https:\/\/www.youtube.com\/channel\/UCr39rimir8y3p-q1iQYidVA"]}]}},"_links":{"self":[{"href":"https:\/\/blackstonegriddles.ca\/fr\/wp-json\/wp\/v2\/product\/51623","targetHints":{"allow":["GET"]}}],"collection":[{"href":"https:\/\/blackstonegriddles.ca\/fr\/wp-json\/wp\/v2\/product"}],"about":[{"href":"https:\/\/blackstonegriddles.ca\/fr\/wp-json\/wp\/v2\/types\/product"}],"wp:featuredmedia":[{"embeddable":true,"href":"https:\/\/blackstonegriddles.ca\/fr\/wp-json\/wp\/v2\/media\/51624"}],"wp:attachment":[{"href":"https:\/\/blackstonegriddles.ca\/fr\/wp-json\/wp\/v2\/media?parent=51623"}],"wp:term":[{"taxonomy":"product_brand","embeddable":true,"href":"https:\/\/blackstonegriddles.ca\/fr\/wp-json\/wp\/v2\/product_brand?post=51623"},{"taxonomy":"product_cat","embeddable":true,"href":"https:\/\/blackstonegriddles.ca\/fr\/wp-json\/wp\/v2\/product_cat?post=51623"},{"taxonomy":"product_tag","embeddable":true,"href":"https:\/\/blackstonegriddles.ca\/fr\/wp-json\/wp\/v2\/product_tag?post=51623"}],"curies":[{"name":"wp","href":"https:\/\/api.w.org\/{rel}","templated":true}]}}