{"id":51625,"date":"2026-03-10T17:21:49","date_gmt":"2026-03-10T17:21:49","guid":{"rendered":"https:\/\/blackstonegriddles.ca\/?post_type=product&#038;p=51625"},"modified":"2026-03-10T17:21:49","modified_gmt":"2026-03-10T17:21:49","slug":"blackstone-28-xl-omnivore-griddle-with-hood","status":"publish","type":"product","link":"https:\/\/blackstonegriddles.ca\/fr\/product\/blackstone-28-xl-omnivore-griddle-with-hood\/","title":{"rendered":"Blackstone 28\u2033 XL Omnivore Griddle avec hotte"},"content":{"rendered":"<ul class=\"features-specs-list\">\n<li class=\"acumin\">Technologie de plaque de gril Omnivore : Temps de pr\u00e9chauffage et de r\u00e9cup\u00e9ration plus rapides, r\u00e9partition uniforme de la chaleur, meilleur rendement \u00e9nerg\u00e9tique, avec pare-vent int\u00e9gr\u00e9s.<\/li>\n<li class=\"acumin\">Trois zones de chaleur contr\u00f4l\u00e9es ind\u00e9pendamment les unes des autres : Cuisez simultan\u00e9ment vos plats principaux et vos accompagnements \u00e0 des temp\u00e9ratures diff\u00e9rentes.<\/li>\n<li class=\"acumin\">Hotte int\u00e9gr\u00e9e : Con\u00e7ue pour prot\u00e9ger la plaque de cuisson et la garder propre entre les utilisations.<\/li>\n<li class=\"acumin\">Syst\u00e8me de gestion des graisses \u00e0 l'arri\u00e8re : Pousse la graisse et les d\u00e9bris alimentaires vers l'arri\u00e8re de la plaque pour faciliter le nettoyage.<\/li>\n<li class=\"acumin\">Deux \u00e9tag\u00e8res lat\u00e9rales avec crochets pour \u00e9tag\u00e8res lat\u00e9rales : Espace de pr\u00e9paration suppl\u00e9mentaire avec acc\u00e8s facile \u00e0 vos outils de cuisine gr\u00e2ce aux crochets de l'\u00e9tag\u00e8re lat\u00e9rale.<\/li>\n<li class=\"acumin\">Barre d'outils magn\u00e9tique : Les spatules, grattoirs et autres ustensiles sont toujours \u00e0 port\u00e9e de main.<\/li>\n<li class=\"acumin\">Allumage \u00e9lectrique par bouton-poussoir : Syst\u00e8me d'allumage pratique et fiable.<\/li>\n<li class=\"acumin\">Deux roues pivotantes fixes : D\u00e9placez facilement la plaque pour l'adapter \u00e0 vos besoins.<\/li>\n<\/ul>","protected":false},"excerpt":{"rendered":"<p>La plaque de gril Omnivore XL de 28 po avec hotte est parfaite pour organiser votre prochaine f\u00eate dans l'arri\u00e8re-cour. La plaque de gril Omnivore maximise l'efficacit\u00e9 de la cuisson et permet d'obtenir une cuisson plus homog\u00e8ne \u00e0 chaque fois. Avec des accessoires suppl\u00e9mentaires comme la barre d'outils magn\u00e9tique, les crochets pour les \u00e9tag\u00e8res lat\u00e9rales et le porte-essuie-tout, vous aurez tout ce qu'il faut pour servir de d\u00e9licieux repas qui sont toujours meilleurs sur un Blackstone.<\/p>","protected":false},"featured_media":51626,"template":"","meta":[],"product_brand":[],"product_cat":[157,154],"product_tag":[],"class_list":{"0":"post-51625","1":"product","2":"type-product","3":"status-publish","4":"has-post-thumbnail","6":"product_cat-157","7":"product_cat-griddles","9":"first","10":"outofstock","11":"taxable","12":"shipping-taxable","13":"purchasable","14":"product-type-simple"},"yoast_head":"<!-- This site is optimized with the Yoast SEO plugin v27.5 - https:\/\/yoast.com\/product\/yoast-seo-wordpress\/ -->\n<title>Blackstone 28&quot; XL Omnivore Griddle with Hood - Blackstone Griddles<\/title>\n<meta name=\"robots\" content=\"index, follow, max-snippet:-1, max-image-preview:large, max-video-preview:-1\" \/>\n<link rel=\"canonical\" href=\"https:\/\/blackstonegriddles.ca\/fr\/produit\/blackstone-28-xl-omnivore-griddle-with-hood\/\" \/>\n<meta property=\"og:locale\" content=\"fr_CA\" \/>\n<meta property=\"og:type\" content=\"article\" \/>\n<meta property=\"og:title\" content=\"Blackstone 28&quot; XL Omnivore Griddle with Hood - Blackstone Griddles\" \/>\n<meta property=\"og:description\" content=\"The 28\u201d XL Omnivore Griddle with Hood is perfect for hosting your next backyard bash. The Omnivore Griddle Plate maximizes cooking efficiency and delivers a more consistent cook every time. With extra add-ons like the magnetic toolbar, side shelf hooks, and paper towel holder, you\u2019ll have everything you need to serve up delicious meals that are always better on a Blackstone.\" \/>\n<meta property=\"og:url\" content=\"https:\/\/blackstonegriddles.ca\/fr\/produit\/blackstone-28-xl-omnivore-griddle-with-hood\/\" \/>\n<meta property=\"og:site_name\" content=\"Blackstone Griddles\" \/>\n<meta property=\"article:publisher\" content=\"https:\/\/www.facebook.com\/blackstoneproducts\/\" \/>\n<meta property=\"og:image\" content=\"https:\/\/blackstonegriddles.ca\/wp-content\/uploads\/2026\/03\/2403.png\" \/>\n\t<meta property=\"og:image:width\" content=\"585\" \/>\n\t<meta property=\"og:image:height\" content=\"585\" \/>\n\t<meta property=\"og:image:type\" content=\"image\/png\" \/>\n<meta name=\"twitter:card\" content=\"summary_large_image\" \/>\n<meta name=\"twitter:site\" content=\"@weareblackstone\" \/>\n<meta name=\"twitter:label1\" content=\"Estimation du temps de lecture\" \/>\n\t<meta name=\"twitter:data1\" content=\"1 minute\" \/>\n<script type=\"application\/ld+json\" class=\"yoast-schema-graph\">{\"@context\":\"https:\\\/\\\/schema.org\",\"@graph\":[{\"@type\":\"WebPage\",\"@id\":\"https:\\\/\\\/blackstonegriddles.ca\\\/product\\\/blackstone-28-xl-omnivore-griddle-with-hood\\\/\",\"url\":\"https:\\\/\\\/blackstonegriddles.ca\\\/product\\\/blackstone-28-xl-omnivore-griddle-with-hood\\\/\",\"name\":\"Blackstone 28\\\" XL Omnivore Griddle with Hood - Blackstone Griddles\",\"isPartOf\":{\"@id\":\"https:\\\/\\\/blackstonegriddles.ca\\\/#website\"},\"primaryImageOfPage\":{\"@id\":\"https:\\\/\\\/blackstonegriddles.ca\\\/product\\\/blackstone-28-xl-omnivore-griddle-with-hood\\\/#primaryimage\"},\"image\":{\"@id\":\"https:\\\/\\\/blackstonegriddles.ca\\\/product\\\/blackstone-28-xl-omnivore-griddle-with-hood\\\/#primaryimage\"},\"thumbnailUrl\":\"https:\\\/\\\/blackstonegriddles.ca\\\/wp-content\\\/uploads\\\/2026\\\/03\\\/2403.png\",\"datePublished\":\"2026-03-10T17:21:49+00:00\",\"breadcrumb\":{\"@id\":\"https:\\\/\\\/blackstonegriddles.ca\\\/product\\\/blackstone-28-xl-omnivore-griddle-with-hood\\\/#breadcrumb\"},\"inLanguage\":\"fr-CA\",\"potentialAction\":[{\"@type\":\"ReadAction\",\"target\":[\"https:\\\/\\\/blackstonegriddles.ca\\\/product\\\/blackstone-28-xl-omnivore-griddle-with-hood\\\/\"]}]},{\"@type\":\"ImageObject\",\"inLanguage\":\"fr-CA\",\"@id\":\"https:\\\/\\\/blackstonegriddles.ca\\\/product\\\/blackstone-28-xl-omnivore-griddle-with-hood\\\/#primaryimage\",\"url\":\"https:\\\/\\\/blackstonegriddles.ca\\\/wp-content\\\/uploads\\\/2026\\\/03\\\/2403.png\",\"contentUrl\":\"https:\\\/\\\/blackstonegriddles.ca\\\/wp-content\\\/uploads\\\/2026\\\/03\\\/2403.png\",\"width\":585,\"height\":585},{\"@type\":\"BreadcrumbList\",\"@id\":\"https:\\\/\\\/blackstonegriddles.ca\\\/product\\\/blackstone-28-xl-omnivore-griddle-with-hood\\\/#breadcrumb\",\"itemListElement\":[{\"@type\":\"ListItem\",\"position\":1,\"name\":\"Home\",\"item\":\"https:\\\/\\\/blackstonegriddles.ca\\\/\"},{\"@type\":\"ListItem\",\"position\":2,\"name\":\"Shop\",\"item\":\"https:\\\/\\\/blackstonegriddles.ca\\\/shop\\\/\"},{\"@type\":\"ListItem\",\"position\":3,\"name\":\"Blackstone 28&#8243; XL Omnivore Griddle with Hood\"}]},{\"@type\":\"WebSite\",\"@id\":\"https:\\\/\\\/blackstonegriddles.ca\\\/#website\",\"url\":\"https:\\\/\\\/blackstonegriddles.ca\\\/\",\"name\":\"Blackstone Griddles Canada\",\"description\":\"Blackstone Griddles official licensed dealer Canada\",\"publisher\":{\"@id\":\"https:\\\/\\\/blackstonegriddles.ca\\\/#organization\"},\"potentialAction\":[{\"@type\":\"SearchAction\",\"target\":{\"@type\":\"EntryPoint\",\"urlTemplate\":\"https:\\\/\\\/blackstonegriddles.ca\\\/?s={search_term_string}\"},\"query-input\":{\"@type\":\"PropertyValueSpecification\",\"valueRequired\":true,\"valueName\":\"search_term_string\"}}],\"inLanguage\":\"fr-CA\"},{\"@type\":\"Organization\",\"@id\":\"https:\\\/\\\/blackstonegriddles.ca\\\/#organization\",\"name\":\"Blackstone Griddles Canada\",\"url\":\"https:\\\/\\\/blackstonegriddles.ca\\\/\",\"logo\":{\"@type\":\"ImageObject\",\"inLanguage\":\"fr-CA\",\"@id\":\"https:\\\/\\\/blackstonegriddles.ca\\\/#\\\/schema\\\/logo\\\/image\\\/\",\"url\":\"https:\\\/\\\/blackstonegriddles.ca\\\/wp-content\\\/uploads\\\/2025\\\/02\\\/blackstone-fire-logo.webp\",\"contentUrl\":\"https:\\\/\\\/blackstonegriddles.ca\\\/wp-content\\\/uploads\\\/2025\\\/02\\\/blackstone-fire-logo.webp\",\"width\":53,\"height\":58,\"caption\":\"Blackstone Griddles Canada\"},\"image\":{\"@id\":\"https:\\\/\\\/blackstonegriddles.ca\\\/#\\\/schema\\\/logo\\\/image\\\/\"},\"sameAs\":[\"https:\\\/\\\/www.facebook.com\\\/blackstoneproducts\\\/\",\"https:\\\/\\\/x.com\\\/weareblackstone\",\"https:\\\/\\\/www.instagram.com\\\/blackstoneproducts\\\/\",\"https:\\\/\\\/www.youtube.com\\\/channel\\\/UCr39rimir8y3p-q1iQYidVA\"]}]}<\/script>\n<!-- \/ Yoast SEO plugin. -->","yoast_head_json":{"title":"Blackstone 28\" XL Omnivore Griddle with Hood - Blackstone Griddles","robots":{"index":"index","follow":"follow","max-snippet":"max-snippet:-1","max-image-preview":"max-image-preview:large","max-video-preview":"max-video-preview:-1"},"canonical":"https:\/\/blackstonegriddles.ca\/fr\/produit\/blackstone-28-xl-omnivore-griddle-with-hood\/","og_locale":"fr_CA","og_type":"article","og_title":"Blackstone 28\" XL Omnivore Griddle with Hood - Blackstone Griddles","og_description":"The 28\u201d XL Omnivore Griddle with Hood is perfect for hosting your next backyard bash. The Omnivore Griddle Plate maximizes cooking efficiency and delivers a more consistent cook every time. With extra add-ons like the magnetic toolbar, side shelf hooks, and paper towel holder, you\u2019ll have everything you need to serve up delicious meals that are always better on a Blackstone.","og_url":"https:\/\/blackstonegriddles.ca\/fr\/produit\/blackstone-28-xl-omnivore-griddle-with-hood\/","og_site_name":"Blackstone Griddles","article_publisher":"https:\/\/www.facebook.com\/blackstoneproducts\/","og_image":[{"width":585,"height":585,"url":"https:\/\/blackstonegriddles.ca\/wp-content\/uploads\/2026\/03\/2403.png","type":"image\/png"}],"twitter_card":"summary_large_image","twitter_site":"@weareblackstone","twitter_misc":{"Estimation du temps de lecture":"1 minute"},"schema":{"@context":"https:\/\/schema.org","@graph":[{"@type":"WebPage","@id":"https:\/\/blackstonegriddles.ca\/product\/blackstone-28-xl-omnivore-griddle-with-hood\/","url":"https:\/\/blackstonegriddles.ca\/product\/blackstone-28-xl-omnivore-griddle-with-hood\/","name":"Blackstone 28\" XL Omnivore Griddle with Hood - Blackstone Griddles","isPartOf":{"@id":"https:\/\/blackstonegriddles.ca\/#website"},"primaryImageOfPage":{"@id":"https:\/\/blackstonegriddles.ca\/product\/blackstone-28-xl-omnivore-griddle-with-hood\/#primaryimage"},"image":{"@id":"https:\/\/blackstonegriddles.ca\/product\/blackstone-28-xl-omnivore-griddle-with-hood\/#primaryimage"},"thumbnailUrl":"https:\/\/blackstonegriddles.ca\/wp-content\/uploads\/2026\/03\/2403.png","datePublished":"2026-03-10T17:21:49+00:00","breadcrumb":{"@id":"https:\/\/blackstonegriddles.ca\/product\/blackstone-28-xl-omnivore-griddle-with-hood\/#breadcrumb"},"inLanguage":"fr-CA","potentialAction":[{"@type":"ReadAction","target":["https:\/\/blackstonegriddles.ca\/product\/blackstone-28-xl-omnivore-griddle-with-hood\/"]}]},{"@type":"ImageObject","inLanguage":"fr-CA","@id":"https:\/\/blackstonegriddles.ca\/product\/blackstone-28-xl-omnivore-griddle-with-hood\/#primaryimage","url":"https:\/\/blackstonegriddles.ca\/wp-content\/uploads\/2026\/03\/2403.png","contentUrl":"https:\/\/blackstonegriddles.ca\/wp-content\/uploads\/2026\/03\/2403.png","width":585,"height":585},{"@type":"BreadcrumbList","@id":"https:\/\/blackstonegriddles.ca\/product\/blackstone-28-xl-omnivore-griddle-with-hood\/#breadcrumb","itemListElement":[{"@type":"ListItem","position":1,"name":"Home","item":"https:\/\/blackstonegriddles.ca\/"},{"@type":"ListItem","position":2,"name":"Shop","item":"https:\/\/blackstonegriddles.ca\/shop\/"},{"@type":"ListItem","position":3,"name":"Blackstone 28&#8243; XL Omnivore Griddle with Hood"}]},{"@type":"WebSite","@id":"https:\/\/blackstonegriddles.ca\/#website","url":"https:\/\/blackstonegriddles.ca\/","name":"Grils Blackstone Canada","description":"Blackstone Griddles distributeur officiel agr\u00e9\u00e9 Canada","publisher":{"@id":"https:\/\/blackstonegriddles.ca\/#organization"},"potentialAction":[{"@type":"SearchAction","target":{"@type":"EntryPoint","urlTemplate":"https:\/\/blackstonegriddles.ca\/?s={search_term_string}"},"query-input":{"@type":"PropertyValueSpecification","valueRequired":true,"valueName":"search_term_string"}}],"inLanguage":"fr-CA"},{"@type":"Organization","@id":"https:\/\/blackstonegriddles.ca\/#organization","name":"Grils Blackstone Canada","url":"https:\/\/blackstonegriddles.ca\/","logo":{"@type":"ImageObject","inLanguage":"fr-CA","@id":"https:\/\/blackstonegriddles.ca\/#\/schema\/logo\/image\/","url":"https:\/\/blackstonegriddles.ca\/wp-content\/uploads\/2025\/02\/blackstone-fire-logo.webp","contentUrl":"https:\/\/blackstonegriddles.ca\/wp-content\/uploads\/2025\/02\/blackstone-fire-logo.webp","width":53,"height":58,"caption":"Blackstone Griddles Canada"},"image":{"@id":"https:\/\/blackstonegriddles.ca\/#\/schema\/logo\/image\/"},"sameAs":["https:\/\/www.facebook.com\/blackstoneproducts\/","https:\/\/x.com\/weareblackstone","https:\/\/www.instagram.com\/blackstoneproducts\/","https:\/\/www.youtube.com\/channel\/UCr39rimir8y3p-q1iQYidVA"]}]}},"_links":{"self":[{"href":"https:\/\/blackstonegriddles.ca\/fr\/wp-json\/wp\/v2\/product\/51625","targetHints":{"allow":["GET"]}}],"collection":[{"href":"https:\/\/blackstonegriddles.ca\/fr\/wp-json\/wp\/v2\/product"}],"about":[{"href":"https:\/\/blackstonegriddles.ca\/fr\/wp-json\/wp\/v2\/types\/product"}],"wp:featuredmedia":[{"embeddable":true,"href":"https:\/\/blackstonegriddles.ca\/fr\/wp-json\/wp\/v2\/media\/51626"}],"wp:attachment":[{"href":"https:\/\/blackstonegriddles.ca\/fr\/wp-json\/wp\/v2\/media?parent=51625"}],"wp:term":[{"taxonomy":"product_brand","embeddable":true,"href":"https:\/\/blackstonegriddles.ca\/fr\/wp-json\/wp\/v2\/product_brand?post=51625"},{"taxonomy":"product_cat","embeddable":true,"href":"https:\/\/blackstonegriddles.ca\/fr\/wp-json\/wp\/v2\/product_cat?post=51625"},{"taxonomy":"product_tag","embeddable":true,"href":"https:\/\/blackstonegriddles.ca\/fr\/wp-json\/wp\/v2\/product_tag?post=51625"}],"curies":[{"name":"wp","href":"https:\/\/api.w.org\/{rel}","templated":true}]}}