{"id":51627,"date":"2026-03-10T17:25:30","date_gmt":"2026-03-10T17:25:30","guid":{"rendered":"https:\/\/blackstonegriddles.ca\/?post_type=product&#038;p=51627"},"modified":"2026-04-30T20:00:38","modified_gmt":"2026-04-30T20:00:38","slug":"blackstone-22-cart-griddle-with-hood","status":"publish","type":"product","link":"https:\/\/blackstonegriddles.ca\/fr\/product\/blackstone-22-cart-griddle-with-hood\/","title":{"rendered":"Blackstone 22\u2033 Gril sur chariot avec hotte"},"content":{"rendered":"<ul class=\"list--default product-details__list\">\n<li class=\"product-details__list-item mb-2\">Espace de cuisson de 22\u201d - 361 pouces carr\u00e9s<\/li>\n<li class=\"product-details__list-item mb-2\">Deux zones de cuisson contr\u00f4l\u00e9es ind\u00e9pendamment avec un total de 24 000 BTU<\/li>\n<li class=\"product-details__list-item mb-2\">Deux br\u00fbleurs H en acier inoxydable<\/li>\n<li class=\"product-details__list-item mb-2\">Chariot de gril durable et mobile<\/li>\n<li class=\"product-details__list-item mb-2\">Capot peint de style classique avec poign\u00e9es OTG orange.<\/li>\n<\/ul>","protected":false},"excerpt":{"rendered":"<p>Savourez le go\u00fbt d'une nourriture d\u00e9licieuse n'importe o\u00f9 gr\u00e2ce au chariot de gril au gaz propane \u00e0 2 br\u00fbleurs On The Go de Blackstone en noir avec hotte. Gr\u00e2ce \u00e0 ses roues robustes et \u00e0 ses poign\u00e9es antid\u00e9rapantes, vous pourrez faire la f\u00eate et d\u00e9guster de d\u00e9licieux repas dans l'arri\u00e8re-cour, sur le terrain de camping ou \u00e0 l'occasion d'un barbecue. Ce gril durable de type chariot offre une surface de cuisson de 361 po2 et une puissance de 24 000 BTU. Prot\u00e9g\u00e9 par un capot en acier au fini poudr\u00e9, l'acier lamin\u00e9 \u00e0 froid de la surface de la plaque chauffe et cuit uniform\u00e9ment gr\u00e2ce aux br\u00fbleurs en H en acier inoxydable. Faites passer vos aventures au niveau sup\u00e9rieur avec cette puissante plancha Blackstone portable.<\/p>","protected":false},"featured_media":51628,"template":"","meta":[],"product_brand":[],"product_cat":[156,154],"product_tag":[],"class_list":{"0":"post-51627","1":"product","2":"type-product","3":"status-publish","4":"has-post-thumbnail","6":"product_cat-156","7":"product_cat-griddles","9":"first","10":"instock","11":"taxable","12":"shipping-taxable","13":"purchasable","14":"product-type-simple"},"yoast_head":"<!-- This site is optimized with the Yoast SEO plugin v27.5 - https:\/\/yoast.com\/product\/yoast-seo-wordpress\/ -->\n<title>Blackstone 22&quot; Cart Griddle With Hood - Blackstone Griddles<\/title>\n<meta name=\"robots\" content=\"index, follow, max-snippet:-1, max-image-preview:large, max-video-preview:-1\" \/>\n<link rel=\"canonical\" href=\"https:\/\/blackstonegriddles.ca\/fr\/produit\/blackstone-22-cart-griddle-with-hood\/\" \/>\n<meta property=\"og:locale\" content=\"fr_CA\" \/>\n<meta property=\"og:type\" content=\"article\" \/>\n<meta property=\"og:title\" content=\"Blackstone 22&quot; Cart Griddle With Hood - Blackstone Griddles\" \/>\n<meta property=\"og:description\" content=\"Savor the taste of delicious food anywhere thanks to Blackstone\u2019s On The Go 2-Burner Propane Gas Griddle Cart in Black with Hood. Take the party and delicious meals to the backyard, tailgate, or campground thanks to heavy-duty wheels and non-slip grips. This durable cart-style grill features 361 sq. in. cooking space with a hefty 24,000 BTUs. Protected by a powdered finish steel hood, the cold-rolled steel of the griddle surface heats and cooks evenly thanks to stainless steel H burners. Take your adventures to the next level with this portable and powerful Blackstone griddle.\" \/>\n<meta property=\"og:url\" content=\"https:\/\/blackstonegriddles.ca\/fr\/produit\/blackstone-22-cart-griddle-with-hood\/\" \/>\n<meta property=\"og:site_name\" content=\"Blackstone Griddles\" \/>\n<meta property=\"article:publisher\" content=\"https:\/\/www.facebook.com\/blackstoneproducts\/\" \/>\n<meta property=\"article:modified_time\" content=\"2026-04-30T20:00:38+00:00\" \/>\n<meta property=\"og:image\" content=\"https:\/\/blackstonegriddles.ca\/wp-content\/uploads\/2026\/03\/2475.png\" \/>\n\t<meta property=\"og:image:width\" content=\"561\" \/>\n\t<meta property=\"og:image:height\" content=\"726\" \/>\n\t<meta property=\"og:image:type\" content=\"image\/png\" \/>\n<meta name=\"twitter:card\" content=\"summary_large_image\" \/>\n<meta name=\"twitter:site\" content=\"@weareblackstone\" \/>\n<meta name=\"twitter:label1\" content=\"Estimation du temps de lecture\" \/>\n\t<meta name=\"twitter:data1\" content=\"1 minute\" \/>\n<script type=\"application\/ld+json\" class=\"yoast-schema-graph\">{\"@context\":\"https:\\\/\\\/schema.org\",\"@graph\":[{\"@type\":\"WebPage\",\"@id\":\"https:\\\/\\\/blackstonegriddles.ca\\\/product\\\/blackstone-22-cart-griddle-with-hood\\\/\",\"url\":\"https:\\\/\\\/blackstonegriddles.ca\\\/product\\\/blackstone-22-cart-griddle-with-hood\\\/\",\"name\":\"Blackstone 22\\\" Cart Griddle With Hood - Blackstone Griddles\",\"isPartOf\":{\"@id\":\"https:\\\/\\\/blackstonegriddles.ca\\\/#website\"},\"primaryImageOfPage\":{\"@id\":\"https:\\\/\\\/blackstonegriddles.ca\\\/product\\\/blackstone-22-cart-griddle-with-hood\\\/#primaryimage\"},\"image\":{\"@id\":\"https:\\\/\\\/blackstonegriddles.ca\\\/product\\\/blackstone-22-cart-griddle-with-hood\\\/#primaryimage\"},\"thumbnailUrl\":\"https:\\\/\\\/blackstonegriddles.ca\\\/wp-content\\\/uploads\\\/2026\\\/03\\\/2475.png\",\"datePublished\":\"2026-03-10T17:25:30+00:00\",\"dateModified\":\"2026-04-30T20:00:38+00:00\",\"breadcrumb\":{\"@id\":\"https:\\\/\\\/blackstonegriddles.ca\\\/product\\\/blackstone-22-cart-griddle-with-hood\\\/#breadcrumb\"},\"inLanguage\":\"fr-CA\",\"potentialAction\":[{\"@type\":\"ReadAction\",\"target\":[\"https:\\\/\\\/blackstonegriddles.ca\\\/product\\\/blackstone-22-cart-griddle-with-hood\\\/\"]}]},{\"@type\":\"ImageObject\",\"inLanguage\":\"fr-CA\",\"@id\":\"https:\\\/\\\/blackstonegriddles.ca\\\/product\\\/blackstone-22-cart-griddle-with-hood\\\/#primaryimage\",\"url\":\"https:\\\/\\\/blackstonegriddles.ca\\\/wp-content\\\/uploads\\\/2026\\\/03\\\/2475.png\",\"contentUrl\":\"https:\\\/\\\/blackstonegriddles.ca\\\/wp-content\\\/uploads\\\/2026\\\/03\\\/2475.png\",\"width\":561,\"height\":726},{\"@type\":\"BreadcrumbList\",\"@id\":\"https:\\\/\\\/blackstonegriddles.ca\\\/product\\\/blackstone-22-cart-griddle-with-hood\\\/#breadcrumb\",\"itemListElement\":[{\"@type\":\"ListItem\",\"position\":1,\"name\":\"Home\",\"item\":\"https:\\\/\\\/blackstonegriddles.ca\\\/\"},{\"@type\":\"ListItem\",\"position\":2,\"name\":\"Shop\",\"item\":\"https:\\\/\\\/blackstonegriddles.ca\\\/shop\\\/\"},{\"@type\":\"ListItem\",\"position\":3,\"name\":\"Blackstone 22&#8243; Cart Griddle With Hood\"}]},{\"@type\":\"WebSite\",\"@id\":\"https:\\\/\\\/blackstonegriddles.ca\\\/#website\",\"url\":\"https:\\\/\\\/blackstonegriddles.ca\\\/\",\"name\":\"Blackstone Griddles Canada\",\"description\":\"Blackstone Griddles official licensed dealer Canada\",\"publisher\":{\"@id\":\"https:\\\/\\\/blackstonegriddles.ca\\\/#organization\"},\"potentialAction\":[{\"@type\":\"SearchAction\",\"target\":{\"@type\":\"EntryPoint\",\"urlTemplate\":\"https:\\\/\\\/blackstonegriddles.ca\\\/?s={search_term_string}\"},\"query-input\":{\"@type\":\"PropertyValueSpecification\",\"valueRequired\":true,\"valueName\":\"search_term_string\"}}],\"inLanguage\":\"fr-CA\"},{\"@type\":\"Organization\",\"@id\":\"https:\\\/\\\/blackstonegriddles.ca\\\/#organization\",\"name\":\"Blackstone Griddles Canada\",\"url\":\"https:\\\/\\\/blackstonegriddles.ca\\\/\",\"logo\":{\"@type\":\"ImageObject\",\"inLanguage\":\"fr-CA\",\"@id\":\"https:\\\/\\\/blackstonegriddles.ca\\\/#\\\/schema\\\/logo\\\/image\\\/\",\"url\":\"https:\\\/\\\/blackstonegriddles.ca\\\/wp-content\\\/uploads\\\/2025\\\/02\\\/blackstone-fire-logo.webp\",\"contentUrl\":\"https:\\\/\\\/blackstonegriddles.ca\\\/wp-content\\\/uploads\\\/2025\\\/02\\\/blackstone-fire-logo.webp\",\"width\":53,\"height\":58,\"caption\":\"Blackstone Griddles Canada\"},\"image\":{\"@id\":\"https:\\\/\\\/blackstonegriddles.ca\\\/#\\\/schema\\\/logo\\\/image\\\/\"},\"sameAs\":[\"https:\\\/\\\/www.facebook.com\\\/blackstoneproducts\\\/\",\"https:\\\/\\\/x.com\\\/weareblackstone\",\"https:\\\/\\\/www.instagram.com\\\/blackstoneproducts\\\/\",\"https:\\\/\\\/www.youtube.com\\\/channel\\\/UCr39rimir8y3p-q1iQYidVA\"]}]}<\/script>\n<!-- \/ Yoast SEO plugin. -->","yoast_head_json":{"title":"Blackstone 22\" Cart Griddle With Hood - Blackstone Griddles","robots":{"index":"index","follow":"follow","max-snippet":"max-snippet:-1","max-image-preview":"max-image-preview:large","max-video-preview":"max-video-preview:-1"},"canonical":"https:\/\/blackstonegriddles.ca\/fr\/produit\/blackstone-22-cart-griddle-with-hood\/","og_locale":"fr_CA","og_type":"article","og_title":"Blackstone 22\" Cart Griddle With Hood - Blackstone Griddles","og_description":"Savor the taste of delicious food anywhere thanks to Blackstone\u2019s On The Go 2-Burner Propane Gas Griddle Cart in Black with Hood. Take the party and delicious meals to the backyard, tailgate, or campground thanks to heavy-duty wheels and non-slip grips. This durable cart-style grill features 361 sq. in. cooking space with a hefty 24,000 BTUs. Protected by a powdered finish steel hood, the cold-rolled steel of the griddle surface heats and cooks evenly thanks to stainless steel H burners. Take your adventures to the next level with this portable and powerful Blackstone griddle.","og_url":"https:\/\/blackstonegriddles.ca\/fr\/produit\/blackstone-22-cart-griddle-with-hood\/","og_site_name":"Blackstone Griddles","article_publisher":"https:\/\/www.facebook.com\/blackstoneproducts\/","article_modified_time":"2026-04-30T20:00:38+00:00","og_image":[{"width":561,"height":726,"url":"https:\/\/blackstonegriddles.ca\/wp-content\/uploads\/2026\/03\/2475.png","type":"image\/png"}],"twitter_card":"summary_large_image","twitter_site":"@weareblackstone","twitter_misc":{"Estimation du temps de lecture":"1 minute"},"schema":{"@context":"https:\/\/schema.org","@graph":[{"@type":"WebPage","@id":"https:\/\/blackstonegriddles.ca\/product\/blackstone-22-cart-griddle-with-hood\/","url":"https:\/\/blackstonegriddles.ca\/product\/blackstone-22-cart-griddle-with-hood\/","name":"Blackstone 22\" Cart Griddle With Hood - Blackstone Griddles","isPartOf":{"@id":"https:\/\/blackstonegriddles.ca\/#website"},"primaryImageOfPage":{"@id":"https:\/\/blackstonegriddles.ca\/product\/blackstone-22-cart-griddle-with-hood\/#primaryimage"},"image":{"@id":"https:\/\/blackstonegriddles.ca\/product\/blackstone-22-cart-griddle-with-hood\/#primaryimage"},"thumbnailUrl":"https:\/\/blackstonegriddles.ca\/wp-content\/uploads\/2026\/03\/2475.png","datePublished":"2026-03-10T17:25:30+00:00","dateModified":"2026-04-30T20:00:38+00:00","breadcrumb":{"@id":"https:\/\/blackstonegriddles.ca\/product\/blackstone-22-cart-griddle-with-hood\/#breadcrumb"},"inLanguage":"fr-CA","potentialAction":[{"@type":"ReadAction","target":["https:\/\/blackstonegriddles.ca\/product\/blackstone-22-cart-griddle-with-hood\/"]}]},{"@type":"ImageObject","inLanguage":"fr-CA","@id":"https:\/\/blackstonegriddles.ca\/product\/blackstone-22-cart-griddle-with-hood\/#primaryimage","url":"https:\/\/blackstonegriddles.ca\/wp-content\/uploads\/2026\/03\/2475.png","contentUrl":"https:\/\/blackstonegriddles.ca\/wp-content\/uploads\/2026\/03\/2475.png","width":561,"height":726},{"@type":"BreadcrumbList","@id":"https:\/\/blackstonegriddles.ca\/product\/blackstone-22-cart-griddle-with-hood\/#breadcrumb","itemListElement":[{"@type":"ListItem","position":1,"name":"Home","item":"https:\/\/blackstonegriddles.ca\/"},{"@type":"ListItem","position":2,"name":"Shop","item":"https:\/\/blackstonegriddles.ca\/shop\/"},{"@type":"ListItem","position":3,"name":"Blackstone 22&#8243; Cart Griddle With Hood"}]},{"@type":"WebSite","@id":"https:\/\/blackstonegriddles.ca\/#website","url":"https:\/\/blackstonegriddles.ca\/","name":"Grils Blackstone Canada","description":"Blackstone Griddles distributeur officiel agr\u00e9\u00e9 Canada","publisher":{"@id":"https:\/\/blackstonegriddles.ca\/#organization"},"potentialAction":[{"@type":"SearchAction","target":{"@type":"EntryPoint","urlTemplate":"https:\/\/blackstonegriddles.ca\/?s={search_term_string}"},"query-input":{"@type":"PropertyValueSpecification","valueRequired":true,"valueName":"search_term_string"}}],"inLanguage":"fr-CA"},{"@type":"Organization","@id":"https:\/\/blackstonegriddles.ca\/#organization","name":"Grils Blackstone Canada","url":"https:\/\/blackstonegriddles.ca\/","logo":{"@type":"ImageObject","inLanguage":"fr-CA","@id":"https:\/\/blackstonegriddles.ca\/#\/schema\/logo\/image\/","url":"https:\/\/blackstonegriddles.ca\/wp-content\/uploads\/2025\/02\/blackstone-fire-logo.webp","contentUrl":"https:\/\/blackstonegriddles.ca\/wp-content\/uploads\/2025\/02\/blackstone-fire-logo.webp","width":53,"height":58,"caption":"Blackstone Griddles Canada"},"image":{"@id":"https:\/\/blackstonegriddles.ca\/#\/schema\/logo\/image\/"},"sameAs":["https:\/\/www.facebook.com\/blackstoneproducts\/","https:\/\/x.com\/weareblackstone","https:\/\/www.instagram.com\/blackstoneproducts\/","https:\/\/www.youtube.com\/channel\/UCr39rimir8y3p-q1iQYidVA"]}]}},"_links":{"self":[{"href":"https:\/\/blackstonegriddles.ca\/fr\/wp-json\/wp\/v2\/product\/51627","targetHints":{"allow":["GET"]}}],"collection":[{"href":"https:\/\/blackstonegriddles.ca\/fr\/wp-json\/wp\/v2\/product"}],"about":[{"href":"https:\/\/blackstonegriddles.ca\/fr\/wp-json\/wp\/v2\/types\/product"}],"wp:featuredmedia":[{"embeddable":true,"href":"https:\/\/blackstonegriddles.ca\/fr\/wp-json\/wp\/v2\/media\/51628"}],"wp:attachment":[{"href":"https:\/\/blackstonegriddles.ca\/fr\/wp-json\/wp\/v2\/media?parent=51627"}],"wp:term":[{"taxonomy":"product_brand","embeddable":true,"href":"https:\/\/blackstonegriddles.ca\/fr\/wp-json\/wp\/v2\/product_brand?post=51627"},{"taxonomy":"product_cat","embeddable":true,"href":"https:\/\/blackstonegriddles.ca\/fr\/wp-json\/wp\/v2\/product_cat?post=51627"},{"taxonomy":"product_tag","embeddable":true,"href":"https:\/\/blackstonegriddles.ca\/fr\/wp-json\/wp\/v2\/product_tag?post=51627"}],"curies":[{"name":"wp","href":"https:\/\/api.w.org\/{rel}","templated":true}]}}