{"id":51641,"date":"2026-03-12T17:17:08","date_gmt":"2026-03-12T17:17:08","guid":{"rendered":"https:\/\/blackstonegriddles.ca\/?post_type=product&#038;p=51641"},"modified":"2026-03-12T17:17:08","modified_gmt":"2026-03-12T17:17:08","slug":"kit-dentretien-pour-plancha-blackstone-22-pieces","status":"publish","type":"product","link":"https:\/\/blackstonegriddles.ca\/fr\/product\/blackstone-griddle-care-kit-22-piece\/","title":{"rendered":"Kit d'entretien de gril Blackstone 22 pi\u00e8ces"},"content":{"rendered":"<ul>\n<li>Construction durable - Fabriqu\u00e9 avec des outils robustes en acier inoxydable con\u00e7us pour des performances durables et une utilisation fr\u00e9quente.<\/li>\n<li data-start=\"215\" data-end=\"338\">Nettoyage facile du gril - Comprend un grattoir, une poign\u00e9e de nettoyage et des tampons \u00e0 r\u00e9curer pour aider \u00e0 \u00e9liminer la graisse, les r\u00e9sidus d'aliments et les accumulations.<\/li>\n<li data-start=\"478\" data-end=\"604\">Les essentiels de la cuisine inclus - Fourni avec des spatules, des pinces et une fourchette pour retourner et manipuler les aliments avec facilit\u00e9.<\/li>\n<li data-start=\"607\" data-end=\"713\">Bouteilles \u00e0 presser pratiques - Parfaites pour distribuer des huiles, des sauces, de l'eau ou des marinades pendant la cuisson.<\/li>\n<li data-start=\"716\" data-end=\"810\">D\u00f4me et brosse \u00e0 badigeonner - Permet de faire fondre le fromage, de cuire les aliments \u00e0 la vapeur et d'appliquer uniform\u00e9ment les sauces ou le beurre.<\/li>\n<li data-start=\"813\" data-end=\"919\">Organis\u00e9 et pr\u00eat \u00e0 l'emploi - Le tablier utilitaire permet de garder les outils \u00e0 port\u00e9e de main et organis\u00e9s pendant la cuisson.<\/li>\n<li data-start=\"922\" data-end=\"1061\">Id\u00e9al pour la cuisine en plein air - Id\u00e9al pour les grils et les plaques de cuisson, ce qui le rend parfait pour les barbecues, le camping et les cuisines en plein air.<\/li>\n<li>L'ensemble comprend un grattoir en acier inoxydable (Qt\u00e9 1), des tampons \u00e0 r\u00e9curer (Qt\u00e9 3) et une poign\u00e9e pour les tampons \u00e0 r\u00e9curer (Qt\u00e9 1), une brique de nettoyage (Qt\u00e9 1) et une poign\u00e9e pour la brique de nettoyage (Qt\u00e9 1), des rev\u00eatements pour les godets \u00e0 graisse (Qt\u00e9 10), des bouteilles de 16 oz (Qt\u00e9 2), un grand tapis \u00e0 spatules (Qt\u00e9 1) et un tablier utilitaire (Qt\u00e9 1).<\/li>\n<li>Garantie d'un an.<\/li>\n<\/ul>","protected":false},"excerpt":{"rendered":"<p data-start=\"177\" data-end=\"529\">Le kit d'entretien pour plancha 22 pi\u00e8ces est un ensemble d'accessoires tout-en-un con\u00e7u pour vous aider \u00e0 cuisiner, nettoyer et entretenir facilement votre plancha. Dot\u00e9 d'outils durables en acier inoxydable et de poign\u00e9es r\u00e9sistantes \u00e0 la chaleur, ce kit complet comprend tout ce qui est n\u00e9cessaire \u00e0 la pr\u00e9paration et \u00e0 la cuisson des aliments, ainsi qu'au nettoyage apr\u00e8s le repas.<\/p>\n<p data-start=\"531\" data-end=\"951\">Id\u00e9al pour les d\u00e9butants et les grilleurs exp\u00e9riment\u00e9s, le kit contient des outils essentiels tels que des spatules, des pinces, un grattoir, des bouteilles de condiments et des accessoires de nettoyage pour que votre plancha fonctionne au mieux. Les tampons \u00e0 r\u00e9curer et le manche de nettoyage inclus facilitent l'\u00e9limination de la graisse et des r\u00e9sidus alimentaires, tandis que le tablier utilitaire permet d'organiser les outils et de les garder \u00e0 port\u00e9e de main pendant la cuisson.<\/p>\n<p data-start=\"953\" data-end=\"1129\">Con\u00e7u pour durer et \u00eatre pratique, cet ensemble de 22 pi\u00e8ces contient tout ce qu'il faut pour pr\u00e9parer les repas, entretenir la surface de votre plancha et am\u00e9liorer votre exp\u00e9rience de la cuisine en plein air.<\/p>","protected":false},"featured_media":51642,"template":"","meta":[],"product_brand":[],"product_cat":[138,263],"product_tag":[],"class_list":{"0":"post-51641","1":"product","2":"type-product","3":"status-publish","4":"has-post-thumbnail","6":"product_cat-accessories","7":"product_cat-conditioners-cleaning","9":"first","10":"outofstock","11":"taxable","12":"shipping-taxable","13":"purchasable","14":"product-type-simple"},"yoast_head":"<!-- This site is optimized with the Yoast SEO plugin v27.4 - https:\/\/yoast.com\/product\/yoast-seo-wordpress\/ -->\n<title>Blackstone Griddle Care Kit 22 Piece - Blackstone Griddles<\/title>\n<meta name=\"robots\" content=\"index, follow, max-snippet:-1, max-image-preview:large, max-video-preview:-1\" \/>\n<link rel=\"canonical\" href=\"https:\/\/blackstonegriddles.ca\/fr\/produit\/kit-dentretien-pour-plancha-blackstone-22-pieces\/\" \/>\n<meta property=\"og:locale\" content=\"fr_CA\" \/>\n<meta property=\"og:type\" content=\"article\" \/>\n<meta property=\"og:title\" content=\"Blackstone Griddle Care Kit 22 Piece - Blackstone Griddles\" \/>\n<meta property=\"og:description\" content=\"The 22-Piece Griddle Care Kit is an all-in-one accessory set designed to help you cook, clean, and maintain your flat-top griddle with ease. Featuring durable stainless-steel tools and heat-resistant handles, this comprehensive kit includes everything needed for food preparation, cooking, and post-meal cleanup. Ideal for beginners and experienced grillers alike, the kit contains essential tools such as spatulas, tongs, a scraper, condiment bottles, and cleaning accessories to keep your griddle performing at its best. The included scouring pads and cleaning handle make removing grease and food residue simple, while the utility apron keeps tools organized and within reach while cooking. Built for durability and convenience, this 22-piece set provides everything needed to prepare meals, maintain your griddle surface, and enhance your outdoor cooking experience.\" \/>\n<meta property=\"og:url\" content=\"https:\/\/blackstonegriddles.ca\/fr\/produit\/kit-dentretien-pour-plancha-blackstone-22-pieces\/\" \/>\n<meta property=\"og:site_name\" content=\"Blackstone Griddles\" \/>\n<meta property=\"article:publisher\" content=\"https:\/\/www.facebook.com\/blackstoneproducts\/\" \/>\n<meta property=\"og:image\" content=\"https:\/\/blackstonegriddles.ca\/wp-content\/uploads\/2026\/03\/5732.png\" \/>\n\t<meta property=\"og:image:width\" content=\"483\" \/>\n\t<meta property=\"og:image:height\" content=\"453\" \/>\n\t<meta property=\"og:image:type\" content=\"image\/png\" \/>\n<meta name=\"twitter:card\" content=\"summary_large_image\" \/>\n<meta name=\"twitter:site\" content=\"@weareblackstone\" \/>\n<meta name=\"twitter:label1\" content=\"Estimation du temps de lecture\" \/>\n\t<meta name=\"twitter:data1\" content=\"1 minute\" \/>\n<script type=\"application\/ld+json\" class=\"yoast-schema-graph\">{\"@context\":\"https:\\\/\\\/schema.org\",\"@graph\":[{\"@type\":\"WebPage\",\"@id\":\"https:\\\/\\\/blackstonegriddles.ca\\\/product\\\/blackstone-griddle-care-kit-22-piece\\\/\",\"url\":\"https:\\\/\\\/blackstonegriddles.ca\\\/product\\\/blackstone-griddle-care-kit-22-piece\\\/\",\"name\":\"Blackstone Griddle Care Kit 22 Piece - Blackstone Griddles\",\"isPartOf\":{\"@id\":\"https:\\\/\\\/blackstonegriddles.ca\\\/#website\"},\"primaryImageOfPage\":{\"@id\":\"https:\\\/\\\/blackstonegriddles.ca\\\/product\\\/blackstone-griddle-care-kit-22-piece\\\/#primaryimage\"},\"image\":{\"@id\":\"https:\\\/\\\/blackstonegriddles.ca\\\/product\\\/blackstone-griddle-care-kit-22-piece\\\/#primaryimage\"},\"thumbnailUrl\":\"https:\\\/\\\/blackstonegriddles.ca\\\/wp-content\\\/uploads\\\/2026\\\/03\\\/5732.png\",\"datePublished\":\"2026-03-12T17:17:08+00:00\",\"breadcrumb\":{\"@id\":\"https:\\\/\\\/blackstonegriddles.ca\\\/product\\\/blackstone-griddle-care-kit-22-piece\\\/#breadcrumb\"},\"inLanguage\":\"fr-CA\",\"potentialAction\":[{\"@type\":\"ReadAction\",\"target\":[\"https:\\\/\\\/blackstonegriddles.ca\\\/product\\\/blackstone-griddle-care-kit-22-piece\\\/\"]}]},{\"@type\":\"ImageObject\",\"inLanguage\":\"fr-CA\",\"@id\":\"https:\\\/\\\/blackstonegriddles.ca\\\/product\\\/blackstone-griddle-care-kit-22-piece\\\/#primaryimage\",\"url\":\"https:\\\/\\\/blackstonegriddles.ca\\\/wp-content\\\/uploads\\\/2026\\\/03\\\/5732.png\",\"contentUrl\":\"https:\\\/\\\/blackstonegriddles.ca\\\/wp-content\\\/uploads\\\/2026\\\/03\\\/5732.png\",\"width\":483,\"height\":453},{\"@type\":\"BreadcrumbList\",\"@id\":\"https:\\\/\\\/blackstonegriddles.ca\\\/product\\\/blackstone-griddle-care-kit-22-piece\\\/#breadcrumb\",\"itemListElement\":[{\"@type\":\"ListItem\",\"position\":1,\"name\":\"Home\",\"item\":\"https:\\\/\\\/blackstonegriddles.ca\\\/\"},{\"@type\":\"ListItem\",\"position\":2,\"name\":\"Shop\",\"item\":\"https:\\\/\\\/blackstonegriddles.ca\\\/shop\\\/\"},{\"@type\":\"ListItem\",\"position\":3,\"name\":\"Blackstone Griddle Care Kit 22 Piece\"}]},{\"@type\":\"WebSite\",\"@id\":\"https:\\\/\\\/blackstonegriddles.ca\\\/#website\",\"url\":\"https:\\\/\\\/blackstonegriddles.ca\\\/\",\"name\":\"Blackstone Griddles Canada\",\"description\":\"Blackstone Griddles official licensed dealer Canada\",\"publisher\":{\"@id\":\"https:\\\/\\\/blackstonegriddles.ca\\\/#organization\"},\"potentialAction\":[{\"@type\":\"SearchAction\",\"target\":{\"@type\":\"EntryPoint\",\"urlTemplate\":\"https:\\\/\\\/blackstonegriddles.ca\\\/?s={search_term_string}\"},\"query-input\":{\"@type\":\"PropertyValueSpecification\",\"valueRequired\":true,\"valueName\":\"search_term_string\"}}],\"inLanguage\":\"fr-CA\"},{\"@type\":\"Organization\",\"@id\":\"https:\\\/\\\/blackstonegriddles.ca\\\/#organization\",\"name\":\"Blackstone Griddles Canada\",\"url\":\"https:\\\/\\\/blackstonegriddles.ca\\\/\",\"logo\":{\"@type\":\"ImageObject\",\"inLanguage\":\"fr-CA\",\"@id\":\"https:\\\/\\\/blackstonegriddles.ca\\\/#\\\/schema\\\/logo\\\/image\\\/\",\"url\":\"https:\\\/\\\/blackstonegriddles.ca\\\/wp-content\\\/uploads\\\/2025\\\/02\\\/blackstone-fire-logo.webp\",\"contentUrl\":\"https:\\\/\\\/blackstonegriddles.ca\\\/wp-content\\\/uploads\\\/2025\\\/02\\\/blackstone-fire-logo.webp\",\"width\":53,\"height\":58,\"caption\":\"Blackstone Griddles Canada\"},\"image\":{\"@id\":\"https:\\\/\\\/blackstonegriddles.ca\\\/#\\\/schema\\\/logo\\\/image\\\/\"},\"sameAs\":[\"https:\\\/\\\/www.facebook.com\\\/blackstoneproducts\\\/\",\"https:\\\/\\\/x.com\\\/weareblackstone\",\"https:\\\/\\\/www.instagram.com\\\/blackstoneproducts\\\/\",\"https:\\\/\\\/www.youtube.com\\\/channel\\\/UCr39rimir8y3p-q1iQYidVA\"]}]}<\/script>\n<!-- \/ Yoast SEO plugin. -->","yoast_head_json":{"title":"Blackstone Griddle Care Kit 22 Piece - Blackstone Griddles","robots":{"index":"index","follow":"follow","max-snippet":"max-snippet:-1","max-image-preview":"max-image-preview:large","max-video-preview":"max-video-preview:-1"},"canonical":"https:\/\/blackstonegriddles.ca\/fr\/produit\/kit-dentretien-pour-plancha-blackstone-22-pieces\/","og_locale":"fr_CA","og_type":"article","og_title":"Blackstone Griddle Care Kit 22 Piece - Blackstone Griddles","og_description":"The 22-Piece Griddle Care Kit is an all-in-one accessory set designed to help you cook, clean, and maintain your flat-top griddle with ease. Featuring durable stainless-steel tools and heat-resistant handles, this comprehensive kit includes everything needed for food preparation, cooking, and post-meal cleanup. Ideal for beginners and experienced grillers alike, the kit contains essential tools such as spatulas, tongs, a scraper, condiment bottles, and cleaning accessories to keep your griddle performing at its best. The included scouring pads and cleaning handle make removing grease and food residue simple, while the utility apron keeps tools organized and within reach while cooking. Built for durability and convenience, this 22-piece set provides everything needed to prepare meals, maintain your griddle surface, and enhance your outdoor cooking experience.","og_url":"https:\/\/blackstonegriddles.ca\/fr\/produit\/kit-dentretien-pour-plancha-blackstone-22-pieces\/","og_site_name":"Blackstone Griddles","article_publisher":"https:\/\/www.facebook.com\/blackstoneproducts\/","og_image":[{"width":483,"height":453,"url":"https:\/\/blackstonegriddles.ca\/wp-content\/uploads\/2026\/03\/5732.png","type":"image\/png"}],"twitter_card":"summary_large_image","twitter_site":"@weareblackstone","twitter_misc":{"Estimation du temps de lecture":"1 minute"},"schema":{"@context":"https:\/\/schema.org","@graph":[{"@type":"WebPage","@id":"https:\/\/blackstonegriddles.ca\/product\/blackstone-griddle-care-kit-22-piece\/","url":"https:\/\/blackstonegriddles.ca\/product\/blackstone-griddle-care-kit-22-piece\/","name":"Blackstone Griddle Care Kit 22 Piece - Blackstone Griddles","isPartOf":{"@id":"https:\/\/blackstonegriddles.ca\/#website"},"primaryImageOfPage":{"@id":"https:\/\/blackstonegriddles.ca\/product\/blackstone-griddle-care-kit-22-piece\/#primaryimage"},"image":{"@id":"https:\/\/blackstonegriddles.ca\/product\/blackstone-griddle-care-kit-22-piece\/#primaryimage"},"thumbnailUrl":"https:\/\/blackstonegriddles.ca\/wp-content\/uploads\/2026\/03\/5732.png","datePublished":"2026-03-12T17:17:08+00:00","breadcrumb":{"@id":"https:\/\/blackstonegriddles.ca\/product\/blackstone-griddle-care-kit-22-piece\/#breadcrumb"},"inLanguage":"fr-CA","potentialAction":[{"@type":"ReadAction","target":["https:\/\/blackstonegriddles.ca\/product\/blackstone-griddle-care-kit-22-piece\/"]}]},{"@type":"ImageObject","inLanguage":"fr-CA","@id":"https:\/\/blackstonegriddles.ca\/product\/blackstone-griddle-care-kit-22-piece\/#primaryimage","url":"https:\/\/blackstonegriddles.ca\/wp-content\/uploads\/2026\/03\/5732.png","contentUrl":"https:\/\/blackstonegriddles.ca\/wp-content\/uploads\/2026\/03\/5732.png","width":483,"height":453},{"@type":"BreadcrumbList","@id":"https:\/\/blackstonegriddles.ca\/product\/blackstone-griddle-care-kit-22-piece\/#breadcrumb","itemListElement":[{"@type":"ListItem","position":1,"name":"Home","item":"https:\/\/blackstonegriddles.ca\/"},{"@type":"ListItem","position":2,"name":"Shop","item":"https:\/\/blackstonegriddles.ca\/shop\/"},{"@type":"ListItem","position":3,"name":"Blackstone Griddle Care Kit 22 Piece"}]},{"@type":"WebSite","@id":"https:\/\/blackstonegriddles.ca\/#website","url":"https:\/\/blackstonegriddles.ca\/","name":"Grils Blackstone Canada","description":"Blackstone Griddles distributeur officiel agr\u00e9\u00e9 Canada","publisher":{"@id":"https:\/\/blackstonegriddles.ca\/#organization"},"potentialAction":[{"@type":"SearchAction","target":{"@type":"EntryPoint","urlTemplate":"https:\/\/blackstonegriddles.ca\/?s={search_term_string}"},"query-input":{"@type":"PropertyValueSpecification","valueRequired":true,"valueName":"search_term_string"}}],"inLanguage":"fr-CA"},{"@type":"Organization","@id":"https:\/\/blackstonegriddles.ca\/#organization","name":"Grils Blackstone Canada","url":"https:\/\/blackstonegriddles.ca\/","logo":{"@type":"ImageObject","inLanguage":"fr-CA","@id":"https:\/\/blackstonegriddles.ca\/#\/schema\/logo\/image\/","url":"https:\/\/blackstonegriddles.ca\/wp-content\/uploads\/2025\/02\/blackstone-fire-logo.webp","contentUrl":"https:\/\/blackstonegriddles.ca\/wp-content\/uploads\/2025\/02\/blackstone-fire-logo.webp","width":53,"height":58,"caption":"Blackstone Griddles Canada"},"image":{"@id":"https:\/\/blackstonegriddles.ca\/#\/schema\/logo\/image\/"},"sameAs":["https:\/\/www.facebook.com\/blackstoneproducts\/","https:\/\/x.com\/weareblackstone","https:\/\/www.instagram.com\/blackstoneproducts\/","https:\/\/www.youtube.com\/channel\/UCr39rimir8y3p-q1iQYidVA"]}]}},"_links":{"self":[{"href":"https:\/\/blackstonegriddles.ca\/fr\/wp-json\/wp\/v2\/product\/51641","targetHints":{"allow":["GET"]}}],"collection":[{"href":"https:\/\/blackstonegriddles.ca\/fr\/wp-json\/wp\/v2\/product"}],"about":[{"href":"https:\/\/blackstonegriddles.ca\/fr\/wp-json\/wp\/v2\/types\/product"}],"wp:featuredmedia":[{"embeddable":true,"href":"https:\/\/blackstonegriddles.ca\/fr\/wp-json\/wp\/v2\/media\/51642"}],"wp:attachment":[{"href":"https:\/\/blackstonegriddles.ca\/fr\/wp-json\/wp\/v2\/media?parent=51641"}],"wp:term":[{"taxonomy":"product_brand","embeddable":true,"href":"https:\/\/blackstonegriddles.ca\/fr\/wp-json\/wp\/v2\/product_brand?post=51641"},{"taxonomy":"product_cat","embeddable":true,"href":"https:\/\/blackstonegriddles.ca\/fr\/wp-json\/wp\/v2\/product_cat?post=51641"},{"taxonomy":"product_tag","embeddable":true,"href":"https:\/\/blackstonegriddles.ca\/fr\/wp-json\/wp\/v2\/product_tag?post=51641"}],"curies":[{"name":"wp","href":"https:\/\/api.w.org\/{rel}","templated":true}]}}