{"id":51645,"date":"2026-03-12T17:43:28","date_gmt":"2026-03-12T17:43:28","guid":{"rendered":"https:\/\/blackstonegriddles.ca\/?post_type=product&#038;p=51645"},"modified":"2026-05-01T12:31:11","modified_gmt":"2026-05-01T12:31:11","slug":"blackstone-adventure-ready-camping-griddle-carry-bag","status":"publish","type":"product","link":"https:\/\/blackstonegriddles.ca\/fr\/product\/blackstone-adventure-ready-camping-griddle-carry-bag\/","title":{"rendered":"Sac de transport pour gril de camping Adventure Ready de Blackstone"},"content":{"rendered":"<ul class=\"title-block_features__oR3xh\" data-testid=\"product-features\">\n<li>Prot\u00e9gez votre grille de camping de l'usure avec le sac de transport Adventure Ready Camping Griddle ! La bandouli\u00e8re rembourr\u00e9e et les coutures renforc\u00e9es rendent le transport de votre Blackstone pratique et confortable, quel que soit l'endroit o\u00f9 l'aventure vous m\u00e8ne.<\/li>\n<li>Con\u00e7u pour s'adapter au gril de camping Adventure Ready 20\u201d et au gril de camping 14\u201d avec br\u00fbleur lat\u00e9ral.<\/li>\n<li>Fabriqu\u00e9 \u00e0 partir de mat\u00e9riaux r\u00e9sistants aux intemp\u00e9ries avec des coutures renforc\u00e9es pour garantir la protection de votre investissement.<\/li>\n<li>Une bandouli\u00e8re rembourr\u00e9e rend le transport de la plaque confortable et pratique.<\/li>\n<li>Comprend une pochette int\u00e9rieure en filet offrant un espace suppl\u00e9mentaire pour vos accessoires indispensables, ainsi qu'une sangle et une boucle pour prot\u00e9ger votre plancha lors de vos d\u00e9placements.<\/li>\n<li>Garantie d'un an.<\/li>\n<\/ul>","protected":false},"excerpt":{"rendered":"<p>Le sac de transport Adventure Ready Camping Griddle est con\u00e7u pour faciliter le transport et le stockage de votre plancha portable. Fabriqu\u00e9 \u00e0 partir de mat\u00e9riaux durables, ce sac de transport prot\u00e8ge votre plancha de la poussi\u00e8re, de la salet\u00e9 et des dommages mineurs pendant le voyage ou le stockage. Les poign\u00e9es robustes permettent de la transporter confortablement, ce qui la rend id\u00e9ale pour les s\u00e9jours en camping, les f\u00eates de fin d'ann\u00e9e, les pique-niques et autres aventures culinaires en plein air. Gr\u00e2ce \u00e0 son design pratique et \u00e0 sa construction fiable, ce sac de transport permet de garder votre plancha en s\u00e9curit\u00e9 et pr\u00eate \u00e0 l'emploi, quel que soit l'endroit o\u00f9 vous cuisinez en plein air.<\/p>","protected":false},"featured_media":51652,"template":"","meta":[],"product_brand":[],"product_cat":[138,137],"product_tag":[],"class_list":{"0":"post-51645","1":"product","2":"type-product","3":"status-publish","4":"has-post-thumbnail","6":"product_cat-accessories","7":"product_cat-covers-and-carry-bags","9":"first","10":"instock","11":"taxable","12":"shipping-taxable","13":"purchasable","14":"product-type-simple"},"yoast_head":"<!-- This site is optimized with the Yoast SEO plugin v27.5 - https:\/\/yoast.com\/product\/yoast-seo-wordpress\/ -->\n<title>Blackstone Adventure Ready Camping Griddle Carry Bag - Blackstone Griddles<\/title>\n<meta name=\"robots\" content=\"index, follow, max-snippet:-1, max-image-preview:large, max-video-preview:-1\" \/>\n<link rel=\"canonical\" href=\"https:\/\/blackstonegriddles.ca\/fr\/produit\/blackstone-adventure-ready-camping-griddle-carry-bag\/\" \/>\n<meta property=\"og:locale\" content=\"fr_CA\" \/>\n<meta property=\"og:type\" content=\"article\" \/>\n<meta property=\"og:title\" content=\"Blackstone Adventure Ready Camping Griddle Carry Bag - Blackstone Griddles\" \/>\n<meta property=\"og:description\" content=\"The Adventure Ready Camping Griddle Carry Bag is designed to make transporting and storing your portable griddle easy and convenient. Made from durable materials, this carry bag helps protect your griddle from dust, dirt, and minor damage while traveling or in storage. The sturdy handles allow for comfortable carrying, making it ideal for camping trips, tailgating, picnics, and other outdoor cooking adventures. With its practical design and reliable construction, this carry bag helps keep your griddle secure and ready to use wherever your outdoor cooking takes you.\" \/>\n<meta property=\"og:url\" content=\"https:\/\/blackstonegriddles.ca\/fr\/produit\/blackstone-adventure-ready-camping-griddle-carry-bag\/\" \/>\n<meta property=\"og:site_name\" content=\"Blackstone Griddles\" \/>\n<meta property=\"article:publisher\" content=\"https:\/\/www.facebook.com\/blackstoneproducts\/\" \/>\n<meta property=\"article:modified_time\" content=\"2026-05-01T12:31:11+00:00\" \/>\n<meta property=\"og:image\" content=\"https:\/\/blackstonegriddles.ca\/wp-content\/uploads\/2026\/03\/5977.png\" \/>\n\t<meta property=\"og:image:width\" content=\"823\" \/>\n\t<meta property=\"og:image:height\" content=\"821\" \/>\n\t<meta property=\"og:image:type\" content=\"image\/png\" \/>\n<meta name=\"twitter:card\" content=\"summary_large_image\" \/>\n<meta name=\"twitter:site\" content=\"@weareblackstone\" \/>\n<meta name=\"twitter:label1\" content=\"Estimation du temps de lecture\" \/>\n\t<meta name=\"twitter:data1\" content=\"1 minute\" \/>\n<script type=\"application\/ld+json\" class=\"yoast-schema-graph\">{\"@context\":\"https:\\\/\\\/schema.org\",\"@graph\":[{\"@type\":\"WebPage\",\"@id\":\"https:\\\/\\\/blackstonegriddles.ca\\\/product\\\/blackstone-adventure-ready-camping-griddle-carry-bag\\\/\",\"url\":\"https:\\\/\\\/blackstonegriddles.ca\\\/product\\\/blackstone-adventure-ready-camping-griddle-carry-bag\\\/\",\"name\":\"Blackstone Adventure Ready Camping Griddle Carry Bag - Blackstone Griddles\",\"isPartOf\":{\"@id\":\"https:\\\/\\\/blackstonegriddles.ca\\\/#website\"},\"primaryImageOfPage\":{\"@id\":\"https:\\\/\\\/blackstonegriddles.ca\\\/product\\\/blackstone-adventure-ready-camping-griddle-carry-bag\\\/#primaryimage\"},\"image\":{\"@id\":\"https:\\\/\\\/blackstonegriddles.ca\\\/product\\\/blackstone-adventure-ready-camping-griddle-carry-bag\\\/#primaryimage\"},\"thumbnailUrl\":\"https:\\\/\\\/blackstonegriddles.ca\\\/wp-content\\\/uploads\\\/2026\\\/03\\\/5977.png\",\"datePublished\":\"2026-03-12T17:43:28+00:00\",\"dateModified\":\"2026-05-01T12:31:11+00:00\",\"breadcrumb\":{\"@id\":\"https:\\\/\\\/blackstonegriddles.ca\\\/product\\\/blackstone-adventure-ready-camping-griddle-carry-bag\\\/#breadcrumb\"},\"inLanguage\":\"fr-CA\",\"potentialAction\":[{\"@type\":\"ReadAction\",\"target\":[\"https:\\\/\\\/blackstonegriddles.ca\\\/product\\\/blackstone-adventure-ready-camping-griddle-carry-bag\\\/\"]}]},{\"@type\":\"ImageObject\",\"inLanguage\":\"fr-CA\",\"@id\":\"https:\\\/\\\/blackstonegriddles.ca\\\/product\\\/blackstone-adventure-ready-camping-griddle-carry-bag\\\/#primaryimage\",\"url\":\"https:\\\/\\\/blackstonegriddles.ca\\\/wp-content\\\/uploads\\\/2026\\\/03\\\/5977.png\",\"contentUrl\":\"https:\\\/\\\/blackstonegriddles.ca\\\/wp-content\\\/uploads\\\/2026\\\/03\\\/5977.png\",\"width\":823,\"height\":821},{\"@type\":\"BreadcrumbList\",\"@id\":\"https:\\\/\\\/blackstonegriddles.ca\\\/product\\\/blackstone-adventure-ready-camping-griddle-carry-bag\\\/#breadcrumb\",\"itemListElement\":[{\"@type\":\"ListItem\",\"position\":1,\"name\":\"Home\",\"item\":\"https:\\\/\\\/blackstonegriddles.ca\\\/\"},{\"@type\":\"ListItem\",\"position\":2,\"name\":\"Shop\",\"item\":\"https:\\\/\\\/blackstonegriddles.ca\\\/shop\\\/\"},{\"@type\":\"ListItem\",\"position\":3,\"name\":\"Blackstone Adventure Ready Camping Griddle Carry Bag\"}]},{\"@type\":\"WebSite\",\"@id\":\"https:\\\/\\\/blackstonegriddles.ca\\\/#website\",\"url\":\"https:\\\/\\\/blackstonegriddles.ca\\\/\",\"name\":\"Blackstone Griddles Canada\",\"description\":\"Blackstone Griddles official licensed dealer Canada\",\"publisher\":{\"@id\":\"https:\\\/\\\/blackstonegriddles.ca\\\/#organization\"},\"potentialAction\":[{\"@type\":\"SearchAction\",\"target\":{\"@type\":\"EntryPoint\",\"urlTemplate\":\"https:\\\/\\\/blackstonegriddles.ca\\\/?s={search_term_string}\"},\"query-input\":{\"@type\":\"PropertyValueSpecification\",\"valueRequired\":true,\"valueName\":\"search_term_string\"}}],\"inLanguage\":\"fr-CA\"},{\"@type\":\"Organization\",\"@id\":\"https:\\\/\\\/blackstonegriddles.ca\\\/#organization\",\"name\":\"Blackstone Griddles Canada\",\"url\":\"https:\\\/\\\/blackstonegriddles.ca\\\/\",\"logo\":{\"@type\":\"ImageObject\",\"inLanguage\":\"fr-CA\",\"@id\":\"https:\\\/\\\/blackstonegriddles.ca\\\/#\\\/schema\\\/logo\\\/image\\\/\",\"url\":\"https:\\\/\\\/blackstonegriddles.ca\\\/wp-content\\\/uploads\\\/2025\\\/02\\\/blackstone-fire-logo.webp\",\"contentUrl\":\"https:\\\/\\\/blackstonegriddles.ca\\\/wp-content\\\/uploads\\\/2025\\\/02\\\/blackstone-fire-logo.webp\",\"width\":53,\"height\":58,\"caption\":\"Blackstone Griddles Canada\"},\"image\":{\"@id\":\"https:\\\/\\\/blackstonegriddles.ca\\\/#\\\/schema\\\/logo\\\/image\\\/\"},\"sameAs\":[\"https:\\\/\\\/www.facebook.com\\\/blackstoneproducts\\\/\",\"https:\\\/\\\/x.com\\\/weareblackstone\",\"https:\\\/\\\/www.instagram.com\\\/blackstoneproducts\\\/\",\"https:\\\/\\\/www.youtube.com\\\/channel\\\/UCr39rimir8y3p-q1iQYidVA\"]}]}<\/script>\n<!-- \/ Yoast SEO plugin. -->","yoast_head_json":{"title":"Blackstone Adventure Ready Camping Griddle Carry Bag - Blackstone Griddles","robots":{"index":"index","follow":"follow","max-snippet":"max-snippet:-1","max-image-preview":"max-image-preview:large","max-video-preview":"max-video-preview:-1"},"canonical":"https:\/\/blackstonegriddles.ca\/fr\/produit\/blackstone-adventure-ready-camping-griddle-carry-bag\/","og_locale":"fr_CA","og_type":"article","og_title":"Blackstone Adventure Ready Camping Griddle Carry Bag - Blackstone Griddles","og_description":"The Adventure Ready Camping Griddle Carry Bag is designed to make transporting and storing your portable griddle easy and convenient. Made from durable materials, this carry bag helps protect your griddle from dust, dirt, and minor damage while traveling or in storage. The sturdy handles allow for comfortable carrying, making it ideal for camping trips, tailgating, picnics, and other outdoor cooking adventures. With its practical design and reliable construction, this carry bag helps keep your griddle secure and ready to use wherever your outdoor cooking takes you.","og_url":"https:\/\/blackstonegriddles.ca\/fr\/produit\/blackstone-adventure-ready-camping-griddle-carry-bag\/","og_site_name":"Blackstone Griddles","article_publisher":"https:\/\/www.facebook.com\/blackstoneproducts\/","article_modified_time":"2026-05-01T12:31:11+00:00","og_image":[{"width":823,"height":821,"url":"https:\/\/blackstonegriddles.ca\/wp-content\/uploads\/2026\/03\/5977.png","type":"image\/png"}],"twitter_card":"summary_large_image","twitter_site":"@weareblackstone","twitter_misc":{"Estimation du temps de lecture":"1 minute"},"schema":{"@context":"https:\/\/schema.org","@graph":[{"@type":"WebPage","@id":"https:\/\/blackstonegriddles.ca\/product\/blackstone-adventure-ready-camping-griddle-carry-bag\/","url":"https:\/\/blackstonegriddles.ca\/product\/blackstone-adventure-ready-camping-griddle-carry-bag\/","name":"Blackstone Adventure Ready Camping Griddle Carry Bag - Blackstone Griddles","isPartOf":{"@id":"https:\/\/blackstonegriddles.ca\/#website"},"primaryImageOfPage":{"@id":"https:\/\/blackstonegriddles.ca\/product\/blackstone-adventure-ready-camping-griddle-carry-bag\/#primaryimage"},"image":{"@id":"https:\/\/blackstonegriddles.ca\/product\/blackstone-adventure-ready-camping-griddle-carry-bag\/#primaryimage"},"thumbnailUrl":"https:\/\/blackstonegriddles.ca\/wp-content\/uploads\/2026\/03\/5977.png","datePublished":"2026-03-12T17:43:28+00:00","dateModified":"2026-05-01T12:31:11+00:00","breadcrumb":{"@id":"https:\/\/blackstonegriddles.ca\/product\/blackstone-adventure-ready-camping-griddle-carry-bag\/#breadcrumb"},"inLanguage":"fr-CA","potentialAction":[{"@type":"ReadAction","target":["https:\/\/blackstonegriddles.ca\/product\/blackstone-adventure-ready-camping-griddle-carry-bag\/"]}]},{"@type":"ImageObject","inLanguage":"fr-CA","@id":"https:\/\/blackstonegriddles.ca\/product\/blackstone-adventure-ready-camping-griddle-carry-bag\/#primaryimage","url":"https:\/\/blackstonegriddles.ca\/wp-content\/uploads\/2026\/03\/5977.png","contentUrl":"https:\/\/blackstonegriddles.ca\/wp-content\/uploads\/2026\/03\/5977.png","width":823,"height":821},{"@type":"BreadcrumbList","@id":"https:\/\/blackstonegriddles.ca\/product\/blackstone-adventure-ready-camping-griddle-carry-bag\/#breadcrumb","itemListElement":[{"@type":"ListItem","position":1,"name":"Home","item":"https:\/\/blackstonegriddles.ca\/"},{"@type":"ListItem","position":2,"name":"Shop","item":"https:\/\/blackstonegriddles.ca\/shop\/"},{"@type":"ListItem","position":3,"name":"Blackstone Adventure Ready Camping Griddle Carry Bag"}]},{"@type":"WebSite","@id":"https:\/\/blackstonegriddles.ca\/#website","url":"https:\/\/blackstonegriddles.ca\/","name":"Grils Blackstone Canada","description":"Blackstone Griddles distributeur officiel agr\u00e9\u00e9 Canada","publisher":{"@id":"https:\/\/blackstonegriddles.ca\/#organization"},"potentialAction":[{"@type":"SearchAction","target":{"@type":"EntryPoint","urlTemplate":"https:\/\/blackstonegriddles.ca\/?s={search_term_string}"},"query-input":{"@type":"PropertyValueSpecification","valueRequired":true,"valueName":"search_term_string"}}],"inLanguage":"fr-CA"},{"@type":"Organization","@id":"https:\/\/blackstonegriddles.ca\/#organization","name":"Grils Blackstone Canada","url":"https:\/\/blackstonegriddles.ca\/","logo":{"@type":"ImageObject","inLanguage":"fr-CA","@id":"https:\/\/blackstonegriddles.ca\/#\/schema\/logo\/image\/","url":"https:\/\/blackstonegriddles.ca\/wp-content\/uploads\/2025\/02\/blackstone-fire-logo.webp","contentUrl":"https:\/\/blackstonegriddles.ca\/wp-content\/uploads\/2025\/02\/blackstone-fire-logo.webp","width":53,"height":58,"caption":"Blackstone Griddles Canada"},"image":{"@id":"https:\/\/blackstonegriddles.ca\/#\/schema\/logo\/image\/"},"sameAs":["https:\/\/www.facebook.com\/blackstoneproducts\/","https:\/\/x.com\/weareblackstone","https:\/\/www.instagram.com\/blackstoneproducts\/","https:\/\/www.youtube.com\/channel\/UCr39rimir8y3p-q1iQYidVA"]}]}},"_links":{"self":[{"href":"https:\/\/blackstonegriddles.ca\/fr\/wp-json\/wp\/v2\/product\/51645","targetHints":{"allow":["GET"]}}],"collection":[{"href":"https:\/\/blackstonegriddles.ca\/fr\/wp-json\/wp\/v2\/product"}],"about":[{"href":"https:\/\/blackstonegriddles.ca\/fr\/wp-json\/wp\/v2\/types\/product"}],"wp:featuredmedia":[{"embeddable":true,"href":"https:\/\/blackstonegriddles.ca\/fr\/wp-json\/wp\/v2\/media\/51652"}],"wp:attachment":[{"href":"https:\/\/blackstonegriddles.ca\/fr\/wp-json\/wp\/v2\/media?parent=51645"}],"wp:term":[{"taxonomy":"product_brand","embeddable":true,"href":"https:\/\/blackstonegriddles.ca\/fr\/wp-json\/wp\/v2\/product_brand?post=51645"},{"taxonomy":"product_cat","embeddable":true,"href":"https:\/\/blackstonegriddles.ca\/fr\/wp-json\/wp\/v2\/product_cat?post=51645"},{"taxonomy":"product_tag","embeddable":true,"href":"https:\/\/blackstonegriddles.ca\/fr\/wp-json\/wp\/v2\/product_tag?post=51645"}],"curies":[{"name":"wp","href":"https:\/\/api.w.org\/{rel}","templated":true}]}}