{"id":51646,"date":"2026-03-12T17:30:31","date_gmt":"2026-03-12T17:30:31","guid":{"rendered":"https:\/\/blackstonegriddles.ca\/?post_type=product&#038;p=51646"},"modified":"2026-03-12T17:30:31","modified_gmt":"2026-03-12T17:30:31","slug":"blackstone-adventure-ready-22in-griddle-with-hood-and-stand","status":"publish","type":"product","link":"https:\/\/blackstonegriddles.ca\/fr\/produit\/blackstone-adventure-ready-22in-griddle-with-hood-and-stand\/","title":{"rendered":"Blackstone Adventure Ready 22in Griddle avec capot et support"},"content":{"rendered":"<ul class=\"title-block_features__oR3xh\" data-testid=\"product-features\">\n<li>Apportez des repas de qualit\u00e9 restaurant avec vous lors de chaque voyage gr\u00e2ce \u00e0 la plaque de cuisson Blackstone Adventure Ready 22\u201d avec capot et support. Le support r\u00e9glable inclus est un endroit rapide et solide pour tenir votre plancha, afin que vous soyez toujours pr\u00eat \u00e0 cuisiner lors de vos d\u00e9placements !<\/li>\n<li>Comprend une plaque de cuisson de 22 pouces avec hotte, un support amovible et un tuyau adaptateur pour r\u00e9servoir de stockage.<\/li>\n<li>Plaque de gril 22\u201d Omnivore avec r\u00e9partition uniforme de la chaleur, meilleur rendement \u00e9nerg\u00e9tique et pare-vent int\u00e9gr\u00e9.<\/li>\n<li>Pied r\u00e9glable et amovible inclus, avec r\u00e9glage de la hauteur pour cuisiner sur des surfaces irr\u00e9guli\u00e8res.<\/li>\n<li>La hotte int\u00e9gr\u00e9e prot\u00e8ge et nettoie la surface de la plaque.<\/li>\n<li>Deux zones de chaleur contr\u00f4l\u00e9es ind\u00e9pendamment pour cuire simultan\u00e9ment une vari\u00e9t\u00e9 de plats.<\/li>\n<li>L'allumage pi\u00e9zo\u00e9lectrique assure un \u00e9clairage fiable, sans pile.<\/li>\n<li>La gestion de la graisse \u00e0 l'arri\u00e8re facilite le nettoyage en dirigeant la graisse vers l'arri\u00e8re de la plaque.<\/li>\n<\/ul>","protected":false},"excerpt":{"rendered":"<p>Servez de d\u00e9licieux repas en plein air, o\u00f9 que vos aventures vous m\u00e8nent, gr\u00e2ce \u00e0 cette plaque de cuisson de table de 22 pouces avec support. Cette plaque de cuisson compacte et portable comprend deux br\u00fbleurs \u00e0 commande ind\u00e9pendante, un capot de protection et un support de plaque. Le support se replie pour faciliter le transport et le rangement et s'ajuste facilement lorsque vous cuisinez sur des surfaces in\u00e9gales. Profitez d'une vari\u00e9t\u00e9 de repas pour le petit-d\u00e9jeuner, le d\u00e9jeuner et le d\u00eener avec cette plaque de cuisson de table Blackstone de 22 pouces avec support.<\/p>","protected":false},"featured_media":51647,"template":"","meta":[],"product_brand":[],"product_cat":[156,154],"product_tag":[],"class_list":{"0":"post-51646","1":"product","2":"type-product","3":"status-publish","4":"has-post-thumbnail","6":"product_cat-156","7":"product_cat-griddles","9":"first","10":"outofstock","11":"taxable","12":"shipping-taxable","13":"purchasable","14":"product-type-simple"},"yoast_head":"<!-- This site is optimized with the Yoast SEO plugin v27.3 - https:\/\/yoast.com\/product\/yoast-seo-wordpress\/ -->\n<title>Blackstone Adventure Ready 22in Griddle with Hood and Stand - Blackstone Griddles<\/title>\n<meta name=\"robots\" content=\"index, follow, max-snippet:-1, max-image-preview:large, max-video-preview:-1\" \/>\n<link rel=\"canonical\" href=\"https:\/\/blackstonegriddles.ca\/fr\/produit\/blackstone-adventure-ready-22in-griddle-with-hood-and-stand\/\" \/>\n<meta property=\"og:locale\" content=\"fr_CA\" \/>\n<meta property=\"og:type\" content=\"article\" \/>\n<meta property=\"og:title\" content=\"Blackstone Adventure Ready 22in Griddle with Hood and Stand - Blackstone Griddles\" \/>\n<meta property=\"og:description\" content=\"Serve up delicious outdoor meals no matter where your adventures take you with this 22\u201d tabletop griddle with stand. The compact and portable tabletop griddle includes two independently controlled burners, a protective hood, and a griddle stand. The stand collapses for easy transportation and convenient storage and is easy to adjust when cooking on uneven surfaces. Enjoy a variety of meals for breakfast, lunch, and dinner with this Blackstone 22\u201d tabletop griddle with stand.\" \/>\n<meta property=\"og:url\" content=\"https:\/\/blackstonegriddles.ca\/fr\/produit\/blackstone-adventure-ready-22in-griddle-with-hood-and-stand\/\" \/>\n<meta property=\"og:site_name\" content=\"Blackstone Griddles\" \/>\n<meta property=\"article:publisher\" content=\"https:\/\/www.facebook.com\/blackstoneproducts\/\" \/>\n<meta property=\"og:image\" content=\"https:\/\/blackstonegriddles.ca\/wp-content\/uploads\/2026\/03\/2481.png\" \/>\n\t<meta property=\"og:image:width\" content=\"543\" \/>\n\t<meta property=\"og:image:height\" content=\"719\" \/>\n\t<meta property=\"og:image:type\" content=\"image\/png\" \/>\n<meta name=\"twitter:card\" content=\"summary_large_image\" \/>\n<meta name=\"twitter:site\" content=\"@weareblackstone\" \/>\n<meta name=\"twitter:label1\" content=\"Estimation du temps de lecture\" \/>\n\t<meta name=\"twitter:data1\" content=\"1 minute\" \/>\n<script type=\"application\/ld+json\" class=\"yoast-schema-graph\">{\"@context\":\"https:\\\/\\\/schema.org\",\"@graph\":[{\"@type\":\"WebPage\",\"@id\":\"https:\\\/\\\/blackstonegriddles.ca\\\/product\\\/blackstone-adventure-ready-22in-griddle-with-hood-and-stand\\\/\",\"url\":\"https:\\\/\\\/blackstonegriddles.ca\\\/product\\\/blackstone-adventure-ready-22in-griddle-with-hood-and-stand\\\/\",\"name\":\"Blackstone Adventure Ready 22in Griddle with Hood and Stand - Blackstone Griddles\",\"isPartOf\":{\"@id\":\"https:\\\/\\\/blackstonegriddles.ca\\\/#website\"},\"primaryImageOfPage\":{\"@id\":\"https:\\\/\\\/blackstonegriddles.ca\\\/product\\\/blackstone-adventure-ready-22in-griddle-with-hood-and-stand\\\/#primaryimage\"},\"image\":{\"@id\":\"https:\\\/\\\/blackstonegriddles.ca\\\/product\\\/blackstone-adventure-ready-22in-griddle-with-hood-and-stand\\\/#primaryimage\"},\"thumbnailUrl\":\"https:\\\/\\\/blackstonegriddles.ca\\\/wp-content\\\/uploads\\\/2026\\\/03\\\/2481.png\",\"datePublished\":\"2026-03-12T17:30:31+00:00\",\"breadcrumb\":{\"@id\":\"https:\\\/\\\/blackstonegriddles.ca\\\/product\\\/blackstone-adventure-ready-22in-griddle-with-hood-and-stand\\\/#breadcrumb\"},\"inLanguage\":\"fr-CA\",\"potentialAction\":[{\"@type\":\"ReadAction\",\"target\":[\"https:\\\/\\\/blackstonegriddles.ca\\\/product\\\/blackstone-adventure-ready-22in-griddle-with-hood-and-stand\\\/\"]}]},{\"@type\":\"ImageObject\",\"inLanguage\":\"fr-CA\",\"@id\":\"https:\\\/\\\/blackstonegriddles.ca\\\/product\\\/blackstone-adventure-ready-22in-griddle-with-hood-and-stand\\\/#primaryimage\",\"url\":\"https:\\\/\\\/blackstonegriddles.ca\\\/wp-content\\\/uploads\\\/2026\\\/03\\\/2481.png\",\"contentUrl\":\"https:\\\/\\\/blackstonegriddles.ca\\\/wp-content\\\/uploads\\\/2026\\\/03\\\/2481.png\",\"width\":543,\"height\":719},{\"@type\":\"BreadcrumbList\",\"@id\":\"https:\\\/\\\/blackstonegriddles.ca\\\/product\\\/blackstone-adventure-ready-22in-griddle-with-hood-and-stand\\\/#breadcrumb\",\"itemListElement\":[{\"@type\":\"ListItem\",\"position\":1,\"name\":\"Home\",\"item\":\"https:\\\/\\\/blackstonegriddles.ca\\\/\"},{\"@type\":\"ListItem\",\"position\":2,\"name\":\"Shop\",\"item\":\"https:\\\/\\\/blackstonegriddles.ca\\\/shop\\\/\"},{\"@type\":\"ListItem\",\"position\":3,\"name\":\"Blackstone Adventure Ready 22in Griddle with Hood and Stand\"}]},{\"@type\":\"WebSite\",\"@id\":\"https:\\\/\\\/blackstonegriddles.ca\\\/#website\",\"url\":\"https:\\\/\\\/blackstonegriddles.ca\\\/\",\"name\":\"Blackstone Griddles Canada\",\"description\":\"Blackstone Griddles official licensed dealer Canada\",\"publisher\":{\"@id\":\"https:\\\/\\\/blackstonegriddles.ca\\\/#organization\"},\"potentialAction\":[{\"@type\":\"SearchAction\",\"target\":{\"@type\":\"EntryPoint\",\"urlTemplate\":\"https:\\\/\\\/blackstonegriddles.ca\\\/?s={search_term_string}\"},\"query-input\":{\"@type\":\"PropertyValueSpecification\",\"valueRequired\":true,\"valueName\":\"search_term_string\"}}],\"inLanguage\":\"fr-CA\"},{\"@type\":\"Organization\",\"@id\":\"https:\\\/\\\/blackstonegriddles.ca\\\/#organization\",\"name\":\"Blackstone Griddles Canada\",\"url\":\"https:\\\/\\\/blackstonegriddles.ca\\\/\",\"logo\":{\"@type\":\"ImageObject\",\"inLanguage\":\"fr-CA\",\"@id\":\"https:\\\/\\\/blackstonegriddles.ca\\\/#\\\/schema\\\/logo\\\/image\\\/\",\"url\":\"https:\\\/\\\/blackstonegriddles.ca\\\/wp-content\\\/uploads\\\/2025\\\/02\\\/blackstone-fire-logo.webp\",\"contentUrl\":\"https:\\\/\\\/blackstonegriddles.ca\\\/wp-content\\\/uploads\\\/2025\\\/02\\\/blackstone-fire-logo.webp\",\"width\":53,\"height\":58,\"caption\":\"Blackstone Griddles Canada\"},\"image\":{\"@id\":\"https:\\\/\\\/blackstonegriddles.ca\\\/#\\\/schema\\\/logo\\\/image\\\/\"},\"sameAs\":[\"https:\\\/\\\/www.facebook.com\\\/blackstoneproducts\\\/\",\"https:\\\/\\\/x.com\\\/weareblackstone\",\"https:\\\/\\\/www.instagram.com\\\/blackstoneproducts\\\/\",\"https:\\\/\\\/www.youtube.com\\\/channel\\\/UCr39rimir8y3p-q1iQYidVA\"]}]}<\/script>\n<!-- \/ Yoast SEO plugin. -->","yoast_head_json":{"title":"Blackstone Adventure Ready 22in Griddle avec capot et support - Blackstone Griddles","robots":{"index":"index","follow":"follow","max-snippet":"max-snippet:-1","max-image-preview":"max-image-preview:large","max-video-preview":"max-video-preview:-1"},"canonical":"https:\/\/blackstonegriddles.ca\/fr\/produit\/blackstone-adventure-ready-22in-griddle-with-hood-and-stand\/","og_locale":"fr_CA","og_type":"article","og_title":"Blackstone Adventure Ready 22in Griddle with Hood and Stand - Blackstone Griddles","og_description":"Serve up delicious outdoor meals no matter where your adventures take you with this 22\u201d tabletop griddle with stand. The compact and portable tabletop griddle includes two independently controlled burners, a protective hood, and a griddle stand. The stand collapses for easy transportation and convenient storage and is easy to adjust when cooking on uneven surfaces. Enjoy a variety of meals for breakfast, lunch, and dinner with this Blackstone 22\u201d tabletop griddle with stand.","og_url":"https:\/\/blackstonegriddles.ca\/fr\/produit\/blackstone-adventure-ready-22in-griddle-with-hood-and-stand\/","og_site_name":"Blackstone Griddles","article_publisher":"https:\/\/www.facebook.com\/blackstoneproducts\/","og_image":[{"width":543,"height":719,"url":"https:\/\/blackstonegriddles.ca\/wp-content\/uploads\/2026\/03\/2481.png","type":"image\/png"}],"twitter_card":"summary_large_image","twitter_site":"@weareblackstone","twitter_misc":{"Estimation du temps de lecture":"1 minute"},"schema":{"@context":"https:\/\/schema.org","@graph":[{"@type":"WebPage","@id":"https:\/\/blackstonegriddles.ca\/product\/blackstone-adventure-ready-22in-griddle-with-hood-and-stand\/","url":"https:\/\/blackstonegriddles.ca\/product\/blackstone-adventure-ready-22in-griddle-with-hood-and-stand\/","name":"Blackstone Adventure Ready 22in Griddle avec capot et support - Blackstone Griddles","isPartOf":{"@id":"https:\/\/blackstonegriddles.ca\/#website"},"primaryImageOfPage":{"@id":"https:\/\/blackstonegriddles.ca\/product\/blackstone-adventure-ready-22in-griddle-with-hood-and-stand\/#primaryimage"},"image":{"@id":"https:\/\/blackstonegriddles.ca\/product\/blackstone-adventure-ready-22in-griddle-with-hood-and-stand\/#primaryimage"},"thumbnailUrl":"https:\/\/blackstonegriddles.ca\/wp-content\/uploads\/2026\/03\/2481.png","datePublished":"2026-03-12T17:30:31+00:00","breadcrumb":{"@id":"https:\/\/blackstonegriddles.ca\/product\/blackstone-adventure-ready-22in-griddle-with-hood-and-stand\/#breadcrumb"},"inLanguage":"fr-CA","potentialAction":[{"@type":"ReadAction","target":["https:\/\/blackstonegriddles.ca\/product\/blackstone-adventure-ready-22in-griddle-with-hood-and-stand\/"]}]},{"@type":"ImageObject","inLanguage":"fr-CA","@id":"https:\/\/blackstonegriddles.ca\/product\/blackstone-adventure-ready-22in-griddle-with-hood-and-stand\/#primaryimage","url":"https:\/\/blackstonegriddles.ca\/wp-content\/uploads\/2026\/03\/2481.png","contentUrl":"https:\/\/blackstonegriddles.ca\/wp-content\/uploads\/2026\/03\/2481.png","width":543,"height":719},{"@type":"BreadcrumbList","@id":"https:\/\/blackstonegriddles.ca\/product\/blackstone-adventure-ready-22in-griddle-with-hood-and-stand\/#breadcrumb","itemListElement":[{"@type":"ListItem","position":1,"name":"Home","item":"https:\/\/blackstonegriddles.ca\/"},{"@type":"ListItem","position":2,"name":"Shop","item":"https:\/\/blackstonegriddles.ca\/shop\/"},{"@type":"ListItem","position":3,"name":"Blackstone Adventure Ready 22in Griddle with Hood and Stand"}]},{"@type":"WebSite","@id":"https:\/\/blackstonegriddles.ca\/#website","url":"https:\/\/blackstonegriddles.ca\/","name":"Grils Blackstone Canada","description":"Blackstone Griddles distributeur officiel agr\u00e9\u00e9 Canada","publisher":{"@id":"https:\/\/blackstonegriddles.ca\/#organization"},"potentialAction":[{"@type":"SearchAction","target":{"@type":"EntryPoint","urlTemplate":"https:\/\/blackstonegriddles.ca\/?s={search_term_string}"},"query-input":{"@type":"PropertyValueSpecification","valueRequired":true,"valueName":"search_term_string"}}],"inLanguage":"fr-CA"},{"@type":"Organization","@id":"https:\/\/blackstonegriddles.ca\/#organization","name":"Grils Blackstone Canada","url":"https:\/\/blackstonegriddles.ca\/","logo":{"@type":"ImageObject","inLanguage":"fr-CA","@id":"https:\/\/blackstonegriddles.ca\/#\/schema\/logo\/image\/","url":"https:\/\/blackstonegriddles.ca\/wp-content\/uploads\/2025\/02\/blackstone-fire-logo.webp","contentUrl":"https:\/\/blackstonegriddles.ca\/wp-content\/uploads\/2025\/02\/blackstone-fire-logo.webp","width":53,"height":58,"caption":"Blackstone Griddles Canada"},"image":{"@id":"https:\/\/blackstonegriddles.ca\/#\/schema\/logo\/image\/"},"sameAs":["https:\/\/www.facebook.com\/blackstoneproducts\/","https:\/\/x.com\/weareblackstone","https:\/\/www.instagram.com\/blackstoneproducts\/","https:\/\/www.youtube.com\/channel\/UCr39rimir8y3p-q1iQYidVA"]}]}},"_links":{"self":[{"href":"https:\/\/blackstonegriddles.ca\/fr\/wp-json\/wp\/v2\/product\/51646","targetHints":{"allow":["GET"]}}],"collection":[{"href":"https:\/\/blackstonegriddles.ca\/fr\/wp-json\/wp\/v2\/product"}],"about":[{"href":"https:\/\/blackstonegriddles.ca\/fr\/wp-json\/wp\/v2\/types\/product"}],"wp:featuredmedia":[{"embeddable":true,"href":"https:\/\/blackstonegriddles.ca\/fr\/wp-json\/wp\/v2\/media\/51647"}],"wp:attachment":[{"href":"https:\/\/blackstonegriddles.ca\/fr\/wp-json\/wp\/v2\/media?parent=51646"}],"wp:term":[{"taxonomy":"product_brand","embeddable":true,"href":"https:\/\/blackstonegriddles.ca\/fr\/wp-json\/wp\/v2\/product_brand?post=51646"},{"taxonomy":"product_cat","embeddable":true,"href":"https:\/\/blackstonegriddles.ca\/fr\/wp-json\/wp\/v2\/product_cat?post=51646"},{"taxonomy":"product_tag","embeddable":true,"href":"https:\/\/blackstonegriddles.ca\/fr\/wp-json\/wp\/v2\/product_tag?post=51646"}],"curies":[{"name":"wp","href":"https:\/\/api.w.org\/{rel}","templated":true}]}}