{"id":51648,"date":"2026-03-12T17:34:48","date_gmt":"2026-03-12T17:34:48","guid":{"rendered":"https:\/\/blackstonegriddles.ca\/?post_type=product&#038;p=51648"},"modified":"2026-04-06T16:03:13","modified_gmt":"2026-04-06T16:03:13","slug":"blackstone-pro-series-36in-griddle-cover","status":"publish","type":"product","link":"https:\/\/blackstonegriddles.ca\/fr\/product\/blackstone-pro-series-36in-griddle-cover\/","title":{"rendered":"Couvercle de gril Blackstone Pro Series 36in"},"content":{"rendered":"<ul class=\"title-block_features__oR3xh\" data-testid=\"product-features\">\n<li><span class=\"b\">Ajustement sur mesure<\/span>: Con\u00e7u sur mesure pour s'adapter \u00e0 la plaque de cuisson Blackstone 36\u2033 Pro Series Griddle with Cabinet, au 28 Pro Series Rangetop Combo, et au 36 Griddle and Airfryer Combo.<\/li>\n<li><span class=\"b\">R\u00e9sistant aux intemp\u00e9ries<\/span>: Le mat\u00e9riau r\u00e9sistant aux intemp\u00e9ries constitue une barri\u00e8re entre votre plaque de cuisson et les \u00e9l\u00e9ments.<\/li>\n<li><span class=\"b\">Construction durable<\/span>: Construction en toile de polyester robuste avec coutures renforc\u00e9es<\/li>\n<li><span class=\"b\">Acc\u00e8s facile<\/span>: Deux fermetures \u00e0 glissi\u00e8re permettent d'acc\u00e9der facilement aux compartiments avant de votre plancha.<\/li>\n<li><span class=\"b\">Ajustement s\u00e9curis\u00e9<\/span>: Les boucles lat\u00e9rales se resserrent pour un ajustement serr\u00e9 et s\u00fbr<\/li>\n<li>boucles id\u00e9ales et fermeture \u00e0 glissi\u00e8re sur le devant pour un retrait facile.<\/li>\n<\/ul>","protected":false},"excerpt":{"rendered":"<p>Prot\u00e9gez votre plancha Blackstone 36\u201d Pro Series avec cette housse de plancha 36\u2033 Pro Series con\u00e7ue sur mesure. Fabriqu\u00e9e en toile robuste, r\u00e9sistante aux intemp\u00e9ries et dot\u00e9e de coutures renforc\u00e9es, cette housse constitue une barri\u00e8re solide entre votre plancha et les \u00e9l\u00e9ments. Les boucles durables se resserrent pour un ajustement plus s\u00fbr autour de votre plaque de cuisson, assurant une meilleure protection m\u00eame en cas de vent. Les fermetures \u00e0 glissi\u00e8re d'acc\u00e8s \u00e0 l'avant vous permettent d'atteindre les armoires de votre plancha sans avoir \u00e0 retirer toute la housse. Profitez de votre plancha pendant des ann\u00e9es en la prot\u00e9geant avec cette housse de plancha Pro Series 36\u201d durable et r\u00e9sistante aux intemp\u00e9ries.<\/p>","protected":false},"featured_media":51649,"template":"","meta":[],"product_brand":[],"product_cat":[138,137],"product_tag":[],"class_list":{"0":"post-51648","1":"product","2":"type-product","3":"status-publish","4":"has-post-thumbnail","6":"product_cat-accessories","7":"product_cat-covers-and-carry-bags","9":"first","10":"outofstock","11":"taxable","12":"shipping-taxable","13":"purchasable","14":"product-type-simple"},"yoast_head":"<!-- This site is optimized with the Yoast SEO plugin v27.3 - https:\/\/yoast.com\/product\/yoast-seo-wordpress\/ -->\n<title>Blackstone Pro Series 36in Griddle Cover - Blackstone Griddles<\/title>\n<meta name=\"robots\" content=\"index, follow, max-snippet:-1, max-image-preview:large, max-video-preview:-1\" \/>\n<link rel=\"canonical\" href=\"https:\/\/blackstonegriddles.ca\/fr\/produit\/blackstone-pro-series-36in-griddle-cover\/\" \/>\n<meta property=\"og:locale\" content=\"fr_CA\" \/>\n<meta property=\"og:type\" content=\"article\" \/>\n<meta property=\"og:title\" content=\"Blackstone Pro Series 36in Griddle Cover - Blackstone Griddles\" \/>\n<meta property=\"og:description\" content=\"Safeguard your Blackstone 36\u201d Pro Series Griddle with this custom-designed 36&quot; Pro Series Griddle Cover. Crafted from heavy-duty, weather-resistant canvas and featuring reinforced stitching, this cover provides a solid barrier between your griddle and the elements. Durable buckles cinch for a more secure fit around your griddle, ensuring better protection even in windy conditions. Front access zippers allow you to reach your griddle&#039;s cabinets without the hassle of removing the entire cover. Enjoy your griddle for years to come by protecting it with this durable and weather resistant 36\u201d Pro Series griddle cover.\" \/>\n<meta property=\"og:url\" content=\"https:\/\/blackstonegriddles.ca\/fr\/produit\/blackstone-pro-series-36in-griddle-cover\/\" \/>\n<meta property=\"og:site_name\" content=\"Blackstone Griddles\" \/>\n<meta property=\"article:publisher\" content=\"https:\/\/www.facebook.com\/blackstoneproducts\/\" \/>\n<meta property=\"article:modified_time\" content=\"2026-04-06T16:03:13+00:00\" \/>\n<meta property=\"og:image\" content=\"https:\/\/blackstonegriddles.ca\/wp-content\/uploads\/2026\/03\/5646.png\" \/>\n\t<meta property=\"og:image:width\" content=\"424\" \/>\n\t<meta property=\"og:image:height\" content=\"297\" \/>\n\t<meta property=\"og:image:type\" content=\"image\/png\" \/>\n<meta name=\"twitter:card\" content=\"summary_large_image\" \/>\n<meta name=\"twitter:site\" content=\"@weareblackstone\" \/>\n<meta name=\"twitter:label1\" content=\"Estimation du temps de lecture\" \/>\n\t<meta name=\"twitter:data1\" content=\"1 minute\" \/>\n<script type=\"application\/ld+json\" class=\"yoast-schema-graph\">{\"@context\":\"https:\\\/\\\/schema.org\",\"@graph\":[{\"@type\":\"WebPage\",\"@id\":\"https:\\\/\\\/blackstonegriddles.ca\\\/product\\\/blackstone-pro-series-36in-griddle-cover\\\/\",\"url\":\"https:\\\/\\\/blackstonegriddles.ca\\\/product\\\/blackstone-pro-series-36in-griddle-cover\\\/\",\"name\":\"Blackstone Pro Series 36in Griddle Cover - Blackstone Griddles\",\"isPartOf\":{\"@id\":\"https:\\\/\\\/blackstonegriddles.ca\\\/#website\"},\"primaryImageOfPage\":{\"@id\":\"https:\\\/\\\/blackstonegriddles.ca\\\/product\\\/blackstone-pro-series-36in-griddle-cover\\\/#primaryimage\"},\"image\":{\"@id\":\"https:\\\/\\\/blackstonegriddles.ca\\\/product\\\/blackstone-pro-series-36in-griddle-cover\\\/#primaryimage\"},\"thumbnailUrl\":\"https:\\\/\\\/blackstonegriddles.ca\\\/wp-content\\\/uploads\\\/2026\\\/03\\\/5646.png\",\"datePublished\":\"2026-03-12T17:34:48+00:00\",\"dateModified\":\"2026-04-06T16:03:13+00:00\",\"breadcrumb\":{\"@id\":\"https:\\\/\\\/blackstonegriddles.ca\\\/product\\\/blackstone-pro-series-36in-griddle-cover\\\/#breadcrumb\"},\"inLanguage\":\"fr-CA\",\"potentialAction\":[{\"@type\":\"ReadAction\",\"target\":[\"https:\\\/\\\/blackstonegriddles.ca\\\/product\\\/blackstone-pro-series-36in-griddle-cover\\\/\"]}]},{\"@type\":\"ImageObject\",\"inLanguage\":\"fr-CA\",\"@id\":\"https:\\\/\\\/blackstonegriddles.ca\\\/product\\\/blackstone-pro-series-36in-griddle-cover\\\/#primaryimage\",\"url\":\"https:\\\/\\\/blackstonegriddles.ca\\\/wp-content\\\/uploads\\\/2026\\\/03\\\/5646.png\",\"contentUrl\":\"https:\\\/\\\/blackstonegriddles.ca\\\/wp-content\\\/uploads\\\/2026\\\/03\\\/5646.png\",\"width\":424,\"height\":297},{\"@type\":\"BreadcrumbList\",\"@id\":\"https:\\\/\\\/blackstonegriddles.ca\\\/product\\\/blackstone-pro-series-36in-griddle-cover\\\/#breadcrumb\",\"itemListElement\":[{\"@type\":\"ListItem\",\"position\":1,\"name\":\"Home\",\"item\":\"https:\\\/\\\/blackstonegriddles.ca\\\/\"},{\"@type\":\"ListItem\",\"position\":2,\"name\":\"Shop\",\"item\":\"https:\\\/\\\/blackstonegriddles.ca\\\/shop\\\/\"},{\"@type\":\"ListItem\",\"position\":3,\"name\":\"Blackstone Pro Series 36in Griddle Cover\"}]},{\"@type\":\"WebSite\",\"@id\":\"https:\\\/\\\/blackstonegriddles.ca\\\/#website\",\"url\":\"https:\\\/\\\/blackstonegriddles.ca\\\/\",\"name\":\"Blackstone Griddles Canada\",\"description\":\"Blackstone Griddles official licensed dealer Canada\",\"publisher\":{\"@id\":\"https:\\\/\\\/blackstonegriddles.ca\\\/#organization\"},\"potentialAction\":[{\"@type\":\"SearchAction\",\"target\":{\"@type\":\"EntryPoint\",\"urlTemplate\":\"https:\\\/\\\/blackstonegriddles.ca\\\/?s={search_term_string}\"},\"query-input\":{\"@type\":\"PropertyValueSpecification\",\"valueRequired\":true,\"valueName\":\"search_term_string\"}}],\"inLanguage\":\"fr-CA\"},{\"@type\":\"Organization\",\"@id\":\"https:\\\/\\\/blackstonegriddles.ca\\\/#organization\",\"name\":\"Blackstone Griddles Canada\",\"url\":\"https:\\\/\\\/blackstonegriddles.ca\\\/\",\"logo\":{\"@type\":\"ImageObject\",\"inLanguage\":\"fr-CA\",\"@id\":\"https:\\\/\\\/blackstonegriddles.ca\\\/#\\\/schema\\\/logo\\\/image\\\/\",\"url\":\"https:\\\/\\\/blackstonegriddles.ca\\\/wp-content\\\/uploads\\\/2025\\\/02\\\/blackstone-fire-logo.webp\",\"contentUrl\":\"https:\\\/\\\/blackstonegriddles.ca\\\/wp-content\\\/uploads\\\/2025\\\/02\\\/blackstone-fire-logo.webp\",\"width\":53,\"height\":58,\"caption\":\"Blackstone Griddles Canada\"},\"image\":{\"@id\":\"https:\\\/\\\/blackstonegriddles.ca\\\/#\\\/schema\\\/logo\\\/image\\\/\"},\"sameAs\":[\"https:\\\/\\\/www.facebook.com\\\/blackstoneproducts\\\/\",\"https:\\\/\\\/x.com\\\/weareblackstone\",\"https:\\\/\\\/www.instagram.com\\\/blackstoneproducts\\\/\",\"https:\\\/\\\/www.youtube.com\\\/channel\\\/UCr39rimir8y3p-q1iQYidVA\"]}]}<\/script>\n<!-- \/ Yoast SEO plugin. -->","yoast_head_json":{"title":"Blackstone Pro Series 36in Griddle Cover - Blackstone Griddles","robots":{"index":"index","follow":"follow","max-snippet":"max-snippet:-1","max-image-preview":"max-image-preview:large","max-video-preview":"max-video-preview:-1"},"canonical":"https:\/\/blackstonegriddles.ca\/fr\/produit\/blackstone-pro-series-36in-griddle-cover\/","og_locale":"fr_CA","og_type":"article","og_title":"Blackstone Pro Series 36in Griddle Cover - Blackstone Griddles","og_description":"Safeguard your Blackstone 36\u201d Pro Series Griddle with this custom-designed 36\" Pro Series Griddle Cover. Crafted from heavy-duty, weather-resistant canvas and featuring reinforced stitching, this cover provides a solid barrier between your griddle and the elements. Durable buckles cinch for a more secure fit around your griddle, ensuring better protection even in windy conditions. Front access zippers allow you to reach your griddle's cabinets without the hassle of removing the entire cover. Enjoy your griddle for years to come by protecting it with this durable and weather resistant 36\u201d Pro Series griddle cover.","og_url":"https:\/\/blackstonegriddles.ca\/fr\/produit\/blackstone-pro-series-36in-griddle-cover\/","og_site_name":"Blackstone Griddles","article_publisher":"https:\/\/www.facebook.com\/blackstoneproducts\/","article_modified_time":"2026-04-06T16:03:13+00:00","og_image":[{"width":424,"height":297,"url":"https:\/\/blackstonegriddles.ca\/wp-content\/uploads\/2026\/03\/5646.png","type":"image\/png"}],"twitter_card":"summary_large_image","twitter_site":"@weareblackstone","twitter_misc":{"Estimation du temps de lecture":"1 minute"},"schema":{"@context":"https:\/\/schema.org","@graph":[{"@type":"WebPage","@id":"https:\/\/blackstonegriddles.ca\/product\/blackstone-pro-series-36in-griddle-cover\/","url":"https:\/\/blackstonegriddles.ca\/product\/blackstone-pro-series-36in-griddle-cover\/","name":"Blackstone Pro Series 36in Griddle Cover - Blackstone Griddles","isPartOf":{"@id":"https:\/\/blackstonegriddles.ca\/#website"},"primaryImageOfPage":{"@id":"https:\/\/blackstonegriddles.ca\/product\/blackstone-pro-series-36in-griddle-cover\/#primaryimage"},"image":{"@id":"https:\/\/blackstonegriddles.ca\/product\/blackstone-pro-series-36in-griddle-cover\/#primaryimage"},"thumbnailUrl":"https:\/\/blackstonegriddles.ca\/wp-content\/uploads\/2026\/03\/5646.png","datePublished":"2026-03-12T17:34:48+00:00","dateModified":"2026-04-06T16:03:13+00:00","breadcrumb":{"@id":"https:\/\/blackstonegriddles.ca\/product\/blackstone-pro-series-36in-griddle-cover\/#breadcrumb"},"inLanguage":"fr-CA","potentialAction":[{"@type":"ReadAction","target":["https:\/\/blackstonegriddles.ca\/product\/blackstone-pro-series-36in-griddle-cover\/"]}]},{"@type":"ImageObject","inLanguage":"fr-CA","@id":"https:\/\/blackstonegriddles.ca\/product\/blackstone-pro-series-36in-griddle-cover\/#primaryimage","url":"https:\/\/blackstonegriddles.ca\/wp-content\/uploads\/2026\/03\/5646.png","contentUrl":"https:\/\/blackstonegriddles.ca\/wp-content\/uploads\/2026\/03\/5646.png","width":424,"height":297},{"@type":"BreadcrumbList","@id":"https:\/\/blackstonegriddles.ca\/product\/blackstone-pro-series-36in-griddle-cover\/#breadcrumb","itemListElement":[{"@type":"ListItem","position":1,"name":"Home","item":"https:\/\/blackstonegriddles.ca\/"},{"@type":"ListItem","position":2,"name":"Shop","item":"https:\/\/blackstonegriddles.ca\/shop\/"},{"@type":"ListItem","position":3,"name":"Blackstone Pro Series 36in Griddle Cover"}]},{"@type":"WebSite","@id":"https:\/\/blackstonegriddles.ca\/#website","url":"https:\/\/blackstonegriddles.ca\/","name":"Grils Blackstone Canada","description":"Blackstone Griddles distributeur officiel agr\u00e9\u00e9 Canada","publisher":{"@id":"https:\/\/blackstonegriddles.ca\/#organization"},"potentialAction":[{"@type":"SearchAction","target":{"@type":"EntryPoint","urlTemplate":"https:\/\/blackstonegriddles.ca\/?s={search_term_string}"},"query-input":{"@type":"PropertyValueSpecification","valueRequired":true,"valueName":"search_term_string"}}],"inLanguage":"fr-CA"},{"@type":"Organization","@id":"https:\/\/blackstonegriddles.ca\/#organization","name":"Grils Blackstone Canada","url":"https:\/\/blackstonegriddles.ca\/","logo":{"@type":"ImageObject","inLanguage":"fr-CA","@id":"https:\/\/blackstonegriddles.ca\/#\/schema\/logo\/image\/","url":"https:\/\/blackstonegriddles.ca\/wp-content\/uploads\/2025\/02\/blackstone-fire-logo.webp","contentUrl":"https:\/\/blackstonegriddles.ca\/wp-content\/uploads\/2025\/02\/blackstone-fire-logo.webp","width":53,"height":58,"caption":"Blackstone Griddles Canada"},"image":{"@id":"https:\/\/blackstonegriddles.ca\/#\/schema\/logo\/image\/"},"sameAs":["https:\/\/www.facebook.com\/blackstoneproducts\/","https:\/\/x.com\/weareblackstone","https:\/\/www.instagram.com\/blackstoneproducts\/","https:\/\/www.youtube.com\/channel\/UCr39rimir8y3p-q1iQYidVA"]}]}},"_links":{"self":[{"href":"https:\/\/blackstonegriddles.ca\/fr\/wp-json\/wp\/v2\/product\/51648","targetHints":{"allow":["GET"]}}],"collection":[{"href":"https:\/\/blackstonegriddles.ca\/fr\/wp-json\/wp\/v2\/product"}],"about":[{"href":"https:\/\/blackstonegriddles.ca\/fr\/wp-json\/wp\/v2\/types\/product"}],"wp:featuredmedia":[{"embeddable":true,"href":"https:\/\/blackstonegriddles.ca\/fr\/wp-json\/wp\/v2\/media\/51649"}],"wp:attachment":[{"href":"https:\/\/blackstonegriddles.ca\/fr\/wp-json\/wp\/v2\/media?parent=51648"}],"wp:term":[{"taxonomy":"product_brand","embeddable":true,"href":"https:\/\/blackstonegriddles.ca\/fr\/wp-json\/wp\/v2\/product_brand?post=51648"},{"taxonomy":"product_cat","embeddable":true,"href":"https:\/\/blackstonegriddles.ca\/fr\/wp-json\/wp\/v2\/product_cat?post=51648"},{"taxonomy":"product_tag","embeddable":true,"href":"https:\/\/blackstonegriddles.ca\/fr\/wp-json\/wp\/v2\/product_tag?post=51648"}],"curies":[{"name":"wp","href":"https:\/\/api.w.org\/{rel}","templated":true}]}}