{"id":52078,"date":"2026-04-29T19:09:49","date_gmt":"2026-04-29T19:09:49","guid":{"rendered":"https:\/\/blackstonegriddles.ca\/?post_type=product&#038;p=52078"},"modified":"2026-04-29T19:11:42","modified_gmt":"2026-04-29T19:11:42","slug":"plancha-gril-a-pellets-de-36-pouces-vertical","status":"publish","type":"product","link":"https:\/\/blackstonegriddles.ca\/fr\/product\/36in-griddle-pellet-combo-vertical\/","title":{"rendered":"Plancha\/Granul\u00e9s Combin\u00e9s Vertical 36 pouces"},"content":{"rendered":"<ul>\n<li data-section-id=\"1soqfuo\" data-start=\"757\" data-end=\"865\"><strong data-start=\"759\" data-end=\"782\">Syst\u00e8me de cuisson double<\/strong><br data-start=\"782\" data-end=\"785\" \/>Combine une plancha de 36 pouces avec un fumoir vertical \u00e0 pellets pour une polyvalence maximale<\/li>\n<li data-section-id=\"ipidxm\" data-start=\"867\" data-end=\"985\"><strong data-start=\"869\" data-end=\"895\">Plaque de gril Omnivore<\/strong><br data-start=\"895\" data-end=\"898\" \/>Assure une distribution uniforme de la chaleur, une efficacit\u00e9 \u00e9nerg\u00e9tique am\u00e9lior\u00e9e et des protections anti-vent int\u00e9gr\u00e9es<\/li>\n<li data-section-id=\"8erf2k\" data-start=\"987\" data-end=\"1081\"><strong data-start=\"989\" data-end=\"1010\">Br\u00fbleurs Omnizone\u2122<\/strong><br data-start=\"1010\" data-end=\"1013\" \/>Fournit une chaleur constante sur toute la surface de cuisson<\/li>\n<li data-section-id=\"1iti7dw\" data-start=\"1083\" data-end=\"1184\"><strong data-start=\"1085\" data-end=\"1116\">Quatre zones de chaleur ind\u00e9pendantes<\/strong><br data-start=\"1116\" data-end=\"1119\" \/>Cuire plusieurs plats \u00e0 des temp\u00e9ratures diff\u00e9rentes simultan\u00e9ment<\/li>\n<li data-section-id=\"s3mk0h\" data-start=\"1186\" data-end=\"1289\"><strong data-start=\"1188\" data-end=\"1231\">Tr\u00e9mie \u00e0 granul\u00e9s de 60 lb avec fen\u00eatre de visualisation<\/strong><br data-start=\"1231\" data-end=\"1234\" \/>R\u00e9duit la fr\u00e9quence de remplissage et permet un suivi facile<\/li>\n<li data-section-id=\"jvttzf\" data-start=\"1291\" data-end=\"1396\"><strong data-start=\"1293\" data-end=\"1318\">Connectivit\u00e9 sans fil<\/strong><br data-start=\"1318\" data-end=\"1321\" \/>Contr\u00f4lez et surveillez votre cuisson \u00e0 distance gr\u00e2ce \u00e0 l'application Blackstone Connect<\/li>\n<li data-section-id=\"1j3mhua\" data-start=\"1398\" data-end=\"1496\"><strong data-start=\"1400\" data-end=\"1426\">Conception de capot renforc\u00e9<\/strong><br data-start=\"1426\" data-end=\"1429\" \/>\u2018Le capot \u00e0 croisillons en \u2019 X \u00bb aide \u00e0 prot\u00e9ger et \u00e0 garder la surface de la plaque de cuisson propre<\/li>\n<li data-section-id=\"1rik24x\" data-start=\"1498\" data-end=\"1590\"><strong data-start=\"1500\" data-end=\"1526\">Espace de cuisson flexible<\/strong><br data-start=\"1526\" data-end=\"1529\" \/>Deux grilles de cuisson XL r\u00e9glables pour un positionnement polyvalent<\/li>\n<li data-section-id=\"90zr7u\" data-start=\"1592\" data-end=\"1700\"><strong data-start=\"1594\" data-end=\"1621\">Pr\u00e9paration et stockage am\u00e9lior\u00e9s<\/strong><br data-start=\"1621\" data-end=\"1624\" \/>\u00c9tag\u00e8re pliante avec crochets et syst\u00e8me BAR pour une configuration d'accessoires personnalisable<\/li>\n<li data-section-id=\"1k0rckx\" data-start=\"1702\" data-end=\"1775\"><strong data-start=\"1704\" data-end=\"1721\">Allumage facile<\/strong><br data-start=\"1721\" data-end=\"1724\" \/>Allumage \u00e9lectrique par bouton-poussoir pour un d\u00e9marrage rapide<\/li>\n<li data-section-id=\"1g44jqa\" data-start=\"1777\" data-end=\"1929\"><strong data-start=\"1779\" data-end=\"1807\">Syst\u00e8me de nettoyage efficace<\/strong>\n<ul data-start=\"1812\" data-end=\"1929\">\n<li data-section-id=\"1gbhq26\" data-start=\"1812\" data-end=\"1859\">Tiroir \u00e0 graisse pour granul\u00e9s et bac d'\u00e9gouttement amovible<\/li>\n<li data-section-id=\"51wj6y\" data-start=\"1862\" data-end=\"1893\">Bac de nettoyage du tiroir \u00e0 cendres du br\u00fbleur<\/li>\n<li data-section-id=\"t0d9ul\" data-start=\"1896\" data-end=\"1929\">Syst\u00e8me de gestion de la graisse \u00e0 l'arri\u00e8re<\/li>\n<\/ul>\n<\/li>\n<li data-section-id=\"gpsuqt\" data-start=\"1931\" data-end=\"2026\"><strong data-start=\"1933\" data-end=\"1958\">Stabilit\u00e9 de la temp\u00e9rature<\/strong><br data-start=\"1958\" data-end=\"1961\" \/>Inclut un plateau d'eau pour maintenir des conditions de cuisson constantes<\/li>\n<li data-section-id=\"1sdbquu\" data-start=\"2028\" data-end=\"2135\"><strong data-start=\"2030\" data-end=\"2054\">Mobilit\u00e9 et Stabilit\u00e9<\/strong><br data-start=\"2054\" data-end=\"2057\" \/>Quatre roulettes pivotantes verrouillables pour un d\u00e9placement facile et un positionnement s\u00fbr<\/li>\n<\/ul>","protected":false},"excerpt":{"rendered":"<p data-start=\"191\" data-end=\"429\">Faites l'exp\u00e9rience d'une polyvalence in\u00e9gal\u00e9e avec le combo gril Blackstone Bronco 36\u201d et fumoir \u00e0 granul\u00e9s vertical. Combinant une plaque de cuisson haute performance avec un fumoir \u00e0 granul\u00e9s vertical, cet appareil vous permet de saisir, fumer, cuire et bien plus encore dans une seule configuration.<\/p>\n<p data-start=\"431\" data-end=\"729\">Dot\u00e9 de la plaque de cuisson Omnivore avanc\u00e9e et de quatre zones de chauffe contr\u00f4l\u00e9es ind\u00e9pendamment, vous pouvez pr\u00e9parer plusieurs plats \u00e0 la fois avec pr\u00e9cision. Une tr\u00e9mie \u00e0 granul\u00e9s de grande capacit\u00e9, une connectivit\u00e9 sans fil et des caract\u00e9ristiques de conception r\u00e9fl\u00e9chies rendent cette unit\u00e9 id\u00e9ale pour la cuisine de tous les jours comme pour recevoir.<\/p>","protected":false},"featured_media":52079,"template":"","meta":[],"product_brand":[],"product_cat":[158],"product_tag":[],"class_list":{"0":"post-52078","1":"product","2":"type-product","3":"status-publish","4":"has-post-thumbnail","6":"product_cat-158","7":"product_shipping_class-36-griddle","9":"first","10":"outofstock","11":"taxable","12":"shipping-taxable","13":"purchasable","14":"product-type-simple"},"yoast_head":"<!-- This site is optimized with the Yoast SEO plugin v27.5 - https:\/\/yoast.com\/product\/yoast-seo-wordpress\/ -->\n<title>36in Griddle\/Pellet Combo Vertical - Blackstone Griddles<\/title>\n<meta name=\"robots\" content=\"index, follow, max-snippet:-1, max-image-preview:large, max-video-preview:-1\" \/>\n<link rel=\"canonical\" href=\"https:\/\/blackstonegriddles.ca\/fr\/produit\/plancha-gril-a-pellets-de-36-pouces-vertical\/\" \/>\n<meta property=\"og:locale\" content=\"fr_CA\" \/>\n<meta property=\"og:type\" content=\"article\" \/>\n<meta property=\"og:title\" content=\"36in Griddle\/Pellet Combo Vertical - Blackstone Griddles\" \/>\n<meta property=\"og:description\" content=\"Experience unmatched versatility with the Blackstone Bronco 36\u201d Griddle &amp; Vertical Pellet Smoker Combo. Combining a high-performance griddle with a vertical pellet smoker, this unit lets you sear, smoke, cook, and more all in one setup. Featuring the advanced Omnivore Griddle Plate and four independently controlled heat zones, you can prepare multiple dishes at once with precision. A large-capacity pellet hopper, wireless connectivity, and thoughtful design features make this unit ideal for both everyday cooking and entertaining.\" \/>\n<meta property=\"og:url\" content=\"https:\/\/blackstonegriddles.ca\/fr\/produit\/plancha-gril-a-pellets-de-36-pouces-vertical\/\" \/>\n<meta property=\"og:site_name\" content=\"Blackstone Griddles\" \/>\n<meta property=\"article:publisher\" content=\"https:\/\/www.facebook.com\/blackstoneproducts\/\" \/>\n<meta property=\"article:modified_time\" content=\"2026-04-29T19:11:42+00:00\" \/>\n<meta property=\"og:image\" content=\"https:\/\/blackstonegriddles.ca\/wp-content\/uploads\/2026\/04\/Pellet-combo-vertical.webp\" \/>\n\t<meta property=\"og:image:width\" content=\"640\" \/>\n\t<meta property=\"og:image:height\" content=\"640\" \/>\n\t<meta property=\"og:image:type\" content=\"image\/webp\" \/>\n<meta name=\"twitter:card\" content=\"summary_large_image\" \/>\n<meta name=\"twitter:site\" content=\"@weareblackstone\" \/>\n<meta name=\"twitter:label1\" content=\"Estimation du temps de lecture\" \/>\n\t<meta name=\"twitter:data1\" content=\"1 minute\" \/>\n<script type=\"application\/ld+json\" class=\"yoast-schema-graph\">{\"@context\":\"https:\\\/\\\/schema.org\",\"@graph\":[{\"@type\":\"WebPage\",\"@id\":\"https:\\\/\\\/blackstonegriddles.ca\\\/product\\\/36in-griddle-pellet-combo-vertical\\\/\",\"url\":\"https:\\\/\\\/blackstonegriddles.ca\\\/product\\\/36in-griddle-pellet-combo-vertical\\\/\",\"name\":\"36in Griddle\\\/Pellet Combo Vertical - Blackstone Griddles\",\"isPartOf\":{\"@id\":\"https:\\\/\\\/blackstonegriddles.ca\\\/#website\"},\"primaryImageOfPage\":{\"@id\":\"https:\\\/\\\/blackstonegriddles.ca\\\/product\\\/36in-griddle-pellet-combo-vertical\\\/#primaryimage\"},\"image\":{\"@id\":\"https:\\\/\\\/blackstonegriddles.ca\\\/product\\\/36in-griddle-pellet-combo-vertical\\\/#primaryimage\"},\"thumbnailUrl\":\"https:\\\/\\\/blackstonegriddles.ca\\\/wp-content\\\/uploads\\\/2026\\\/04\\\/Pellet-combo-vertical.webp\",\"datePublished\":\"2026-04-29T19:09:49+00:00\",\"dateModified\":\"2026-04-29T19:11:42+00:00\",\"breadcrumb\":{\"@id\":\"https:\\\/\\\/blackstonegriddles.ca\\\/product\\\/36in-griddle-pellet-combo-vertical\\\/#breadcrumb\"},\"inLanguage\":\"fr-CA\",\"potentialAction\":[{\"@type\":\"ReadAction\",\"target\":[\"https:\\\/\\\/blackstonegriddles.ca\\\/product\\\/36in-griddle-pellet-combo-vertical\\\/\"]}]},{\"@type\":\"ImageObject\",\"inLanguage\":\"fr-CA\",\"@id\":\"https:\\\/\\\/blackstonegriddles.ca\\\/product\\\/36in-griddle-pellet-combo-vertical\\\/#primaryimage\",\"url\":\"https:\\\/\\\/blackstonegriddles.ca\\\/wp-content\\\/uploads\\\/2026\\\/04\\\/Pellet-combo-vertical.webp\",\"contentUrl\":\"https:\\\/\\\/blackstonegriddles.ca\\\/wp-content\\\/uploads\\\/2026\\\/04\\\/Pellet-combo-vertical.webp\",\"width\":640,\"height\":640,\"caption\":\"Pellet combo vertical\"},{\"@type\":\"BreadcrumbList\",\"@id\":\"https:\\\/\\\/blackstonegriddles.ca\\\/product\\\/36in-griddle-pellet-combo-vertical\\\/#breadcrumb\",\"itemListElement\":[{\"@type\":\"ListItem\",\"position\":1,\"name\":\"Home\",\"item\":\"https:\\\/\\\/blackstonegriddles.ca\\\/\"},{\"@type\":\"ListItem\",\"position\":2,\"name\":\"Shop\",\"item\":\"https:\\\/\\\/blackstonegriddles.ca\\\/shop\\\/\"},{\"@type\":\"ListItem\",\"position\":3,\"name\":\"36in Griddle\\\/Pellet Combo Vertical\"}]},{\"@type\":\"WebSite\",\"@id\":\"https:\\\/\\\/blackstonegriddles.ca\\\/#website\",\"url\":\"https:\\\/\\\/blackstonegriddles.ca\\\/\",\"name\":\"Blackstone Griddles Canada\",\"description\":\"Blackstone Griddles official licensed dealer Canada\",\"publisher\":{\"@id\":\"https:\\\/\\\/blackstonegriddles.ca\\\/#organization\"},\"potentialAction\":[{\"@type\":\"SearchAction\",\"target\":{\"@type\":\"EntryPoint\",\"urlTemplate\":\"https:\\\/\\\/blackstonegriddles.ca\\\/?s={search_term_string}\"},\"query-input\":{\"@type\":\"PropertyValueSpecification\",\"valueRequired\":true,\"valueName\":\"search_term_string\"}}],\"inLanguage\":\"fr-CA\"},{\"@type\":\"Organization\",\"@id\":\"https:\\\/\\\/blackstonegriddles.ca\\\/#organization\",\"name\":\"Blackstone Griddles Canada\",\"url\":\"https:\\\/\\\/blackstonegriddles.ca\\\/\",\"logo\":{\"@type\":\"ImageObject\",\"inLanguage\":\"fr-CA\",\"@id\":\"https:\\\/\\\/blackstonegriddles.ca\\\/#\\\/schema\\\/logo\\\/image\\\/\",\"url\":\"https:\\\/\\\/blackstonegriddles.ca\\\/wp-content\\\/uploads\\\/2025\\\/02\\\/blackstone-fire-logo.webp\",\"contentUrl\":\"https:\\\/\\\/blackstonegriddles.ca\\\/wp-content\\\/uploads\\\/2025\\\/02\\\/blackstone-fire-logo.webp\",\"width\":53,\"height\":58,\"caption\":\"Blackstone Griddles Canada\"},\"image\":{\"@id\":\"https:\\\/\\\/blackstonegriddles.ca\\\/#\\\/schema\\\/logo\\\/image\\\/\"},\"sameAs\":[\"https:\\\/\\\/www.facebook.com\\\/blackstoneproducts\\\/\",\"https:\\\/\\\/x.com\\\/weareblackstone\",\"https:\\\/\\\/www.instagram.com\\\/blackstoneproducts\\\/\",\"https:\\\/\\\/www.youtube.com\\\/channel\\\/UCr39rimir8y3p-q1iQYidVA\"]}]}<\/script>\n<!-- \/ Yoast SEO plugin. -->","yoast_head_json":{"title":"Plancha\/Pellet Combo Vertical 36 pouces - Planchas Blackstone","robots":{"index":"index","follow":"follow","max-snippet":"max-snippet:-1","max-image-preview":"max-image-preview:large","max-video-preview":"max-video-preview:-1"},"canonical":"https:\/\/blackstonegriddles.ca\/fr\/produit\/plancha-gril-a-pellets-de-36-pouces-vertical\/","og_locale":"fr_CA","og_type":"article","og_title":"36in Griddle\/Pellet Combo Vertical - Blackstone Griddles","og_description":"Experience unmatched versatility with the Blackstone Bronco 36\u201d Griddle &amp; Vertical Pellet Smoker Combo. Combining a high-performance griddle with a vertical pellet smoker, this unit lets you sear, smoke, cook, and more all in one setup. Featuring the advanced Omnivore Griddle Plate and four independently controlled heat zones, you can prepare multiple dishes at once with precision. A large-capacity pellet hopper, wireless connectivity, and thoughtful design features make this unit ideal for both everyday cooking and entertaining.","og_url":"https:\/\/blackstonegriddles.ca\/fr\/produit\/plancha-gril-a-pellets-de-36-pouces-vertical\/","og_site_name":"Blackstone Griddles","article_publisher":"https:\/\/www.facebook.com\/blackstoneproducts\/","article_modified_time":"2026-04-29T19:11:42+00:00","og_image":[{"width":640,"height":640,"url":"https:\/\/blackstonegriddles.ca\/wp-content\/uploads\/2026\/04\/Pellet-combo-vertical.webp","type":"image\/webp"}],"twitter_card":"summary_large_image","twitter_site":"@weareblackstone","twitter_misc":{"Estimation du temps de lecture":"1 minute"},"schema":{"@context":"https:\/\/schema.org","@graph":[{"@type":"WebPage","@id":"https:\/\/blackstonegriddles.ca\/product\/36in-griddle-pellet-combo-vertical\/","url":"https:\/\/blackstonegriddles.ca\/product\/36in-griddle-pellet-combo-vertical\/","name":"Plancha\/Pellet Combo Vertical 36 pouces - Planchas Blackstone","isPartOf":{"@id":"https:\/\/blackstonegriddles.ca\/#website"},"primaryImageOfPage":{"@id":"https:\/\/blackstonegriddles.ca\/product\/36in-griddle-pellet-combo-vertical\/#primaryimage"},"image":{"@id":"https:\/\/blackstonegriddles.ca\/product\/36in-griddle-pellet-combo-vertical\/#primaryimage"},"thumbnailUrl":"https:\/\/blackstonegriddles.ca\/wp-content\/uploads\/2026\/04\/Pellet-combo-vertical.webp","datePublished":"2026-04-29T19:09:49+00:00","dateModified":"2026-04-29T19:11:42+00:00","breadcrumb":{"@id":"https:\/\/blackstonegriddles.ca\/product\/36in-griddle-pellet-combo-vertical\/#breadcrumb"},"inLanguage":"fr-CA","potentialAction":[{"@type":"ReadAction","target":["https:\/\/blackstonegriddles.ca\/product\/36in-griddle-pellet-combo-vertical\/"]}]},{"@type":"ImageObject","inLanguage":"fr-CA","@id":"https:\/\/blackstonegriddles.ca\/product\/36in-griddle-pellet-combo-vertical\/#primaryimage","url":"https:\/\/blackstonegriddles.ca\/wp-content\/uploads\/2026\/04\/Pellet-combo-vertical.webp","contentUrl":"https:\/\/blackstonegriddles.ca\/wp-content\/uploads\/2026\/04\/Pellet-combo-vertical.webp","width":640,"height":640,"caption":"Pellet combo vertical"},{"@type":"BreadcrumbList","@id":"https:\/\/blackstonegriddles.ca\/product\/36in-griddle-pellet-combo-vertical\/#breadcrumb","itemListElement":[{"@type":"ListItem","position":1,"name":"Home","item":"https:\/\/blackstonegriddles.ca\/"},{"@type":"ListItem","position":2,"name":"Shop","item":"https:\/\/blackstonegriddles.ca\/shop\/"},{"@type":"ListItem","position":3,"name":"36in Griddle\/Pellet Combo Vertical"}]},{"@type":"WebSite","@id":"https:\/\/blackstonegriddles.ca\/#website","url":"https:\/\/blackstonegriddles.ca\/","name":"Grils Blackstone Canada","description":"Blackstone Griddles distributeur officiel agr\u00e9\u00e9 Canada","publisher":{"@id":"https:\/\/blackstonegriddles.ca\/#organization"},"potentialAction":[{"@type":"SearchAction","target":{"@type":"EntryPoint","urlTemplate":"https:\/\/blackstonegriddles.ca\/?s={search_term_string}"},"query-input":{"@type":"PropertyValueSpecification","valueRequired":true,"valueName":"search_term_string"}}],"inLanguage":"fr-CA"},{"@type":"Organization","@id":"https:\/\/blackstonegriddles.ca\/#organization","name":"Grils Blackstone Canada","url":"https:\/\/blackstonegriddles.ca\/","logo":{"@type":"ImageObject","inLanguage":"fr-CA","@id":"https:\/\/blackstonegriddles.ca\/#\/schema\/logo\/image\/","url":"https:\/\/blackstonegriddles.ca\/wp-content\/uploads\/2025\/02\/blackstone-fire-logo.webp","contentUrl":"https:\/\/blackstonegriddles.ca\/wp-content\/uploads\/2025\/02\/blackstone-fire-logo.webp","width":53,"height":58,"caption":"Blackstone Griddles Canada"},"image":{"@id":"https:\/\/blackstonegriddles.ca\/#\/schema\/logo\/image\/"},"sameAs":["https:\/\/www.facebook.com\/blackstoneproducts\/","https:\/\/x.com\/weareblackstone","https:\/\/www.instagram.com\/blackstoneproducts\/","https:\/\/www.youtube.com\/channel\/UCr39rimir8y3p-q1iQYidVA"]}]}},"_links":{"self":[{"href":"https:\/\/blackstonegriddles.ca\/fr\/wp-json\/wp\/v2\/product\/52078","targetHints":{"allow":["GET"]}}],"collection":[{"href":"https:\/\/blackstonegriddles.ca\/fr\/wp-json\/wp\/v2\/product"}],"about":[{"href":"https:\/\/blackstonegriddles.ca\/fr\/wp-json\/wp\/v2\/types\/product"}],"wp:featuredmedia":[{"embeddable":true,"href":"https:\/\/blackstonegriddles.ca\/fr\/wp-json\/wp\/v2\/media\/52079"}],"wp:attachment":[{"href":"https:\/\/blackstonegriddles.ca\/fr\/wp-json\/wp\/v2\/media?parent=52078"}],"wp:term":[{"taxonomy":"product_brand","embeddable":true,"href":"https:\/\/blackstonegriddles.ca\/fr\/wp-json\/wp\/v2\/product_brand?post=52078"},{"taxonomy":"product_cat","embeddable":true,"href":"https:\/\/blackstonegriddles.ca\/fr\/wp-json\/wp\/v2\/product_cat?post=52078"},{"taxonomy":"product_tag","embeddable":true,"href":"https:\/\/blackstonegriddles.ca\/fr\/wp-json\/wp\/v2\/product_tag?post=52078"}],"curies":[{"name":"wp","href":"https:\/\/api.w.org\/{rel}","templated":true}]}}