{"id":52080,"date":"2026-04-29T19:15:13","date_gmt":"2026-04-29T19:15:13","guid":{"rendered":"https:\/\/blackstonegriddles.ca\/?post_type=product&#038;p=52080"},"modified":"2026-04-29T19:15:52","modified_gmt":"2026-04-29T19:15:52","slug":"gril-a-flamme-nue-bronco","status":"publish","type":"product","link":"https:\/\/blackstonegriddles.ca\/fr\/product\/bronco-open-flame-grill\/","title":{"rendered":"Gril \u00e0 flamme nue Bronco"},"content":{"rendered":"<ul>\n<li data-section-id=\"469a5z\" data-start=\"704\" data-end=\"809\"><strong data-start=\"706\" data-end=\"735\">Syst\u00e8me de cuisson \u00e0 flamme nue<\/strong><br data-start=\"735\" data-end=\"738\" \/>Combine la cuisson traditionnelle au feu avec des caract\u00e9ristiques de performance modernes<\/li>\n<li data-section-id=\"umn3qv\" data-start=\"811\" data-end=\"927\"><strong data-start=\"813\" data-end=\"839\">Doublure en acier inoxydable<\/strong><br data-start=\"839\" data-end=\"842\" \/>L'int\u00e9rieur r\u00e9sistant \u00e0 la corrosion am\u00e9liore la r\u00e9tention de la chaleur pour la cuisson \u00e0 haute temp\u00e9rature<\/li>\n<li data-section-id=\"jxo41w\" data-start=\"929\" data-end=\"1025\"><strong data-start=\"931\" data-end=\"959\">Surface de cuisson spacieuse<\/strong><br data-start=\"959\" data-end=\"962\" \/>Zone de cuisson de 22\u201d x 17\u201d pour pr\u00e9parer plusieurs articles \u00e0 la fois<\/li>\n<li data-section-id=\"1f8l6os\" data-start=\"1027\" data-end=\"1134\"><strong data-start=\"1029\" data-end=\"1056\">Hauteur de grill r\u00e9glable<\/strong><br data-start=\"1056\" data-end=\"1059\" \/>Le verrouillage de la roue du manivelle permet un contr\u00f4le pr\u00e9cis de la distance de cuisson et de la chaleur<\/li>\n<li data-section-id=\"1wq09qq\" data-start=\"1136\" data-end=\"1244\"><strong data-start=\"1138\" data-end=\"1167\">Syst\u00e8me Brasero Int\u00e9gr\u00e9<\/strong><br data-start=\"1167\" data-end=\"1170\" \/>Convertit les b\u00fbches en braises pour une chaleur constante et une saveur fum\u00e9e am\u00e9lior\u00e9e<\/li>\n<li data-section-id=\"6z8d0a\" data-start=\"1246\" data-end=\"1348\"><strong data-start=\"1248\" data-end=\"1268\">Acc\u00e8s facile au feu<\/strong><br data-start=\"1268\" data-end=\"1271\" \/>La porte avant \u00e0 bascule avec verrouillage offre un acc\u00e8s rapide pour entretenir la flamme<\/li>\n<li data-section-id=\"16axghp\" data-start=\"1350\" data-end=\"1435\"><strong data-start=\"1352\" data-end=\"1373\">Ramassage rapide des cendres<\/strong><br data-start=\"1373\" data-end=\"1376\" \/>Le cendrier facile d'acc\u00e8s simplifie le nettoyage et l'entretien<\/li>\n<li data-section-id=\"cqbtfq\" data-start=\"1437\" data-end=\"1539\"><strong data-start=\"1439\" data-end=\"1463\">Mobilit\u00e9 et Stabilit\u00e9<\/strong><br data-start=\"1463\" data-end=\"1466\" \/>Quatre roulettes verrouillables permettent un d\u00e9placement facile et un positionnement s\u00e9curis\u00e9<\/li>\n<li data-section-id=\"1wnlneg\" data-start=\"1541\" data-end=\"1613\"><strong data-start=\"1543\" data-end=\"1567\">Accessoires inclus<\/strong>\n<ul data-start=\"1572\" data-end=\"1613\">\n<li data-section-id=\"gpsqm2\" data-start=\"1572\" data-end=\"1597\">Couverture souple de protection<\/li>\n<li data-section-id=\"1kft0j8\" data-start=\"1600\" data-end=\"1613\">R\u00e2teau \u00e0 charbon<\/li>\n<\/ul>\n<\/li>\n<\/ul>","protected":false},"excerpt":{"rendered":"<p data-start=\"162\" data-end=\"446\">D\u00e9couvrez la grillade traditionnelle au feu avec un contr\u00f4le moderne gr\u00e2ce au gril \u00e0 flamme nue Blackstone Bronco. Con\u00e7u pour des performances \u00e0 haute temp\u00e9rature et une saveur authentique, ce gril combine une construction durable avec une gestion pr\u00e9cise de la temp\u00e9rature pour offrir une v\u00e9ritable exp\u00e9rience de cuisson \u00e0 flamme nue.<\/p>\n<p data-start=\"448\" data-end=\"676\">Du saisir \u00e0 la cuisson lente, le syst\u00e8me de brasero int\u00e9gr\u00e9 transforme les b\u00fbches en braises, cr\u00e9ant une chaleur constante et une saveur fum\u00e9e riche. Con\u00e7u pour la commodit\u00e9 et le contr\u00f4le, ce grill est con\u00e7u pour am\u00e9liorer votre installation de cuisine ext\u00e9rieure.<\/p>","protected":false},"featured_media":52081,"template":"","meta":[],"product_brand":[],"product_cat":[158,15],"product_tag":[],"class_list":{"0":"post-52080","1":"product","2":"type-product","3":"status-publish","4":"has-post-thumbnail","6":"product_cat-158","7":"product_cat-uncategorized","8":"product_shipping_class-36-griddle","10":"first","11":"outofstock","12":"taxable","13":"shipping-taxable","14":"purchasable","15":"product-type-simple"},"yoast_head":"<!-- This site is optimized with the Yoast SEO plugin v27.5 - https:\/\/yoast.com\/product\/yoast-seo-wordpress\/ -->\n<title>Bronco Open Flame Grill - Blackstone Griddles<\/title>\n<meta name=\"robots\" content=\"index, follow, max-snippet:-1, max-image-preview:large, max-video-preview:-1\" \/>\n<link rel=\"canonical\" href=\"https:\/\/blackstonegriddles.ca\/fr\/produit\/gril-a-flamme-nue-bronco\/\" \/>\n<meta property=\"og:locale\" content=\"fr_CA\" \/>\n<meta property=\"og:type\" content=\"article\" \/>\n<meta property=\"og:title\" content=\"Bronco Open Flame Grill - Blackstone Griddles\" \/>\n<meta property=\"og:description\" content=\"Experience traditional fire grilling with modern control using the Blackstone Bronco Open Flame Grill. Built for high-heat performance and authentic flavor, this grill combines durable construction with precise temperature management to deliver a true open-flame cooking experience. From searing to slow cooking, the integrated brasero system turns logs into coals, creating consistent heat and rich, smoky flavor. Designed for convenience and control, this grill is built to elevate your outdoor cooking setup.\" \/>\n<meta property=\"og:url\" content=\"https:\/\/blackstonegriddles.ca\/fr\/produit\/gril-a-flamme-nue-bronco\/\" \/>\n<meta property=\"og:site_name\" content=\"Blackstone Griddles\" \/>\n<meta property=\"article:publisher\" content=\"https:\/\/www.facebook.com\/blackstoneproducts\/\" \/>\n<meta property=\"article:modified_time\" content=\"2026-04-29T19:15:52+00:00\" \/>\n<meta property=\"og:image\" content=\"https:\/\/blackstonegriddles.ca\/wp-content\/uploads\/2026\/04\/Bronco_Open_Flame_Grill_SL_.webp\" \/>\n\t<meta property=\"og:image:width\" content=\"600\" \/>\n\t<meta property=\"og:image:height\" content=\"746\" \/>\n\t<meta property=\"og:image:type\" content=\"image\/webp\" \/>\n<meta name=\"twitter:card\" content=\"summary_large_image\" \/>\n<meta name=\"twitter:site\" content=\"@weareblackstone\" \/>\n<meta name=\"twitter:label1\" content=\"Estimation du temps de lecture\" \/>\n\t<meta name=\"twitter:data1\" content=\"1 minute\" \/>\n<script type=\"application\/ld+json\" class=\"yoast-schema-graph\">{\"@context\":\"https:\\\/\\\/schema.org\",\"@graph\":[{\"@type\":\"WebPage\",\"@id\":\"https:\\\/\\\/blackstonegriddles.ca\\\/product\\\/bronco-open-flame-grill\\\/\",\"url\":\"https:\\\/\\\/blackstonegriddles.ca\\\/product\\\/bronco-open-flame-grill\\\/\",\"name\":\"Bronco Open Flame Grill - Blackstone Griddles\",\"isPartOf\":{\"@id\":\"https:\\\/\\\/blackstonegriddles.ca\\\/#website\"},\"primaryImageOfPage\":{\"@id\":\"https:\\\/\\\/blackstonegriddles.ca\\\/product\\\/bronco-open-flame-grill\\\/#primaryimage\"},\"image\":{\"@id\":\"https:\\\/\\\/blackstonegriddles.ca\\\/product\\\/bronco-open-flame-grill\\\/#primaryimage\"},\"thumbnailUrl\":\"https:\\\/\\\/blackstonegriddles.ca\\\/wp-content\\\/uploads\\\/2026\\\/04\\\/Bronco_Open_Flame_Grill_SL_.webp\",\"datePublished\":\"2026-04-29T19:15:13+00:00\",\"dateModified\":\"2026-04-29T19:15:52+00:00\",\"breadcrumb\":{\"@id\":\"https:\\\/\\\/blackstonegriddles.ca\\\/product\\\/bronco-open-flame-grill\\\/#breadcrumb\"},\"inLanguage\":\"fr-CA\",\"potentialAction\":[{\"@type\":\"ReadAction\",\"target\":[\"https:\\\/\\\/blackstonegriddles.ca\\\/product\\\/bronco-open-flame-grill\\\/\"]}]},{\"@type\":\"ImageObject\",\"inLanguage\":\"fr-CA\",\"@id\":\"https:\\\/\\\/blackstonegriddles.ca\\\/product\\\/bronco-open-flame-grill\\\/#primaryimage\",\"url\":\"https:\\\/\\\/blackstonegriddles.ca\\\/wp-content\\\/uploads\\\/2026\\\/04\\\/Bronco_Open_Flame_Grill_SL_.webp\",\"contentUrl\":\"https:\\\/\\\/blackstonegriddles.ca\\\/wp-content\\\/uploads\\\/2026\\\/04\\\/Bronco_Open_Flame_Grill_SL_.webp\",\"width\":600,\"height\":746,\"caption\":\"-Bronco_Open_Flame_Grill_SL_\"},{\"@type\":\"BreadcrumbList\",\"@id\":\"https:\\\/\\\/blackstonegriddles.ca\\\/product\\\/bronco-open-flame-grill\\\/#breadcrumb\",\"itemListElement\":[{\"@type\":\"ListItem\",\"position\":1,\"name\":\"Home\",\"item\":\"https:\\\/\\\/blackstonegriddles.ca\\\/\"},{\"@type\":\"ListItem\",\"position\":2,\"name\":\"Shop\",\"item\":\"https:\\\/\\\/blackstonegriddles.ca\\\/shop\\\/\"},{\"@type\":\"ListItem\",\"position\":3,\"name\":\"Bronco Open Flame Grill\"}]},{\"@type\":\"WebSite\",\"@id\":\"https:\\\/\\\/blackstonegriddles.ca\\\/#website\",\"url\":\"https:\\\/\\\/blackstonegriddles.ca\\\/\",\"name\":\"Blackstone Griddles Canada\",\"description\":\"Blackstone Griddles official licensed dealer Canada\",\"publisher\":{\"@id\":\"https:\\\/\\\/blackstonegriddles.ca\\\/#organization\"},\"potentialAction\":[{\"@type\":\"SearchAction\",\"target\":{\"@type\":\"EntryPoint\",\"urlTemplate\":\"https:\\\/\\\/blackstonegriddles.ca\\\/?s={search_term_string}\"},\"query-input\":{\"@type\":\"PropertyValueSpecification\",\"valueRequired\":true,\"valueName\":\"search_term_string\"}}],\"inLanguage\":\"fr-CA\"},{\"@type\":\"Organization\",\"@id\":\"https:\\\/\\\/blackstonegriddles.ca\\\/#organization\",\"name\":\"Blackstone Griddles Canada\",\"url\":\"https:\\\/\\\/blackstonegriddles.ca\\\/\",\"logo\":{\"@type\":\"ImageObject\",\"inLanguage\":\"fr-CA\",\"@id\":\"https:\\\/\\\/blackstonegriddles.ca\\\/#\\\/schema\\\/logo\\\/image\\\/\",\"url\":\"https:\\\/\\\/blackstonegriddles.ca\\\/wp-content\\\/uploads\\\/2025\\\/02\\\/blackstone-fire-logo.webp\",\"contentUrl\":\"https:\\\/\\\/blackstonegriddles.ca\\\/wp-content\\\/uploads\\\/2025\\\/02\\\/blackstone-fire-logo.webp\",\"width\":53,\"height\":58,\"caption\":\"Blackstone Griddles Canada\"},\"image\":{\"@id\":\"https:\\\/\\\/blackstonegriddles.ca\\\/#\\\/schema\\\/logo\\\/image\\\/\"},\"sameAs\":[\"https:\\\/\\\/www.facebook.com\\\/blackstoneproducts\\\/\",\"https:\\\/\\\/x.com\\\/weareblackstone\",\"https:\\\/\\\/www.instagram.com\\\/blackstoneproducts\\\/\",\"https:\\\/\\\/www.youtube.com\\\/channel\\\/UCr39rimir8y3p-q1iQYidVA\"]}]}<\/script>\n<!-- \/ Yoast SEO plugin. -->","yoast_head_json":{"title":"Gril \u00e0 flamme vive Bronco - Planchas Blackstone","robots":{"index":"index","follow":"follow","max-snippet":"max-snippet:-1","max-image-preview":"max-image-preview:large","max-video-preview":"max-video-preview:-1"},"canonical":"https:\/\/blackstonegriddles.ca\/fr\/produit\/gril-a-flamme-nue-bronco\/","og_locale":"fr_CA","og_type":"article","og_title":"Bronco Open Flame Grill - Blackstone Griddles","og_description":"Experience traditional fire grilling with modern control using the Blackstone Bronco Open Flame Grill. Built for high-heat performance and authentic flavor, this grill combines durable construction with precise temperature management to deliver a true open-flame cooking experience. From searing to slow cooking, the integrated brasero system turns logs into coals, creating consistent heat and rich, smoky flavor. Designed for convenience and control, this grill is built to elevate your outdoor cooking setup.","og_url":"https:\/\/blackstonegriddles.ca\/fr\/produit\/gril-a-flamme-nue-bronco\/","og_site_name":"Blackstone Griddles","article_publisher":"https:\/\/www.facebook.com\/blackstoneproducts\/","article_modified_time":"2026-04-29T19:15:52+00:00","og_image":[{"width":600,"height":746,"url":"https:\/\/blackstonegriddles.ca\/wp-content\/uploads\/2026\/04\/Bronco_Open_Flame_Grill_SL_.webp","type":"image\/webp"}],"twitter_card":"summary_large_image","twitter_site":"@weareblackstone","twitter_misc":{"Estimation du temps de lecture":"1 minute"},"schema":{"@context":"https:\/\/schema.org","@graph":[{"@type":"WebPage","@id":"https:\/\/blackstonegriddles.ca\/product\/bronco-open-flame-grill\/","url":"https:\/\/blackstonegriddles.ca\/product\/bronco-open-flame-grill\/","name":"Gril \u00e0 flamme vive Bronco - Planchas Blackstone","isPartOf":{"@id":"https:\/\/blackstonegriddles.ca\/#website"},"primaryImageOfPage":{"@id":"https:\/\/blackstonegriddles.ca\/product\/bronco-open-flame-grill\/#primaryimage"},"image":{"@id":"https:\/\/blackstonegriddles.ca\/product\/bronco-open-flame-grill\/#primaryimage"},"thumbnailUrl":"https:\/\/blackstonegriddles.ca\/wp-content\/uploads\/2026\/04\/Bronco_Open_Flame_Grill_SL_.webp","datePublished":"2026-04-29T19:15:13+00:00","dateModified":"2026-04-29T19:15:52+00:00","breadcrumb":{"@id":"https:\/\/blackstonegriddles.ca\/product\/bronco-open-flame-grill\/#breadcrumb"},"inLanguage":"fr-CA","potentialAction":[{"@type":"ReadAction","target":["https:\/\/blackstonegriddles.ca\/product\/bronco-open-flame-grill\/"]}]},{"@type":"ImageObject","inLanguage":"fr-CA","@id":"https:\/\/blackstonegriddles.ca\/product\/bronco-open-flame-grill\/#primaryimage","url":"https:\/\/blackstonegriddles.ca\/wp-content\/uploads\/2026\/04\/Bronco_Open_Flame_Grill_SL_.webp","contentUrl":"https:\/\/blackstonegriddles.ca\/wp-content\/uploads\/2026\/04\/Bronco_Open_Flame_Grill_SL_.webp","width":600,"height":746,"caption":"-Bronco_Open_Flame_Grill_SL_"},{"@type":"BreadcrumbList","@id":"https:\/\/blackstonegriddles.ca\/product\/bronco-open-flame-grill\/#breadcrumb","itemListElement":[{"@type":"ListItem","position":1,"name":"Home","item":"https:\/\/blackstonegriddles.ca\/"},{"@type":"ListItem","position":2,"name":"Shop","item":"https:\/\/blackstonegriddles.ca\/shop\/"},{"@type":"ListItem","position":3,"name":"Bronco Open Flame Grill"}]},{"@type":"WebSite","@id":"https:\/\/blackstonegriddles.ca\/#website","url":"https:\/\/blackstonegriddles.ca\/","name":"Grils Blackstone Canada","description":"Blackstone Griddles distributeur officiel agr\u00e9\u00e9 Canada","publisher":{"@id":"https:\/\/blackstonegriddles.ca\/#organization"},"potentialAction":[{"@type":"SearchAction","target":{"@type":"EntryPoint","urlTemplate":"https:\/\/blackstonegriddles.ca\/?s={search_term_string}"},"query-input":{"@type":"PropertyValueSpecification","valueRequired":true,"valueName":"search_term_string"}}],"inLanguage":"fr-CA"},{"@type":"Organization","@id":"https:\/\/blackstonegriddles.ca\/#organization","name":"Grils Blackstone Canada","url":"https:\/\/blackstonegriddles.ca\/","logo":{"@type":"ImageObject","inLanguage":"fr-CA","@id":"https:\/\/blackstonegriddles.ca\/#\/schema\/logo\/image\/","url":"https:\/\/blackstonegriddles.ca\/wp-content\/uploads\/2025\/02\/blackstone-fire-logo.webp","contentUrl":"https:\/\/blackstonegriddles.ca\/wp-content\/uploads\/2025\/02\/blackstone-fire-logo.webp","width":53,"height":58,"caption":"Blackstone Griddles Canada"},"image":{"@id":"https:\/\/blackstonegriddles.ca\/#\/schema\/logo\/image\/"},"sameAs":["https:\/\/www.facebook.com\/blackstoneproducts\/","https:\/\/x.com\/weareblackstone","https:\/\/www.instagram.com\/blackstoneproducts\/","https:\/\/www.youtube.com\/channel\/UCr39rimir8y3p-q1iQYidVA"]}]}},"_links":{"self":[{"href":"https:\/\/blackstonegriddles.ca\/fr\/wp-json\/wp\/v2\/product\/52080","targetHints":{"allow":["GET"]}}],"collection":[{"href":"https:\/\/blackstonegriddles.ca\/fr\/wp-json\/wp\/v2\/product"}],"about":[{"href":"https:\/\/blackstonegriddles.ca\/fr\/wp-json\/wp\/v2\/types\/product"}],"wp:featuredmedia":[{"embeddable":true,"href":"https:\/\/blackstonegriddles.ca\/fr\/wp-json\/wp\/v2\/media\/52081"}],"wp:attachment":[{"href":"https:\/\/blackstonegriddles.ca\/fr\/wp-json\/wp\/v2\/media?parent=52080"}],"wp:term":[{"taxonomy":"product_brand","embeddable":true,"href":"https:\/\/blackstonegriddles.ca\/fr\/wp-json\/wp\/v2\/product_brand?post=52080"},{"taxonomy":"product_cat","embeddable":true,"href":"https:\/\/blackstonegriddles.ca\/fr\/wp-json\/wp\/v2\/product_cat?post=52080"},{"taxonomy":"product_tag","embeddable":true,"href":"https:\/\/blackstonegriddles.ca\/fr\/wp-json\/wp\/v2\/product_tag?post=52080"}],"curies":[{"name":"wp","href":"https:\/\/api.w.org\/{rel}","templated":true}]}}